{"id":976,"date":"2021-07-14T01:49:03","date_gmt":"2021-07-14T04:49:03","guid":{"rendered":"https:\/\/hnp.org.br\/site2020\/?page_id=976"},"modified":"2021-07-14T01:50:22","modified_gmt":"2021-07-14T04:50:22","slug":"map","status":"publish","type":"page","link":"https:\/\/hnp.org.br\/site2020\/map\/","title":{"rendered":"MAP"},"content":{"rendered":"\t\t<div data-elementor-type=\"wp-page\" data-elementor-id=\"976\" class=\"elementor elementor-976\" data-elementor-post-type=\"page\">\n\t\t\t\t\t\t<section class=\"has_ma_el_bg_slider elementor-section elementor-top-section elementor-element elementor-element-b73eb0d elementor-section-boxed elementor-section-height-default elementor-section-height-default jltma-glass-effect-no\" data-id=\"b73eb0d\" data-element_type=\"section\" data-settings=\"{&quot;background_background&quot;:&quot;classic&quot;}\">\n\t\t\t\t\t\t<div class=\"elementor-container elementor-column-gap-default\">\n\t\t\t\t\t<div class=\"has_ma_el_bg_slider elementor-column elementor-col-100 elementor-top-column elementor-element elementor-element-513fd2a jltma-glass-effect-no\" data-id=\"513fd2a\" data-element_type=\"column\">\n\t\t\t<div class=\"elementor-widget-wrap elementor-element-populated\">\n\t\t\t\t\t\t<div class=\"elementor-element elementor-element-3de58bb jltma-glass-effect-no elementor-widget elementor-widget-heading\" data-id=\"3de58bb\" data-element_type=\"widget\" data-widget_type=\"heading.default\">\n\t\t\t\t<div class=\"elementor-widget-container\">\n\t\t\t\t\t<h1 class=\"elementor-heading-title elementor-size-large\">MAP (gestante)<\/h1>\t\t\t\t<\/div>\n\t\t\t\t<\/div>\n\t\t\t\t\t<\/div>\n\t\t<\/div>\n\t\t\t\t\t<\/div>\n\t\t<\/section>\n\t\t\t\t<section class=\"has_ma_el_bg_slider elementor-section elementor-top-section elementor-element elementor-element-225775b9 elementor-section-boxed elementor-section-height-default elementor-section-height-default jltma-glass-effect-no\" data-id=\"225775b9\" data-element_type=\"section\">\n\t\t\t\t\t\t<div class=\"elementor-container elementor-column-gap-default\">\n\t\t\t\t\t<div class=\"has_ma_el_bg_slider elementor-column elementor-col-100 elementor-top-column elementor-element elementor-element-2b758cc8 jltma-glass-effect-no\" data-id=\"2b758cc8\" data-element_type=\"column\">\n\t\t\t<div class=\"elementor-widget-wrap elementor-element-populated\">\n\t\t\t\t\t\t<div class=\"elementor-element elementor-element-14ae0000 jltma-glass-effect-no elementor-widget elementor-widget-text-editor\" data-id=\"14ae0000\" data-element_type=\"widget\" data-widget_type=\"text-editor.default\">\n\t\t\t\t<div class=\"elementor-widget-container\">\n\t\t\t\t\t\t\t\t\t<ul>\n<li><strong>MAP (gestante)<\/strong><\/li>\n<\/ul>\n<p>O cardiotocografia anteparto (tamb\u00e9m conhecido por MAP) tem a finalidade fazer um registro da atividade card\u00edaca fetal. \u00c9 feito em papel, na forma de tra\u00e7ado, e tamb\u00e9m observa as contra\u00e7\u00f5es uterinas e os movimentos fetais. A realiza\u00e7\u00e3o dura cerca de 30 minutos \u00e9 o exame \u00e9 avaliado pelo m\u00e9dico obstetra.<\/p>\t\t\t\t\t\t\t\t<\/div>\n\t\t\t\t<\/div>\n\t\t\t\t\t<\/div>\n\t\t<\/div>\n\t\t\t\t\t<\/div>\n\t\t<\/section>\n\t\t\t\t<\/div>\n\t\t","protected":false},"excerpt":{"rendered":"<p>MAP (gestante) MAP (gestante) O cardiotocografia anteparto (tamb\u00e9m conhecido por MAP) tem a finalidade fazer um registro da atividade card\u00edaca fetal. \u00c9 feito em papel, na forma de tra\u00e7ado, e tamb\u00e9m observa as contra\u00e7\u00f5es uterinas e os movimentos fetais. A realiza\u00e7\u00e3o dura cerca de 30 minutos \u00e9 o exame \u00e9 avaliado pelo m\u00e9dico obstetra.<\/p>\n","protected":false},"author":2,"featured_media":0,"parent":0,"menu_order":0,"comment_status":"closed","ping_status":"closed","template":"elementor_header_footer","meta":{"_monsterinsights_skip_tracking":false,"_monsterinsights_sitenote_active":false,"_monsterinsights_sitenote_note":"","_monsterinsights_sitenote_category":0,"footnotes":""},"class_list":["post-976","page","type-page","status-publish","hentry"],"aioseo_notices":[],"_links":{"self":[{"href":"https:\/\/hnp.org.br\/site2020\/wp-json\/wp\/v2\/pages\/976","targetHints":{"allow":["GET"]}}],"collection":[{"href":"https:\/\/hnp.org.br\/site2020\/wp-json\/wp\/v2\/pages"}],"about":[{"href":"https:\/\/hnp.org.br\/site2020\/wp-json\/wp\/v2\/types\/page"}],"author":[{"embeddable":true,"href":"https:\/\/hnp.org.br\/site2020\/wp-json\/wp\/v2\/users\/2"}],"replies":[{"embeddable":true,"href":"https:\/\/hnp.org.br\/site2020\/wp-json\/wp\/v2\/comments?post=976"}],"version-history":[{"count":4,"href":"https:\/\/hnp.org.br\/site2020\/wp-json\/wp\/v2\/pages\/976\/revisions"}],"predecessor-version":[{"id":980,"href":"https:\/\/hnp.org.br\/site2020\/wp-json\/wp\/v2\/pages\/976\/revisions\/980"}],"wp:attachment":[{"href":"https:\/\/hnp.org.br\/site2020\/wp-json\/wp\/v2\/media?parent=976"}],"curies":[{"name":"wp","href":"https:\/\/api.w.org\/{rel}","templated":true}]}}