{"id":971,"date":"2021-07-14T01:44:30","date_gmt":"2021-07-14T04:44:30","guid":{"rendered":"https:\/\/hnp.org.br\/site2020\/?page_id=971"},"modified":"2021-07-14T01:47:16","modified_gmt":"2021-07-14T04:47:16","slug":"radiologia","status":"publish","type":"page","link":"https:\/\/hnp.org.br\/site2020\/radiologia\/","title":{"rendered":"Radiologia"},"content":{"rendered":"\t\t<div data-elementor-type=\"wp-page\" data-elementor-id=\"971\" class=\"elementor elementor-971\" data-elementor-post-type=\"page\">\n\t\t\t\t\t\t<section class=\"has_ma_el_bg_slider elementor-section elementor-top-section elementor-element elementor-element-34b908c elementor-section-boxed elementor-section-height-default elementor-section-height-default jltma-glass-effect-no\" data-id=\"34b908c\" data-element_type=\"section\" data-settings=\"{&quot;background_background&quot;:&quot;classic&quot;}\">\n\t\t\t\t\t\t<div class=\"elementor-container elementor-column-gap-default\">\n\t\t\t\t\t<div class=\"has_ma_el_bg_slider elementor-column elementor-col-100 elementor-top-column elementor-element elementor-element-3c6f8f2 jltma-glass-effect-no\" data-id=\"3c6f8f2\" data-element_type=\"column\">\n\t\t\t<div class=\"elementor-widget-wrap elementor-element-populated\">\n\t\t\t\t\t\t<div class=\"elementor-element elementor-element-6d9dc6c jltma-glass-effect-no elementor-widget elementor-widget-heading\" data-id=\"6d9dc6c\" data-element_type=\"widget\" data-widget_type=\"heading.default\">\n\t\t\t\t<div class=\"elementor-widget-container\">\n\t\t\t\t\t<h1 class=\"elementor-heading-title elementor-size-large\">CENTRO DE DIAGN\u00d3STICO POR IMAGEM<\/h1>\t\t\t\t<\/div>\n\t\t\t\t<\/div>\n\t\t\t\t\t<\/div>\n\t\t<\/div>\n\t\t\t\t\t<\/div>\n\t\t<\/section>\n\t\t\t\t<section class=\"has_ma_el_bg_slider elementor-section elementor-top-section elementor-element elementor-element-fcd2e7e elementor-section-boxed elementor-section-height-default elementor-section-height-default jltma-glass-effect-no\" data-id=\"fcd2e7e\" data-element_type=\"section\">\n\t\t\t\t\t\t<div class=\"elementor-container elementor-column-gap-default\">\n\t\t\t\t\t<div class=\"has_ma_el_bg_slider elementor-column elementor-col-100 elementor-top-column elementor-element elementor-element-10339ad jltma-glass-effect-no\" data-id=\"10339ad\" data-element_type=\"column\">\n\t\t\t<div class=\"elementor-widget-wrap elementor-element-populated\">\n\t\t\t\t\t\t<div class=\"elementor-element elementor-element-cea8a6d jltma-glass-effect-no elementor-widget elementor-widget-text-editor\" data-id=\"cea8a6d\" data-element_type=\"widget\" data-widget_type=\"text-editor.default\">\n\t\t\t\t<div class=\"elementor-widget-container\">\n\t\t\t\t\t\t\t\t\t<ul><li><strong>Radiologia<\/strong><\/li><\/ul><p>O setor de radiologia do Hospital Nova Petr\u00f3polis conta com os exames de\u00a0<strong>Raio-X<\/strong>\u00a0e\u00a0<strong>Ultrassonografia<\/strong>\u00a0(ecografia).<\/p><p>O raio-x \u00e9 um exame de imagem que ajuda a identificar e diagnosticar fraturas, deformidades e outros males, como a pneumonia. \u00c9 realizado por um t\u00e9cnico em radiologia e posteriormente as imagens s\u00e3o analisadas por um m\u00e9dico radiologista, que ir\u00e1 emitir um laudo interpretando o exame.<\/p><p><strong>Exames realizados:<\/strong><br \/>&#8211; Abd\u00f4men agudo<br \/>&#8211; Abd\u00f4men simples<br \/>&#8211; Antebra\u00e7o<br \/>&#8211; Articula\u00e7\u00e3o coxofemoral (quadril)<br \/>&#8211; Articula\u00e7\u00e3o escapulo umeral<br \/>&#8211; Articula\u00e7\u00e3o sacro il\u00edacas<br \/>&#8211; Bacia<br \/>&#8211; Bra\u00e7o<br \/>&#8211; Calc\u00e2neo<br \/>&#8211; Cavum<br \/>&#8211; Clav\u00edcula<br \/>&#8211; Coluna cervical<br \/>&#8211; Coluna dorsal<br \/>&#8211; Coluna lombo-sacra<br \/>&#8211; Coluna dorso-lombar para escoliose<br \/>&#8211; Coluna vertebral<br \/>&#8211; Cora\u00e7\u00e3o e vasos da base<br \/>&#8211; Costelas<br \/>&#8211; Cotovelo<br \/>&#8211; Coxa<br \/>&#8211; Cr\u00e2nio<br \/>&#8211; Es\u00f4fago<br \/>&#8211; Esterno<br \/>&#8211; F\u00eamur<br \/>&#8211; Joelho<br \/>&#8211; Mand\u00edbula<br \/>&#8211; M\u00e3o<br \/>&#8211; Maxilar<br \/>&#8211; Mediastino<br \/>&#8211; Ombro<br \/>&#8211; Ossos da face<br \/>&#8211; Ossos do nariz<br \/>&#8211; P\u00e9<br \/>&#8211; Perna<br \/>&#8211; Punho<br \/>&#8211; Sacro c\u00f3ccix<br \/>&#8211; Seios da face<br \/>&#8211; Sela turcica<br \/>&#8211; T\u00f3rax<br \/>&#8211; Tornozelo<br \/>&#8211; Urografia<\/p><p>A\u00a0<strong>ultrassonografia<\/strong>\u00a0\u00e9 um exame que permite produzir imagens de \u00f3rg\u00e3os internos e estruturas do corpo em movimento sem radia\u00e7\u00e3o.<\/p><p>O exame \u00e9 realizado atrav\u00e9s de um transdutor, que ao encostar na pele da pessoa, emite e capta ondas sonoras por meio do contato com o corpo humano. Atrav\u00e9s disso, as imagens s\u00e3o formadas e investigadas pelo m\u00e9dico radiologista. Associada ao doppler, a ultrassonografia possibilita a medi\u00e7\u00e3o da velocidade e o sentido da corrente sangu\u00ednea numa parte espec\u00edfica do corpo.<\/p><p>A ultrassonografia ajuda a avalia\u00e7\u00e3o de \u00f3rg\u00e3os internos, como o f\u00edgado, os rins, o \u00fatero e os ov\u00e1rios. Al\u00e9m disso, ajuda no diagn\u00f3stico de apendicite, c\u00e1lculo nos rins e na ves\u00edcula, les\u00f5es ortop\u00e9dicas, entre outros.<\/p><p>Exames realizados:<\/p><p>&#8211; Abd\u00f4men inferior<br \/>&#8211; Abd\u00f4men superior<br \/>&#8211; Abd\u00f4men total<br \/>&#8211; Aparelho urin\u00e1rio<br \/>&#8211; Articular: ombros, bra\u00e7os, punhos, m\u00e3os, quadris, joelhos, tornozelos, p\u00e9s, entre outros<br \/>&#8211; Bolsa escrotal (simples e com Doppler)<br \/>&#8211; Doppler venoso de membros superiores e inferiores<br \/>&#8211; Gl\u00e2ndulas Salivares<br \/>&#8211; Mamas<br \/>&#8211; M\u00fasculo esquel\u00e9tico<br \/>&#8211; Obst\u00e9trica<br \/>&#8211; Obst\u00e9trica com transluc\u00eancia nucal<br \/>&#8211; Parede abdominal<br \/>&#8211; P\u00e9lvica<br \/>&#8211; Pr\u00f3stata por via abdominal<br \/>&#8211; Pr\u00f3stata por via transretal<br \/>&#8211; Regi\u00e3o cervical<br \/>&#8211; Regi\u00e3o inguinal<br \/>&#8211; Regi\u00e3o umbilical<br \/>&#8211; Tireoide (simples e com Doppler)<br \/>&#8211; Transvaginal<\/p><p>Aten\u00e7\u00e3o:<br \/>&#8211; Os exames s\u00e3o realizados somente agendamento.<br \/>&#8211; Cada ultrassonografia possui um preparo diferente. Ao agendar o exame, \u00e9 importante ficar atento \u00e0s orienta\u00e7\u00f5es, pois elas s\u00e3o fundamentais para a sua realiza\u00e7\u00e3o.<br \/>&#8211; Procure chegar com 15 (quinze) minutos de anteced\u00eancia.<\/p>\t\t\t\t\t\t\t\t<\/div>\n\t\t\t\t<\/div>\n\t\t\t\t\t<\/div>\n\t\t<\/div>\n\t\t\t\t\t<\/div>\n\t\t<\/section>\n\t\t\t\t<\/div>\n\t\t","protected":false},"excerpt":{"rendered":"<p>CENTRO DE DIAGN\u00d3STICO POR IMAGEM Radiologia O setor de radiologia do Hospital Nova Petr\u00f3polis conta com os exames de\u00a0Raio-X\u00a0e\u00a0Ultrassonografia\u00a0(ecografia). O raio-x \u00e9 um exame de imagem que ajuda a identificar e diagnosticar fraturas, deformidades e outros males, como a pneumonia. \u00c9 realizado por um t\u00e9cnico em radiologia e posteriormente as imagens s\u00e3o analisadas por um [&hellip;]<\/p>\n","protected":false},"author":2,"featured_media":0,"parent":0,"menu_order":0,"comment_status":"closed","ping_status":"closed","template":"elementor_header_footer","meta":{"_monsterinsights_skip_tracking":false,"_monsterinsights_sitenote_active":false,"_monsterinsights_sitenote_note":"","_monsterinsights_sitenote_category":0,"footnotes":""},"class_list":["post-971","page","type-page","status-publish","hentry"],"aioseo_notices":[],"_links":{"self":[{"href":"https:\/\/hnp.org.br\/site2020\/wp-json\/wp\/v2\/pages\/971","targetHints":{"allow":["GET"]}}],"collection":[{"href":"https:\/\/hnp.org.br\/site2020\/wp-json\/wp\/v2\/pages"}],"about":[{"href":"https:\/\/hnp.org.br\/site2020\/wp-json\/wp\/v2\/types\/page"}],"author":[{"embeddable":true,"href":"https:\/\/hnp.org.br\/site2020\/wp-json\/wp\/v2\/users\/2"}],"replies":[{"embeddable":true,"href":"https:\/\/hnp.org.br\/site2020\/wp-json\/wp\/v2\/comments?post=971"}],"version-history":[{"count":4,"href":"https:\/\/hnp.org.br\/site2020\/wp-json\/wp\/v2\/pages\/971\/revisions"}],"predecessor-version":[{"id":975,"href":"https:\/\/hnp.org.br\/site2020\/wp-json\/wp\/v2\/pages\/971\/revisions\/975"}],"wp:attachment":[{"href":"https:\/\/hnp.org.br\/site2020\/wp-json\/wp\/v2\/media?parent=971"}],"curies":[{"name":"wp","href":"https:\/\/api.w.org\/{rel}","templated":true}]}}