{"id":960,"date":"2021-07-14T01:43:02","date_gmt":"2021-07-14T04:43:02","guid":{"rendered":"https:\/\/hnp.org.br\/site2020\/?page_id=960"},"modified":"2021-07-14T01:43:37","modified_gmt":"2021-07-14T04:43:37","slug":"analises-clinicas","status":"publish","type":"page","link":"https:\/\/hnp.org.br\/site2020\/analises-clinicas\/","title":{"rendered":"An\u00e1lises Cl\u00ednicas"},"content":{"rendered":"\t\t<div data-elementor-type=\"wp-page\" data-elementor-id=\"960\" class=\"elementor elementor-960\" data-elementor-post-type=\"page\">\n\t\t\t\t\t\t<section class=\"has_ma_el_bg_slider elementor-section elementor-top-section elementor-element elementor-element-1643aa0 elementor-section-boxed elementor-section-height-default elementor-section-height-default jltma-glass-effect-no\" data-id=\"1643aa0\" data-element_type=\"section\" data-settings=\"{&quot;background_background&quot;:&quot;classic&quot;}\">\n\t\t\t\t\t\t<div class=\"elementor-container elementor-column-gap-default\">\n\t\t\t\t\t<div class=\"has_ma_el_bg_slider elementor-column elementor-col-100 elementor-top-column elementor-element elementor-element-9ff3de9 jltma-glass-effect-no\" data-id=\"9ff3de9\" data-element_type=\"column\">\n\t\t\t<div class=\"elementor-widget-wrap elementor-element-populated\">\n\t\t\t\t\t\t<div class=\"elementor-element elementor-element-81d14c1 jltma-glass-effect-no elementor-widget elementor-widget-heading\" data-id=\"81d14c1\" data-element_type=\"widget\" data-widget_type=\"heading.default\">\n\t\t\t\t<div class=\"elementor-widget-container\">\n\t\t\t\t\t<h1 class=\"elementor-heading-title elementor-size-large\">An\u00e1lises Cl\u00ednicas (Laborat\u00f3rio)<\/h1>\t\t\t\t<\/div>\n\t\t\t\t<\/div>\n\t\t\t\t\t<\/div>\n\t\t<\/div>\n\t\t\t\t\t<\/div>\n\t\t<\/section>\n\t\t\t\t<section class=\"has_ma_el_bg_slider elementor-section elementor-top-section elementor-element elementor-element-87e14c3 elementor-section-boxed elementor-section-height-default elementor-section-height-default jltma-glass-effect-no\" data-id=\"87e14c3\" data-element_type=\"section\">\n\t\t\t\t\t\t<div class=\"elementor-container elementor-column-gap-default\">\n\t\t\t\t\t<div class=\"has_ma_el_bg_slider elementor-column elementor-col-100 elementor-top-column elementor-element elementor-element-fbd93b5 jltma-glass-effect-no\" data-id=\"fbd93b5\" data-element_type=\"column\">\n\t\t\t<div class=\"elementor-widget-wrap elementor-element-populated\">\n\t\t\t\t\t\t<div class=\"elementor-element elementor-element-c6cb45e jltma-glass-effect-no elementor-widget elementor-widget-text-editor\" data-id=\"c6cb45e\" data-element_type=\"widget\" data-widget_type=\"text-editor.default\">\n\t\t\t\t<div class=\"elementor-widget-container\">\n\t\t\t\t\t\t\t\t\t<ul><li><strong>An\u00e1lises Cl\u00ednicas (Laborat\u00f3rio)<\/strong><\/li><\/ul><p>Os exames laboratoriais, conhecidos por an\u00e1lises cl\u00ednicas, possuem a finalidade de verificar o estado de sa\u00fade de um paciente ou investigar alguma doen\u00e7a, como os chamados exames de rotina, check-up, entre outros.<\/p><p>A realiza\u00e7\u00e3o requer uma certa aten\u00e7\u00e3o, uma vez que alguns exames exigem o jejum que pode variar de 04 a 12 horas. Por conta disso, \u00e9 sempre importante informar-se antes de realizar o exame, pois o jejum \u00e9 extremamente importante para o resultado final.<\/p><p>Hor\u00e1rios de coleta:<br \/>&#8211; Segunda a sexta-feira: 07:00 \u00e0s 09:30<br \/>&#8211; Exames de urg\u00eancia podem ser realizados em qualquer hor\u00e1rio<\/p><p>A entrega dos resultados pode variar conforme o exame e sua complexidade. Alguns resultados costumam sair no dia seguinte, enquanto outros podem levar at\u00e9 07 dias uteis. Essas informa\u00e7\u00f5es podem ser esclarecidas no ato do atendimento.<\/p>\t\t\t\t\t\t\t\t<\/div>\n\t\t\t\t<\/div>\n\t\t\t\t\t<\/div>\n\t\t<\/div>\n\t\t\t\t\t<\/div>\n\t\t<\/section>\n\t\t\t\t<\/div>\n\t\t","protected":false},"excerpt":{"rendered":"<p>An\u00e1lises Cl\u00ednicas (Laborat\u00f3rio) An\u00e1lises Cl\u00ednicas (Laborat\u00f3rio) Os exames laboratoriais, conhecidos por an\u00e1lises cl\u00ednicas, possuem a finalidade de verificar o estado de sa\u00fade de um paciente ou investigar alguma doen\u00e7a, como os chamados exames de rotina, check-up, entre outros. A realiza\u00e7\u00e3o requer uma certa aten\u00e7\u00e3o, uma vez que alguns exames exigem o jejum que pode variar [&hellip;]<\/p>\n","protected":false},"author":2,"featured_media":0,"parent":0,"menu_order":0,"comment_status":"closed","ping_status":"closed","template":"elementor_header_footer","meta":{"_monsterinsights_skip_tracking":false,"_monsterinsights_sitenote_active":false,"_monsterinsights_sitenote_note":"","_monsterinsights_sitenote_category":0,"footnotes":""},"class_list":["post-960","page","type-page","status-publish","hentry"],"aioseo_notices":[],"_links":{"self":[{"href":"https:\/\/hnp.org.br\/site2020\/wp-json\/wp\/v2\/pages\/960","targetHints":{"allow":["GET"]}}],"collection":[{"href":"https:\/\/hnp.org.br\/site2020\/wp-json\/wp\/v2\/pages"}],"about":[{"href":"https:\/\/hnp.org.br\/site2020\/wp-json\/wp\/v2\/types\/page"}],"author":[{"embeddable":true,"href":"https:\/\/hnp.org.br\/site2020\/wp-json\/wp\/v2\/users\/2"}],"replies":[{"embeddable":true,"href":"https:\/\/hnp.org.br\/site2020\/wp-json\/wp\/v2\/comments?post=960"}],"version-history":[{"count":4,"href":"https:\/\/hnp.org.br\/site2020\/wp-json\/wp\/v2\/pages\/960\/revisions"}],"predecessor-version":[{"id":970,"href":"https:\/\/hnp.org.br\/site2020\/wp-json\/wp\/v2\/pages\/960\/revisions\/970"}],"wp:attachment":[{"href":"https:\/\/hnp.org.br\/site2020\/wp-json\/wp\/v2\/media?parent=960"}],"curies":[{"name":"wp","href":"https:\/\/api.w.org\/{rel}","templated":true}]}}