{"id":954,"date":"2021-07-14T01:40:13","date_gmt":"2021-07-14T04:40:13","guid":{"rendered":"https:\/\/hnp.org.br\/site2020\/?page_id=954"},"modified":"2021-07-14T01:42:59","modified_gmt":"2021-07-14T04:42:59","slug":"eletrocardiograma","status":"publish","type":"page","link":"https:\/\/hnp.org.br\/site2020\/eletrocardiograma\/","title":{"rendered":"Eletrocardiograma"},"content":{"rendered":"\t\t<div data-elementor-type=\"wp-page\" data-elementor-id=\"954\" class=\"elementor elementor-954\" data-elementor-post-type=\"page\">\n\t\t\t\t\t\t<section class=\"has_ma_el_bg_slider elementor-section elementor-top-section elementor-element elementor-element-1d5e81bd elementor-section-boxed elementor-section-height-default elementor-section-height-default jltma-glass-effect-no\" data-id=\"1d5e81bd\" data-element_type=\"section\" data-settings=\"{&quot;background_background&quot;:&quot;classic&quot;}\">\n\t\t\t\t\t\t<div class=\"elementor-container elementor-column-gap-default\">\n\t\t\t\t\t<div class=\"has_ma_el_bg_slider elementor-column elementor-col-100 elementor-top-column elementor-element elementor-element-114c1364 jltma-glass-effect-no\" data-id=\"114c1364\" data-element_type=\"column\">\n\t\t\t<div class=\"elementor-widget-wrap elementor-element-populated\">\n\t\t\t\t\t\t<div class=\"elementor-element elementor-element-7691009 jltma-glass-effect-no elementor-widget elementor-widget-heading\" data-id=\"7691009\" data-element_type=\"widget\" data-widget_type=\"heading.default\">\n\t\t\t\t<div class=\"elementor-widget-container\">\n\t\t\t\t\t<h1 class=\"elementor-heading-title elementor-size-large\">ELETROCARDIOGRAMA<\/h1>\t\t\t\t<\/div>\n\t\t\t\t<\/div>\n\t\t\t\t\t<\/div>\n\t\t<\/div>\n\t\t\t\t\t<\/div>\n\t\t<\/section>\n\t\t\t\t<section class=\"has_ma_el_bg_slider elementor-section elementor-top-section elementor-element elementor-element-7efc94b elementor-section-boxed elementor-section-height-default elementor-section-height-default jltma-glass-effect-no\" data-id=\"7efc94b\" data-element_type=\"section\">\n\t\t\t\t\t\t<div class=\"elementor-container elementor-column-gap-default\">\n\t\t\t\t\t<div class=\"has_ma_el_bg_slider elementor-column elementor-col-100 elementor-top-column elementor-element elementor-element-ebe6400 jltma-glass-effect-no\" data-id=\"ebe6400\" data-element_type=\"column\">\n\t\t\t<div class=\"elementor-widget-wrap elementor-element-populated\">\n\t\t\t\t\t\t<div class=\"elementor-element elementor-element-ab23ae0 jltma-glass-effect-no elementor-widget elementor-widget-text-editor\" data-id=\"ab23ae0\" data-element_type=\"widget\" data-widget_type=\"text-editor.default\">\n\t\t\t\t<div class=\"elementor-widget-container\">\n\t\t\t\t\t\t\t\t\t<ul><li><p><strong>Eletrocardiograma<\/strong><\/p><\/li><\/ul><p>O eletrocardiograma em repouso \u00e9 um exame que mostra a atividade el\u00e9trica do cora\u00e7\u00e3o. Tem o objetivo de analisar o ritmo card\u00edaco, avaliar a condu\u00e7\u00e3o do est\u00edmulo atrav\u00e9s do sistema de condu\u00e7\u00e3o do cora\u00e7\u00e3o e das suas cavidades; avaliar a integridade ou anormalidades do sistema de condu\u00e7\u00e3o, e detectar eventuais sobrecargas das cavidades card\u00edacas e zonas correspondentes \u00e0 aus\u00eancia de atividade el\u00e9trica.<\/p><p>\u00c9 realizado pela equipe de enfermagem e encaminhado para um m\u00e9dico cardiologista que ir\u00e1 avaliar o exame e emitir o laudo.<\/p><p>N\u00e3o \u00e9 necess\u00e1rio nenhum preparo e pode ser realizado de segunda a sexta-feira das 07:00 \u00e0s 18:00, sem necessidade de agendamento. O exame ficar\u00e1 dispon\u00edvel para retirada um dia \u00fatil ap\u00f3s a realiza\u00e7\u00e3o.<\/p>\t\t\t\t\t\t\t\t<\/div>\n\t\t\t\t<\/div>\n\t\t\t\t\t<\/div>\n\t\t<\/div>\n\t\t\t\t\t<\/div>\n\t\t<\/section>\n\t\t\t\t<\/div>\n\t\t","protected":false},"excerpt":{"rendered":"<p>ELETROCARDIOGRAMA Eletrocardiograma O eletrocardiograma em repouso \u00e9 um exame que mostra a atividade el\u00e9trica do cora\u00e7\u00e3o. Tem o objetivo de analisar o ritmo card\u00edaco, avaliar a condu\u00e7\u00e3o do est\u00edmulo atrav\u00e9s do sistema de condu\u00e7\u00e3o do cora\u00e7\u00e3o e das suas cavidades; avaliar a integridade ou anormalidades do sistema de condu\u00e7\u00e3o, e detectar eventuais sobrecargas das cavidades [&hellip;]<\/p>\n","protected":false},"author":2,"featured_media":0,"parent":0,"menu_order":0,"comment_status":"closed","ping_status":"closed","template":"elementor_header_footer","meta":{"_monsterinsights_skip_tracking":false,"_monsterinsights_sitenote_active":false,"_monsterinsights_sitenote_note":"","_monsterinsights_sitenote_category":0,"footnotes":""},"class_list":["post-954","page","type-page","status-publish","hentry"],"aioseo_notices":[],"_links":{"self":[{"href":"https:\/\/hnp.org.br\/site2020\/wp-json\/wp\/v2\/pages\/954","targetHints":{"allow":["GET"]}}],"collection":[{"href":"https:\/\/hnp.org.br\/site2020\/wp-json\/wp\/v2\/pages"}],"about":[{"href":"https:\/\/hnp.org.br\/site2020\/wp-json\/wp\/v2\/types\/page"}],"author":[{"embeddable":true,"href":"https:\/\/hnp.org.br\/site2020\/wp-json\/wp\/v2\/users\/2"}],"replies":[{"embeddable":true,"href":"https:\/\/hnp.org.br\/site2020\/wp-json\/wp\/v2\/comments?post=954"}],"version-history":[{"count":10,"href":"https:\/\/hnp.org.br\/site2020\/wp-json\/wp\/v2\/pages\/954\/revisions"}],"predecessor-version":[{"id":967,"href":"https:\/\/hnp.org.br\/site2020\/wp-json\/wp\/v2\/pages\/954\/revisions\/967"}],"wp:attachment":[{"href":"https:\/\/hnp.org.br\/site2020\/wp-json\/wp\/v2\/media?parent=954"}],"curies":[{"name":"wp","href":"https:\/\/api.w.org\/{rel}","templated":true}]}}