{"id":943,"date":"2021-07-14T01:16:59","date_gmt":"2021-07-14T04:16:59","guid":{"rendered":"https:\/\/hnp.org.br\/site2020\/?page_id=943"},"modified":"2021-07-14T01:27:33","modified_gmt":"2021-07-14T04:27:33","slug":"historico-de-doacoes","status":"publish","type":"page","link":"https:\/\/hnp.org.br\/site2020\/historico-de-doacoes\/","title":{"rendered":"HIST\u00d3RICO DE DOA\u00c7\u00d5ES"},"content":{"rendered":"\t\t<div data-elementor-type=\"wp-page\" data-elementor-id=\"943\" class=\"elementor elementor-943\" data-elementor-post-type=\"page\">\n\t\t\t\t\t\t<section class=\"has_ma_el_bg_slider elementor-section elementor-top-section elementor-element elementor-element-4402be92 elementor-section-boxed elementor-section-height-default elementor-section-height-default jltma-glass-effect-no\" data-id=\"4402be92\" data-element_type=\"section\" data-settings=\"{&quot;background_background&quot;:&quot;classic&quot;}\">\n\t\t\t\t\t\t<div class=\"elementor-container elementor-column-gap-default\">\n\t\t\t\t\t<div class=\"has_ma_el_bg_slider elementor-column elementor-col-100 elementor-top-column elementor-element elementor-element-3568d7be jltma-glass-effect-no\" data-id=\"3568d7be\" data-element_type=\"column\">\n\t\t\t<div class=\"elementor-widget-wrap elementor-element-populated\">\n\t\t\t\t\t\t<div class=\"elementor-element elementor-element-4b023614 jltma-glass-effect-no elementor-widget elementor-widget-heading\" data-id=\"4b023614\" data-element_type=\"widget\" data-widget_type=\"heading.default\">\n\t\t\t\t<div class=\"elementor-widget-container\">\n\t\t\t\t\t<h1 class=\"elementor-heading-title elementor-size-large\">HIST\u00d3RICO DE DOA\u00c7\u00d5ES <\/h1>\t\t\t\t<\/div>\n\t\t\t\t<\/div>\n\t\t\t\t<div class=\"elementor-element elementor-element-4a0b6223 jltma-glass-effect-no elementor-widget elementor-widget-text-editor\" data-id=\"4a0b6223\" data-element_type=\"widget\" data-widget_type=\"text-editor.default\">\n\t\t\t\t<div class=\"elementor-widget-container\">\n\t\t\t\t\t\t\t\t\t<p style=\"text-align: center;\"><span style=\"color: #333333;\">Algumas doa\u00e7\u00f5es feitas<br \/><\/span><\/p>\t\t\t\t\t\t\t\t<\/div>\n\t\t\t\t<\/div>\n\t\t\t\t\t<\/div>\n\t\t<\/div>\n\t\t\t\t\t<\/div>\n\t\t<\/section>\n\t\t\t\t<section class=\"has_ma_el_bg_slider elementor-section elementor-top-section elementor-element elementor-element-50de0f36 elementor-section-boxed elementor-section-height-default elementor-section-height-default jltma-glass-effect-no\" data-id=\"50de0f36\" data-element_type=\"section\">\n\t\t\t\t\t\t<div class=\"elementor-container elementor-column-gap-default\">\n\t\t\t\t\t<div class=\"has_ma_el_bg_slider elementor-column elementor-col-100 elementor-top-column elementor-element elementor-element-339d932a jltma-glass-effect-no\" data-id=\"339d932a\" data-element_type=\"column\">\n\t\t\t<div class=\"elementor-widget-wrap elementor-element-populated\">\n\t\t\t\t\t\t<div class=\"elementor-element elementor-element-108e7a9 jltma-glass-effect-no elementor-widget elementor-widget-image-gallery\" data-id=\"108e7a9\" data-element_type=\"widget\" data-widget_type=\"image-gallery.default\">\n\t\t\t\t<div class=\"elementor-widget-container\">\n\t\t\t\t\t\t\t<div class=\"elementor-image-gallery\">\n\t\t\t<div id='gallery-1' class='gallery galleryid-943 gallery-columns-4 gallery-size-thumbnail'><figure class='gallery-item'>\n\t\t\t<div class='gallery-icon portrait'>\n\t\t\t\t<a data-elementor-open-lightbox=\"yes\" data-elementor-lightbox-slideshow=\"108e7a9\" data-elementor-lightbox-title=\"Doa\u00e7\u00f5es - Aparelho Raio-X M\u00f3vel (Granja Pinheiro)\" data-e-action-hash=\"#elementor-action%3Aaction%3Dlightbox%26settings%3DeyJpZCI6OTQ5LCJ1cmwiOiJodHRwczpcL1wvaG5wLm9yZy5iclwvc2l0ZTIwMjBcL3dwLWNvbnRlbnRcL3VwbG9hZHNcLzIwMjFcLzA3XC9Eb2Fjb2VzLUFwYXJlbGhvLVJhaW8tWC1Nb3ZlbC1HcmFuamEtUGluaGVpcm8uanBnIiwic2xpZGVzaG93IjoiMTA4ZTdhOSJ9\" href='https:\/\/hnp.org.br\/site2020\/wp-content\/uploads\/2021\/07\/Doacoes-Aparelho-Raio-X-Movel-Granja-Pinheiro.jpg'><img decoding=\"async\" width=\"150\" height=\"150\" src=\"https:\/\/hnp.org.br\/site2020\/wp-content\/uploads\/2021\/07\/Doacoes-Aparelho-Raio-X-Movel-Granja-Pinheiro-150x150.jpg\" class=\"attachment-thumbnail size-thumbnail\" alt=\"\" aria-describedby=\"gallery-1-949\" \/><\/a>\n\t\t\t<\/div>\n\t\t\t\t<figcaption class='wp-caption-text gallery-caption' id='gallery-1-949'>\n\t\t\t\tDoa\u00e7\u00f5es &#8211; Aparelho Raio-X M\u00f3vel (Granja Pinheiro)\n\t\t\t\t<\/figcaption><\/figure><figure class='gallery-item'>\n\t\t\t<div class='gallery-icon landscape'>\n\t\t\t\t<a data-elementor-open-lightbox=\"yes\" data-elementor-lightbox-slideshow=\"108e7a9\" data-elementor-lightbox-title=\"Doa\u00e7\u00f5es - 2\" data-e-action-hash=\"#elementor-action%3Aaction%3Dlightbox%26settings%3DeyJpZCI6OTQ4LCJ1cmwiOiJodHRwczpcL1wvaG5wLm9yZy5iclwvc2l0ZTIwMjBcL3dwLWNvbnRlbnRcL3VwbG9hZHNcLzIwMjFcLzA3XC9Eb2Fjb2VzLTIuanBnIiwic2xpZGVzaG93IjoiMTA4ZTdhOSJ9\" href='https:\/\/hnp.org.br\/site2020\/wp-content\/uploads\/2021\/07\/Doacoes-2.jpg'><img decoding=\"async\" width=\"150\" height=\"150\" src=\"https:\/\/hnp.org.br\/site2020\/wp-content\/uploads\/2021\/07\/Doacoes-2-150x150.jpg\" class=\"attachment-thumbnail size-thumbnail\" alt=\"\" \/><\/a>\n\t\t\t<\/div><\/figure><figure class='gallery-item'>\n\t\t\t<div class='gallery-icon landscape'>\n\t\t\t\t<a data-elementor-open-lightbox=\"yes\" data-elementor-lightbox-slideshow=\"108e7a9\" data-elementor-lightbox-title=\"Doa\u00e7\u00f5es - 1\" data-e-action-hash=\"#elementor-action%3Aaction%3Dlightbox%26settings%3DeyJpZCI6OTQ3LCJ1cmwiOiJodHRwczpcL1wvaG5wLm9yZy5iclwvc2l0ZTIwMjBcL3dwLWNvbnRlbnRcL3VwbG9hZHNcLzIwMjFcLzA3XC9Eb2Fjb2VzLTEuanBnIiwic2xpZGVzaG93IjoiMTA4ZTdhOSJ9\" href='https:\/\/hnp.org.br\/site2020\/wp-content\/uploads\/2021\/07\/Doacoes-1.jpg'><img decoding=\"async\" width=\"150\" height=\"150\" src=\"https:\/\/hnp.org.br\/site2020\/wp-content\/uploads\/2021\/07\/Doacoes-1-150x150.jpg\" class=\"attachment-thumbnail size-thumbnail\" alt=\"\" \/><\/a>\n\t\t\t<\/div><\/figure><figure class='gallery-item'>\n\t\t\t<div class='gallery-icon landscape'>\n\t\t\t\t<a data-elementor-open-lightbox=\"yes\" data-elementor-lightbox-slideshow=\"108e7a9\" data-elementor-lightbox-title=\"Doa\u00e7\u00f5es - Materiais e equipamentos (equipe HNP)\" data-e-action-hash=\"#elementor-action%3Aaction%3Dlightbox%26settings%3DeyJpZCI6OTQ2LCJ1cmwiOiJodHRwczpcL1wvaG5wLm9yZy5iclwvc2l0ZTIwMjBcL3dwLWNvbnRlbnRcL3VwbG9hZHNcLzIwMjFcLzA3XC9Eb2Fjb2VzLU1hdGVyaWFpcy1lLWVxdWlwYW1lbnRvcy1lcXVpcGUtSE5QLmpwZyIsInNsaWRlc2hvdyI6IjEwOGU3YTkifQ%3D%3D\" href='https:\/\/hnp.org.br\/site2020\/wp-content\/uploads\/2021\/07\/Doacoes-Materiais-e-equipamentos-equipe-HNP.jpg'><img loading=\"lazy\" decoding=\"async\" width=\"150\" height=\"150\" src=\"https:\/\/hnp.org.br\/site2020\/wp-content\/uploads\/2021\/07\/Doacoes-Materiais-e-equipamentos-equipe-HNP-150x150.jpg\" class=\"attachment-thumbnail size-thumbnail\" alt=\"\" aria-describedby=\"gallery-1-946\" \/><\/a>\n\t\t\t<\/div>\n\t\t\t\t<figcaption class='wp-caption-text gallery-caption' id='gallery-1-946'>\n\t\t\t\tDoa\u00e7\u00f5es &#8211; Materiais e equipamentos (equipe HNP)\n\t\t\t\t<\/figcaption><\/figure><figure class='gallery-item'>\n\t\t\t<div class='gallery-icon landscape'>\n\t\t\t\t<a data-elementor-open-lightbox=\"yes\" data-elementor-lightbox-slideshow=\"108e7a9\" data-elementor-lightbox-title=\"doa\u00e7\u00e3o-de-relogios-sicredi\" data-e-action-hash=\"#elementor-action%3Aaction%3Dlightbox%26settings%3DeyJpZCI6MjYyLCJ1cmwiOiJodHRwczpcL1wvaG5wLm9yZy5iclwvc2l0ZTIwMjBcL3dwLWNvbnRlbnRcL3VwbG9hZHNcLzIwMjBcLzA3XC9kb2FcdTAwZTdcdTAwZTNvLWRlLXJlbG9naW9zLXNpY3JlZGkuanBnIiwic2xpZGVzaG93IjoiMTA4ZTdhOSJ9\" href='https:\/\/hnp.org.br\/site2020\/wp-content\/uploads\/2020\/07\/doa\u00e7\u00e3o-de-relogios-sicredi.jpg'><img loading=\"lazy\" decoding=\"async\" width=\"150\" height=\"150\" src=\"https:\/\/hnp.org.br\/site2020\/wp-content\/uploads\/2020\/07\/doa\u00e7\u00e3o-de-relogios-sicredi-150x150.jpg\" class=\"attachment-thumbnail size-thumbnail\" alt=\"\" \/><\/a>\n\t\t\t<\/div><\/figure><figure class='gallery-item'>\n\t\t\t<div class='gallery-icon landscape'>\n\t\t\t\t<a data-elementor-open-lightbox=\"yes\" data-elementor-lightbox-slideshow=\"108e7a9\" data-elementor-lightbox-title=\"doa\u00e7\u00e3o-de-alimentos-volks-da-serra\" data-e-action-hash=\"#elementor-action%3Aaction%3Dlightbox%26settings%3DeyJpZCI6MjYwLCJ1cmwiOiJodHRwczpcL1wvaG5wLm9yZy5iclwvc2l0ZTIwMjBcL3dwLWNvbnRlbnRcL3VwbG9hZHNcLzIwMjBcLzA3XC9kb2FcdTAwZTdcdTAwZTNvLWRlLWFsaW1lbnRvcy12b2xrcy1kYS1zZXJyYS5qcGciLCJzbGlkZXNob3ciOiIxMDhlN2E5In0%3D\" href='https:\/\/hnp.org.br\/site2020\/wp-content\/uploads\/2020\/07\/doa\u00e7\u00e3o-de-alimentos-volks-da-serra.jpg'><img loading=\"lazy\" decoding=\"async\" width=\"150\" height=\"150\" src=\"https:\/\/hnp.org.br\/site2020\/wp-content\/uploads\/2020\/07\/doa\u00e7\u00e3o-de-alimentos-volks-da-serra-150x150.jpg\" class=\"attachment-thumbnail size-thumbnail\" alt=\"\" \/><\/a>\n\t\t\t<\/div><\/figure><figure class='gallery-item'>\n\t\t\t<div class='gallery-icon landscape'>\n\t\t\t\t<a data-elementor-open-lightbox=\"yes\" data-elementor-lightbox-slideshow=\"108e7a9\" data-elementor-lightbox-title=\"doacao-de-cal\u00e7ados-sticky-shoes\" data-e-action-hash=\"#elementor-action%3Aaction%3Dlightbox%26settings%3DeyJpZCI6MjYxLCJ1cmwiOiJodHRwczpcL1wvaG5wLm9yZy5iclwvc2l0ZTIwMjBcL3dwLWNvbnRlbnRcL3VwbG9hZHNcLzIwMjBcLzA3XC9kb2FjYW8tZGUtY2FsXHUwMGU3YWRvcy1zdGlja3ktc2hvZXMuanBnIiwic2xpZGVzaG93IjoiMTA4ZTdhOSJ9\" href='https:\/\/hnp.org.br\/site2020\/wp-content\/uploads\/2020\/07\/doacao-de-cal\u00e7ados-sticky-shoes.jpg'><img loading=\"lazy\" decoding=\"async\" width=\"150\" height=\"150\" src=\"https:\/\/hnp.org.br\/site2020\/wp-content\/uploads\/2020\/07\/doacao-de-cal\u00e7ados-sticky-shoes-150x150.jpg\" class=\"attachment-thumbnail size-thumbnail\" alt=\"\" \/><\/a>\n\t\t\t<\/div><\/figure><figure class='gallery-item'>\n\t\t\t<div class='gallery-icon landscape'>\n\t\t\t\t<a data-elementor-open-lightbox=\"yes\" data-elementor-lightbox-slideshow=\"108e7a9\" data-elementor-lightbox-title=\"quadro de doa\u00e7\u00f5es_hnp\" data-e-action-hash=\"#elementor-action%3Aaction%3Dlightbox%26settings%3DeyJpZCI6NTk5LCJ1cmwiOiJodHRwczpcL1wvaG5wLm9yZy5iclwvc2l0ZTIwMjBcL3dwLWNvbnRlbnRcL3VwbG9hZHNcLzIwMjBcLzEwXC9xdWFkcm8tZGUtZG9hY29lc19obnAuanBnIiwic2xpZGVzaG93IjoiMTA4ZTdhOSJ9\" href='https:\/\/hnp.org.br\/site2020\/wp-content\/uploads\/2020\/10\/quadro-de-doacoes_hnp.jpg'><img loading=\"lazy\" decoding=\"async\" width=\"150\" height=\"150\" src=\"https:\/\/hnp.org.br\/site2020\/wp-content\/uploads\/2020\/10\/quadro-de-doacoes_hnp-150x150.jpg\" class=\"attachment-thumbnail size-thumbnail\" alt=\"\" \/><\/a>\n\t\t\t<\/div><\/figure>\n\t\t<\/div>\n\t\t<\/div>\n\t\t\t\t\t\t<\/div>\n\t\t\t\t<\/div>\n\t\t\t\t\t<\/div>\n\t\t<\/div>\n\t\t\t\t\t<\/div>\n\t\t<\/section>\n\t\t\t\t<section class=\"has_ma_el_bg_slider elementor-section elementor-top-section elementor-element elementor-element-2ed79a75 elementor-section-boxed elementor-section-height-default elementor-section-height-default jltma-glass-effect-no\" data-id=\"2ed79a75\" data-element_type=\"section\">\n\t\t\t\t\t\t<div class=\"elementor-container elementor-column-gap-default\">\n\t\t\t\t\t<div class=\"has_ma_el_bg_slider elementor-column elementor-col-100 elementor-top-column elementor-element elementor-element-306aab99 jltma-glass-effect-no\" data-id=\"306aab99\" data-element_type=\"column\">\n\t\t\t<div class=\"elementor-widget-wrap elementor-element-populated\">\n\t\t\t\t\t\t<div class=\"elementor-element elementor-element-14cb5f68 jltma-glass-effect-no elementor-widget elementor-widget-spacer\" data-id=\"14cb5f68\" data-element_type=\"widget\" data-widget_type=\"spacer.default\">\n\t\t\t\t<div class=\"elementor-widget-container\">\n\t\t\t\t\t\t\t<div class=\"elementor-spacer\">\n\t\t\t<div class=\"elementor-spacer-inner\"><\/div>\n\t\t<\/div>\n\t\t\t\t\t\t<\/div>\n\t\t\t\t<\/div>\n\t\t\t\t\t<\/div>\n\t\t<\/div>\n\t\t\t\t\t<\/div>\n\t\t<\/section>\n\t\t\t\t<\/div>\n\t\t","protected":false},"excerpt":{"rendered":"<p>HIST\u00d3RICO DE DOA\u00c7\u00d5ES Algumas doa\u00e7\u00f5es feitas Doa\u00e7\u00f5es &#8211; Aparelho Raio-X M\u00f3vel (Granja Pinheiro) Doa\u00e7\u00f5es &#8211; Materiais e equipamentos (equipe HNP)<\/p>\n","protected":false},"author":2,"featured_media":0,"parent":0,"menu_order":0,"comment_status":"closed","ping_status":"closed","template":"elementor_header_footer","meta":{"_monsterinsights_skip_tracking":false,"_monsterinsights_sitenote_active":false,"_monsterinsights_sitenote_note":"","_monsterinsights_sitenote_category":0,"footnotes":""},"class_list":["post-943","page","type-page","status-publish","hentry"],"aioseo_notices":[],"_links":{"self":[{"href":"https:\/\/hnp.org.br\/site2020\/wp-json\/wp\/v2\/pages\/943","targetHints":{"allow":["GET"]}}],"collection":[{"href":"https:\/\/hnp.org.br\/site2020\/wp-json\/wp\/v2\/pages"}],"about":[{"href":"https:\/\/hnp.org.br\/site2020\/wp-json\/wp\/v2\/types\/page"}],"author":[{"embeddable":true,"href":"https:\/\/hnp.org.br\/site2020\/wp-json\/wp\/v2\/users\/2"}],"replies":[{"embeddable":true,"href":"https:\/\/hnp.org.br\/site2020\/wp-json\/wp\/v2\/comments?post=943"}],"version-history":[{"count":5,"href":"https:\/\/hnp.org.br\/site2020\/wp-json\/wp\/v2\/pages\/943\/revisions"}],"predecessor-version":[{"id":952,"href":"https:\/\/hnp.org.br\/site2020\/wp-json\/wp\/v2\/pages\/943\/revisions\/952"}],"wp:attachment":[{"href":"https:\/\/hnp.org.br\/site2020\/wp-json\/wp\/v2\/media?parent=943"}],"curies":[{"name":"wp","href":"https:\/\/api.w.org\/{rel}","templated":true}]}}