{"id":907,"date":"2021-07-14T00:23:27","date_gmt":"2021-07-14T03:23:27","guid":{"rendered":"https:\/\/hnp.org.br\/site2020\/?page_id=907"},"modified":"2021-07-20T23:23:47","modified_gmt":"2021-07-21T02:23:47","slug":"equipe","status":"publish","type":"page","link":"https:\/\/hnp.org.br\/site2020\/equipe\/","title":{"rendered":"Equipe"},"content":{"rendered":"\t\t<div data-elementor-type=\"wp-page\" data-elementor-id=\"907\" class=\"elementor elementor-907\" data-elementor-post-type=\"page\">\n\t\t\t\t\t\t<section class=\"has_ma_el_bg_slider elementor-section elementor-top-section elementor-element elementor-element-a0f1d9a elementor-section-boxed elementor-section-height-default elementor-section-height-default jltma-glass-effect-no\" data-id=\"a0f1d9a\" data-element_type=\"section\" data-settings=\"{&quot;background_background&quot;:&quot;classic&quot;}\">\n\t\t\t\t\t\t<div class=\"elementor-container elementor-column-gap-default\">\n\t\t\t\t\t<div class=\"has_ma_el_bg_slider elementor-column elementor-col-100 elementor-top-column elementor-element elementor-element-f654fe1 jltma-glass-effect-no\" data-id=\"f654fe1\" data-element_type=\"column\">\n\t\t\t<div class=\"elementor-widget-wrap elementor-element-populated\">\n\t\t\t\t\t\t<div class=\"elementor-element elementor-element-d85f8d1 jltma-glass-effect-no elementor-widget elementor-widget-heading\" data-id=\"d85f8d1\" data-element_type=\"widget\" data-widget_type=\"heading.default\">\n\t\t\t\t<div class=\"elementor-widget-container\">\n\t\t\t\t\t<h1 class=\"elementor-heading-title elementor-size-large\">EQUIPE<\/h1>\t\t\t\t<\/div>\n\t\t\t\t<\/div>\n\t\t\t\t<div class=\"elementor-element elementor-element-7b78aea jltma-glass-effect-no elementor-widget elementor-widget-text-editor\" data-id=\"7b78aea\" data-element_type=\"widget\" data-widget_type=\"text-editor.default\">\n\t\t\t\t<div class=\"elementor-widget-container\">\n\t\t\t\t\t\t\t\t\t<p style=\"text-align: center;\"><span style=\"color: #333333;\">Equipe Hospital Nova Petr\u00f3polis<br \/><\/span><\/p>\t\t\t\t\t\t\t\t<\/div>\n\t\t\t\t<\/div>\n\t\t\t\t\t<\/div>\n\t\t<\/div>\n\t\t\t\t\t<\/div>\n\t\t<\/section>\n\t\t\t\t<section class=\"has_ma_el_bg_slider elementor-section elementor-top-section elementor-element elementor-element-d655c00 elementor-section-boxed elementor-section-height-default elementor-section-height-default jltma-glass-effect-no\" data-id=\"d655c00\" data-element_type=\"section\">\n\t\t\t\t\t\t<div class=\"elementor-container elementor-column-gap-default\">\n\t\t\t\t\t<div class=\"has_ma_el_bg_slider elementor-column elementor-col-100 elementor-top-column elementor-element elementor-element-4c76ffc jltma-glass-effect-no\" data-id=\"4c76ffc\" data-element_type=\"column\">\n\t\t\t<div class=\"elementor-widget-wrap elementor-element-populated\">\n\t\t\t\t\t\t<div class=\"elementor-element elementor-element-426933b jltma-glass-effect-no elementor-widget elementor-widget-image\" data-id=\"426933b\" data-element_type=\"widget\" data-widget_type=\"image.default\">\n\t\t\t\t<div class=\"elementor-widget-container\">\n\t\t\t\t\t\t\t\t\t\t\t\t\t\t\t<img fetchpriority=\"high\" decoding=\"async\" width=\"1469\" height=\"720\" src=\"https:\/\/hnp.org.br\/site2020\/wp-content\/uploads\/2021\/07\/Organograma_HNP_2021.jpg\" class=\"attachment-2048x2048 size-2048x2048 wp-image-1057\" alt=\"\" srcset=\"https:\/\/hnp.org.br\/site2020\/wp-content\/uploads\/2021\/07\/Organograma_HNP_2021.jpg 1469w, https:\/\/hnp.org.br\/site2020\/wp-content\/uploads\/2021\/07\/Organograma_HNP_2021-300x147.jpg 300w, https:\/\/hnp.org.br\/site2020\/wp-content\/uploads\/2021\/07\/Organograma_HNP_2021-1024x502.jpg 1024w, https:\/\/hnp.org.br\/site2020\/wp-content\/uploads\/2021\/07\/Organograma_HNP_2021-768x376.jpg 768w\" sizes=\"(max-width: 1469px) 100vw, 1469px\" \/>\t\t\t\t\t\t\t\t\t\t\t\t\t\t\t<\/div>\n\t\t\t\t<\/div>\n\t\t\t\t<div class=\"elementor-element elementor-element-a7dd3d7 jltma-glass-effect-no elementor-widget elementor-widget-heading\" data-id=\"a7dd3d7\" data-element_type=\"widget\" data-widget_type=\"heading.default\">\n\t\t\t\t<div class=\"elementor-widget-container\">\n\t\t\t\t\t<h3 class=\"elementor-heading-title elementor-size-default\">SETORES E RESPONS\u00c1VEIS<\/h3>\t\t\t\t<\/div>\n\t\t\t\t<\/div>\n\t\t\t\t\t<\/div>\n\t\t<\/div>\n\t\t\t\t\t<\/div>\n\t\t<\/section>\n\t\t\t\t<section class=\"has_ma_el_bg_slider elementor-section elementor-top-section elementor-element elementor-element-c2a13c5 elementor-section-boxed elementor-section-height-default elementor-section-height-default jltma-glass-effect-no\" data-id=\"c2a13c5\" data-element_type=\"section\">\n\t\t\t\t\t\t<div class=\"elementor-container elementor-column-gap-default\">\n\t\t\t\t\t<div class=\"has_ma_el_bg_slider elementor-column elementor-col-50 elementor-top-column elementor-element elementor-element-52e6166 jltma-glass-effect-no\" data-id=\"52e6166\" data-element_type=\"column\">\n\t\t\t<div class=\"elementor-widget-wrap elementor-element-populated\">\n\t\t\t\t\t\t<div class=\"elementor-element elementor-element-991575e jltma-glass-effect-no elementor-widget elementor-widget-pp-team-member\" data-id=\"991575e\" data-element_type=\"widget\" data-widget_type=\"pp-team-member.default\">\n\t\t\t\t<div class=\"elementor-widget-container\">\n\t\t\t\t\t\t\t<div class=\"pp-tm-wrapper\">\n\t\t\t<div class=\"pp-tm\">\n\t\t\t\t<div class=\"pp-tm-image\"> \n\t\t\t\t\t\n\t\t\t\t\t\t\t\t\t<\/div>\n\t\t\t\t<div class=\"pp-tm-content pp-tm-content-normal\">\n\t\t\t\t\t\t\t\t\t<h3 class=\"pp-tm-name\">\n\t\t\t\t\t\t&lt;p&gt;&lt;b&gt;Dire\u00e7\u00e3o Administrativa&lt;\/b&gt;&lt;span style=&quot;color: rgb(51, 51, 51); font-family: Raleway, Helvetica, Arial, sans-serif; font-size: 1.25rem; font-weight: 600; white-space: pre-wrap; text-align: center; background-color: rgb(255, 255, 255); display: inline !important; float: none;&quot;&gt;&lt;\/span&gt;&lt;\/p&gt;\t\t\t\t<\/h3>\n\t\t\t\t\t\t\t<div class=\"pp-tm-title-divider-wrap\">\n\t\t\t\t<div class=\"pp-tm-divider pp-tm-title-divider\"><\/div>\n\t\t\t<\/div>\n\t\t\t\t\t\t<div class=\"pp-tm-position\">\n\t\t\t\t<p class=\"MsoNoSpacing\"><span style=\"font-family: var( --e-global-typography-accent-font-family ), Sans-serif;font-weight: var( --e-global-typography-accent-font-weight );font-size: 0.875rem\">Mateus Alexandre Zucolotto<\/span><\/p><p class=\"MsoNoSpacing\"><span style=\"font-family: var( --e-global-typography-accent-font-family ), Sans-serif;font-weight: var( --e-global-typography-accent-font-weight );font-size: 0.875rem\">E-mail: <\/span><a href=\"mailto:hospital@hnp.org.br\" style=\"font-family: var( --e-global-typography-accent-font-family ), Sans-serif;font-weight: var( --e-global-typography-accent-font-weight );font-size: 0.875rem\">hospital@hnp.org.br<\/a><span style=\"font-family: var( --e-global-typography-accent-font-family ), Sans-serif;font-weight: var( --e-global-typography-accent-font-weight );font-size: 0.875rem\"><\/span><\/p>\t\t\t<\/div>\n\t\t\t\t\t\t\t<\/div>\n\t\t\t<\/div>\n\t\t<\/div>\n\t\t\t\t\t\t<\/div>\n\t\t\t\t<\/div>\n\t\t\t\t<div class=\"elementor-element elementor-element-8759440 jltma-glass-effect-no elementor-widget elementor-widget-pp-team-member\" data-id=\"8759440\" data-element_type=\"widget\" data-widget_type=\"pp-team-member.default\">\n\t\t\t\t<div class=\"elementor-widget-container\">\n\t\t\t\t\t\t\t<div class=\"pp-tm-wrapper\">\n\t\t\t<div class=\"pp-tm\">\n\t\t\t\t<div class=\"pp-tm-image\"> \n\t\t\t\t\t\n\t\t\t\t\t\t\t\t\t<\/div>\n\t\t\t\t<div class=\"pp-tm-content pp-tm-content-normal\">\n\t\t\t\t\t\t\t\t\t<h3 class=\"pp-tm-name\">\n\t\t\t\t\t\t&lt;p&gt;&lt;b&gt;Coordena\u00e7\u00e3o Assistencial&lt;\/b&gt;&lt;span style=&quot;font-size: 1.25rem;&quot;&gt;&lt;\/span&gt;&lt;\/p&gt;\t\t\t\t<\/h3>\n\t\t\t\t\t\t\t<div class=\"pp-tm-title-divider-wrap\">\n\t\t\t\t<div class=\"pp-tm-divider pp-tm-title-divider\"><\/div>\n\t\t\t<\/div>\n\t\t\t\t\t\t<div class=\"pp-tm-position\">\n\t\t\t\t<p><span style=\"font-family: var( --e-global-typography-accent-font-family ), Sans-serif;font-weight: var( --e-global-typography-accent-font-weight );font-size: 0.875rem\">Enf\u00aa. Bruna Pozer<\/span><br><\/p><p><\/p><p><span style=\"font-family: var( --e-global-typography-accent-font-family ), Sans-serif;font-weight: var( --e-global-typography-accent-font-weight );font-size: 0.875rem\">E-mail: <\/span><a href=\"mailto:enfermagem@hnp.org.br\" style=\"font-family: var( --e-global-typography-accent-font-family ), Sans-serif;font-weight: var( --e-global-typography-accent-font-weight );font-size: 0.875rem\">enfermagem@hnp.org.br<\/a><span style=\"font-family: var( --e-global-typography-accent-font-family ), Sans-serif;font-weight: var( --e-global-typography-accent-font-weight );font-size: 0.875rem\"><\/span><\/p>\t\t\t<\/div>\n\t\t\t\t\t\t\t<\/div>\n\t\t\t<\/div>\n\t\t<\/div>\n\t\t\t\t\t\t<\/div>\n\t\t\t\t<\/div>\n\t\t\t\t<div class=\"elementor-element elementor-element-fd840ff jltma-glass-effect-no elementor-widget elementor-widget-pp-team-member\" data-id=\"fd840ff\" data-element_type=\"widget\" data-widget_type=\"pp-team-member.default\">\n\t\t\t\t<div class=\"elementor-widget-container\">\n\t\t\t\t\t\t\t<div class=\"pp-tm-wrapper\">\n\t\t\t<div class=\"pp-tm\">\n\t\t\t\t<div class=\"pp-tm-image\"> \n\t\t\t\t\t\n\t\t\t\t\t\t\t\t\t<\/div>\n\t\t\t\t<div class=\"pp-tm-content pp-tm-content-normal\">\n\t\t\t\t\t\t\t\t\t<h3 class=\"pp-tm-name\">\n\t\t\t\t\t\t&lt;p&gt;&lt;b&gt;Financeiro&lt;span style=&quot;font-size: 1.25rem;&quot;&gt;&lt;\/span&gt;&lt;\/b&gt;&lt;\/p&gt;\t\t\t\t<\/h3>\n\t\t\t\t\t\t\t<div class=\"pp-tm-title-divider-wrap\">\n\t\t\t\t<div class=\"pp-tm-divider pp-tm-title-divider\"><\/div>\n\t\t\t<\/div>\n\t\t\t\t\t\t<div class=\"pp-tm-position\">\n\t\t\t\t<p><span style=\"font-family: var( --e-global-typography-accent-font-family ), Sans-serif;font-weight: var( --e-global-typography-accent-font-weight );font-size: 0.875rem\">Sofia Bratz de Castro<\/span><\/p><p><span style=\"font-size:11.0pt;line-height:107%;,sans-serif\">E-mail: <a href=\"mailto:financeiro@hnp.org.br\">financeiro@hnp.org.br<\/a><\/span><span style=\"font-family: var( --e-global-typography-accent-font-family ), Sans-serif;font-weight: var( --e-global-typography-accent-font-weight );font-size: 0.875rem\"><\/span><\/p>\t\t\t<\/div>\n\t\t\t\t\t\t\t<\/div>\n\t\t\t<\/div>\n\t\t<\/div>\n\t\t\t\t\t\t<\/div>\n\t\t\t\t<\/div>\n\t\t\t\t<div class=\"elementor-element elementor-element-00d3bbe jltma-glass-effect-no elementor-widget elementor-widget-pp-team-member\" data-id=\"00d3bbe\" data-element_type=\"widget\" data-widget_type=\"pp-team-member.default\">\n\t\t\t\t<div class=\"elementor-widget-container\">\n\t\t\t\t\t\t\t<div class=\"pp-tm-wrapper\">\n\t\t\t<div class=\"pp-tm\">\n\t\t\t\t<div class=\"pp-tm-image\"> \n\t\t\t\t\t\n\t\t\t\t\t\t\t\t\t<\/div>\n\t\t\t\t<div class=\"pp-tm-content pp-tm-content-normal\">\n\t\t\t\t\t\t\t\t\t<h3 class=\"pp-tm-name\">\n\t\t\t\t\t\t&lt;p&gt;&lt;b&gt;&lt;span style=&quot;font-size: 1.25rem;&quot;&gt;Servi\u00e7o de Nutri\u00e7\u00e3o e Diet\u00e9tica&lt;\/span&gt;&lt;\/b&gt;&lt;span style=&quot;font-size: 1.25rem;&quot;&gt;&lt;\/span&gt;&lt;\/p&gt;\t\t\t\t<\/h3>\n\t\t\t\t\t\t\t<div class=\"pp-tm-title-divider-wrap\">\n\t\t\t\t<div class=\"pp-tm-divider pp-tm-title-divider\"><\/div>\n\t\t\t<\/div>\n\t\t\t\t\t\t<div class=\"pp-tm-position\">\n\t\t\t\t<p>Tamara T. S. Sornberger<\/p><p>E-mail: <a href=\"mailto:nutricao@hnp.org.br\">nutricao@hnp.org.br<\/a><span style=\"font-family: var( --e-global-typography-accent-font-family ), Sans-serif;font-size: 0.875rem;font-weight: var( --e-global-typography-accent-font-weight )\"><\/span><\/p>\t\t\t<\/div>\n\t\t\t\t\t\t\t<\/div>\n\t\t\t<\/div>\n\t\t<\/div>\n\t\t\t\t\t\t<\/div>\n\t\t\t\t<\/div>\n\t\t\t\t<div class=\"elementor-element elementor-element-96fc784 jltma-glass-effect-no elementor-widget elementor-widget-pp-team-member\" data-id=\"96fc784\" data-element_type=\"widget\" data-widget_type=\"pp-team-member.default\">\n\t\t\t\t<div class=\"elementor-widget-container\">\n\t\t\t\t\t\t\t<div class=\"pp-tm-wrapper\">\n\t\t\t<div class=\"pp-tm\">\n\t\t\t\t<div class=\"pp-tm-image\"> \n\t\t\t\t\t\n\t\t\t\t\t\t\t\t\t<\/div>\n\t\t\t\t<div class=\"pp-tm-content pp-tm-content-normal\">\n\t\t\t\t\t\t\t\t\t<h3 class=\"pp-tm-name\">\n\t\t\t\t\t\t&lt;p&gt;&lt;b&gt;&lt;span style=&quot;font-size: 1.25rem;&quot;&gt;Recursos Humanos&lt;\/span&gt;&lt;\/b&gt;&lt;span style=&quot;font-size: 1.25rem;&quot;&gt;&lt;\/span&gt;&lt;\/p&gt;\t\t\t\t<\/h3>\n\t\t\t\t\t\t\t<div class=\"pp-tm-title-divider-wrap\">\n\t\t\t\t<div class=\"pp-tm-divider pp-tm-title-divider\"><\/div>\n\t\t\t<\/div>\n\t\t\t\t\t\t<div class=\"pp-tm-position\">\n\t\t\t\t<p>Sulma Resquim<\/p><p><span style=\"font-family: var( --e-global-typography-accent-font-family ), Sans-serif;font-weight: var( --e-global-typography-accent-font-weight );font-size: 0.875rem\">E-mail: <\/span><a href=\"mailto:rh@hnp.org.br\" style=\"font-family: var( --e-global-typography-accent-font-family ), Sans-serif;font-weight: var( --e-global-typography-accent-font-weight );font-size: 0.875rem\">rh@hnp.org.br<\/a><span style=\"font-family: var( --e-global-typography-accent-font-family ), Sans-serif;font-weight: var( --e-global-typography-accent-font-weight );font-size: 0.875rem\"><\/span><\/p>\t\t\t<\/div>\n\t\t\t\t\t\t\t<\/div>\n\t\t\t<\/div>\n\t\t<\/div>\n\t\t\t\t\t\t<\/div>\n\t\t\t\t<\/div>\n\t\t\t\t\t<\/div>\n\t\t<\/div>\n\t\t\t\t<div class=\"has_ma_el_bg_slider elementor-column elementor-col-50 elementor-top-column elementor-element elementor-element-851b322 jltma-glass-effect-no\" data-id=\"851b322\" data-element_type=\"column\">\n\t\t\t<div class=\"elementor-widget-wrap elementor-element-populated\">\n\t\t\t\t\t\t<div class=\"elementor-element elementor-element-166cf89 jltma-glass-effect-no elementor-widget elementor-widget-pp-team-member\" data-id=\"166cf89\" data-element_type=\"widget\" data-widget_type=\"pp-team-member.default\">\n\t\t\t\t<div class=\"elementor-widget-container\">\n\t\t\t\t\t\t\t<div class=\"pp-tm-wrapper\">\n\t\t\t<div class=\"pp-tm\">\n\t\t\t\t<div class=\"pp-tm-image\"> \n\t\t\t\t\t\n\t\t\t\t\t\t\t\t\t<\/div>\n\t\t\t\t<div class=\"pp-tm-content pp-tm-content-normal\">\n\t\t\t\t\t\t\t\t\t<h3 class=\"pp-tm-name\">\n\t\t\t\t\t\t&lt;p&gt;&lt;b&gt;Coordena\u00e7\u00e3o Administrativa&lt;\/b&gt;&lt;span style=&quot;font-size: 1.25rem;&quot;&gt;&lt;\/span&gt;&lt;\/p&gt;\t\t\t\t<\/h3>\n\t\t\t\t\t\t\t<div class=\"pp-tm-title-divider-wrap\">\n\t\t\t\t<div class=\"pp-tm-divider pp-tm-title-divider\"><\/div>\n\t\t\t<\/div>\n\t\t\t\t\t\t<div class=\"pp-tm-position\">\n\t\t\t\t<p><span style=\"font-family: var( --e-global-typography-accent-font-family ), Sans-serif;font-weight: var( --e-global-typography-accent-font-weight );font-size: 0.875rem\">Rosana M. Wollmann<\/span><\/p><p>E-mail: <a href=\"mailto:ca@hnp.org.br\">ca@hnp.org.br<\/a><span style=\"font-family: var( --e-global-typography-accent-font-family ), Sans-serif;font-weight: var( --e-global-typography-accent-font-weight );font-size: 0.875rem\"><\/span><\/p>\t\t\t<\/div>\n\t\t\t\t\t\t\t<\/div>\n\t\t\t<\/div>\n\t\t<\/div>\n\t\t\t\t\t\t<\/div>\n\t\t\t\t<\/div>\n\t\t\t\t<div class=\"elementor-element elementor-element-b423f50 jltma-glass-effect-no elementor-widget elementor-widget-pp-team-member\" data-id=\"b423f50\" data-element_type=\"widget\" data-widget_type=\"pp-team-member.default\">\n\t\t\t\t<div class=\"elementor-widget-container\">\n\t\t\t\t\t\t\t<div class=\"pp-tm-wrapper\">\n\t\t\t<div class=\"pp-tm\">\n\t\t\t\t<div class=\"pp-tm-image\"> \n\t\t\t\t\t\n\t\t\t\t\t\t\t\t\t<\/div>\n\t\t\t\t<div class=\"pp-tm-content pp-tm-content-normal\">\n\t\t\t\t\t\t\t\t\t<h3 class=\"pp-tm-name\">\n\t\t\t\t\t\t&lt;p&gt;&lt;b style=&quot;font-size: 1.25rem;&quot;&gt;Faturamento e Credenciamento (M\u00e9dico e Servi\u00e7os)&lt;\/b&gt;&lt;span style=&quot;font-size: 1.25rem;&quot;&gt;&lt;\/span&gt;&lt;\/p&gt;\t\t\t\t<\/h3>\n\t\t\t\t\t\t\t<div class=\"pp-tm-title-divider-wrap\">\n\t\t\t\t<div class=\"pp-tm-divider pp-tm-title-divider\"><\/div>\n\t\t\t<\/div>\n\t\t\t\t\t\t<div class=\"pp-tm-position\">\n\t\t\t\t<p>Henrique Gomes<\/p><p><span style=\"font-family: var( --e-global-typography-accent-font-family ), Sans-serif;font-weight: var( --e-global-typography-accent-font-weight );font-size: 0.875rem\">E-mail: <\/span><a href=\"mailto:faturamento@hnp.org.br\" style=\"font-family: var( --e-global-typography-accent-font-family ), Sans-serif;font-weight: var( --e-global-typography-accent-font-weight );font-size: 0.875rem\">faturamento@hnp.org.br<\/a><span style=\"font-family: var( --e-global-typography-accent-font-family ), Sans-serif;font-weight: var( --e-global-typography-accent-font-weight );font-size: 0.875rem\"><\/span><\/p>\t\t\t<\/div>\n\t\t\t\t\t\t\t<\/div>\n\t\t\t<\/div>\n\t\t<\/div>\n\t\t\t\t\t\t<\/div>\n\t\t\t\t<\/div>\n\t\t\t\t<div class=\"elementor-element elementor-element-303d284 jltma-glass-effect-no elementor-widget elementor-widget-pp-team-member\" data-id=\"303d284\" data-element_type=\"widget\" data-widget_type=\"pp-team-member.default\">\n\t\t\t\t<div class=\"elementor-widget-container\">\n\t\t\t\t\t\t\t<div class=\"pp-tm-wrapper\">\n\t\t\t<div class=\"pp-tm\">\n\t\t\t\t<div class=\"pp-tm-image\"> \n\t\t\t\t\t\n\t\t\t\t\t\t\t\t\t<\/div>\n\t\t\t\t<div class=\"pp-tm-content pp-tm-content-normal\">\n\t\t\t\t\t\t\t\t\t<h3 class=\"pp-tm-name\">\n\t\t\t\t\t\t&lt;p&gt;&lt;b style=&quot;font-size: 1.25rem;&quot;&gt;Farm\u00e1cia e Compras&lt;\/b&gt;&lt;span style=&quot;font-size: 1.25rem;&quot;&gt;&lt;\/span&gt;&lt;\/p&gt;\t\t\t\t<\/h3>\n\t\t\t\t\t\t\t<div class=\"pp-tm-title-divider-wrap\">\n\t\t\t\t<div class=\"pp-tm-divider pp-tm-title-divider\"><\/div>\n\t\t\t<\/div>\n\t\t\t\t\t\t<div class=\"pp-tm-position\">\n\t\t\t\t<p>Emilia Lucas<\/p><p>E-mail: <a href=\"mailto:farmacia1@hnp.org.br\">farmacia1@hnp.org.br<\/a>\ne <a href=\"mailto:compras1@hnp.org.br\">compras1@hnp.org.br<\/a><span style=\"font-family: var( --e-global-typography-accent-font-family ), Sans-serif;font-weight: var( --e-global-typography-accent-font-weight );font-size: 0.875rem\"><\/span><\/p>\t\t\t<\/div>\n\t\t\t\t\t\t\t<\/div>\n\t\t\t<\/div>\n\t\t<\/div>\n\t\t\t\t\t\t<\/div>\n\t\t\t\t<\/div>\n\t\t\t\t<div class=\"elementor-element elementor-element-c49f98b jltma-glass-effect-no elementor-widget elementor-widget-pp-team-member\" data-id=\"c49f98b\" data-element_type=\"widget\" data-widget_type=\"pp-team-member.default\">\n\t\t\t\t<div class=\"elementor-widget-container\">\n\t\t\t\t\t\t\t<div class=\"pp-tm-wrapper\">\n\t\t\t<div class=\"pp-tm\">\n\t\t\t\t<div class=\"pp-tm-image\"> \n\t\t\t\t\t\n\t\t\t\t\t\t\t\t\t<\/div>\n\t\t\t\t<div class=\"pp-tm-content pp-tm-content-normal\">\n\t\t\t\t\t\t\t\t\t<h3 class=\"pp-tm-name\">\n\t\t\t\t\t\t&lt;p&gt;&lt;b&gt;&lt;span style=&quot;font-size: 1.25rem;&quot;&gt;Radiologia \u2013 Digita\u00e7\u00e3o&lt;\/span&gt;&lt;\/b&gt;&lt;span style=&quot;font-size: 1.25rem;&quot;&gt;&lt;\/span&gt;&lt;\/p&gt;\t\t\t\t<\/h3>\n\t\t\t\t\t\t\t<div class=\"pp-tm-title-divider-wrap\">\n\t\t\t\t<div class=\"pp-tm-divider pp-tm-title-divider\"><\/div>\n\t\t\t<\/div>\n\t\t\t\t\t\t<div class=\"pp-tm-position\">\n\t\t\t\t<p>Eduardo Luiz Ritter<\/p><p><span style=\"font-family: var( --e-global-typography-accent-font-family ), Sans-serif;font-weight: var( --e-global-typography-accent-font-weight );font-size: 0.875rem\">E-mail: <\/span><a href=\"mailto:digitacao@hnp.org.br\" style=\"font-family: var( --e-global-typography-accent-font-family ), Sans-serif;font-weight: var( --e-global-typography-accent-font-weight );font-size: 0.875rem\">digitacao@hnp.org.br<\/a><span style=\"font-family: var( --e-global-typography-accent-font-family ), Sans-serif;font-weight: var( --e-global-typography-accent-font-weight );font-size: 0.875rem\"><\/span><\/p>\t\t\t<\/div>\n\t\t\t\t\t\t\t<\/div>\n\t\t\t<\/div>\n\t\t<\/div>\n\t\t\t\t\t\t<\/div>\n\t\t\t\t<\/div>\n\t\t\t\t\t<\/div>\n\t\t<\/div>\n\t\t\t\t\t<\/div>\n\t\t<\/section>\n\t\t\t\t<section class=\"has_ma_el_bg_slider elementor-section elementor-top-section elementor-element elementor-element-2dfd73f elementor-section-boxed elementor-section-height-default elementor-section-height-default jltma-glass-effect-no\" data-id=\"2dfd73f\" data-element_type=\"section\">\n\t\t\t\t\t\t<div class=\"elementor-container elementor-column-gap-default\">\n\t\t\t\t\t\t<\/div>\n\t\t<\/section>\n\t\t\t\t<section class=\"has_ma_el_bg_slider elementor-section elementor-top-section elementor-element elementor-element-bb16f45 elementor-section-boxed elementor-section-height-default elementor-section-height-default jltma-glass-effect-no\" data-id=\"bb16f45\" data-element_type=\"section\">\n\t\t\t\t\t\t<div class=\"elementor-container elementor-column-gap-default\">\n\t\t\t\t\t\t<\/div>\n\t\t<\/section>\n\t\t\t\t<\/div>\n\t\t","protected":false},"excerpt":{"rendered":"<p>EQUIPE Equipe Hospital Nova Petr\u00f3polis SETORES E RESPONS\u00c1VEIS Dire\u00e7\u00e3o Administrativa Mateus Alexandre Zucolotto E-mail: hospital@hnp.org.br Coordena\u00e7\u00e3o Assistencial Enf\u00aa. Bruna Pozer E-mail: enfermagem@hnp.org.br Financeiro Sofia Bratz de Castro E-mail: financeiro@hnp.org.br Servi\u00e7o de Nutri\u00e7\u00e3o e Diet\u00e9tica Tamara T. S. Sornberger E-mail: nutricao@hnp.org.br Recursos Humanos Sulma Resquim E-mail: rh@hnp.org.br Coordena\u00e7\u00e3o Administrativa Rosana M. Wollmann E-mail: ca@hnp.org.br Faturamento e [&hellip;]<\/p>\n","protected":false},"author":2,"featured_media":0,"parent":0,"menu_order":0,"comment_status":"closed","ping_status":"closed","template":"template-fullwidth-stretched.php","meta":{"_monsterinsights_skip_tracking":false,"_monsterinsights_sitenote_active":false,"_monsterinsights_sitenote_note":"","_monsterinsights_sitenote_category":0,"footnotes":""},"class_list":["post-907","page","type-page","status-publish","hentry"],"aioseo_notices":[],"_links":{"self":[{"href":"https:\/\/hnp.org.br\/site2020\/wp-json\/wp\/v2\/pages\/907","targetHints":{"allow":["GET"]}}],"collection":[{"href":"https:\/\/hnp.org.br\/site2020\/wp-json\/wp\/v2\/pages"}],"about":[{"href":"https:\/\/hnp.org.br\/site2020\/wp-json\/wp\/v2\/types\/page"}],"author":[{"embeddable":true,"href":"https:\/\/hnp.org.br\/site2020\/wp-json\/wp\/v2\/users\/2"}],"replies":[{"embeddable":true,"href":"https:\/\/hnp.org.br\/site2020\/wp-json\/wp\/v2\/comments?post=907"}],"version-history":[{"count":12,"href":"https:\/\/hnp.org.br\/site2020\/wp-json\/wp\/v2\/pages\/907\/revisions"}],"predecessor-version":[{"id":1063,"href":"https:\/\/hnp.org.br\/site2020\/wp-json\/wp\/v2\/pages\/907\/revisions\/1063"}],"wp:attachment":[{"href":"https:\/\/hnp.org.br\/site2020\/wp-json\/wp\/v2\/media?parent=907"}],"curies":[{"name":"wp","href":"https:\/\/api.w.org\/{rel}","templated":true}]}}