{"id":861,"date":"2021-07-13T23:06:56","date_gmt":"2021-07-14T02:06:56","guid":{"rendered":"https:\/\/hnp.org.br\/site2020\/?page_id=861"},"modified":"2021-07-13T23:28:12","modified_gmt":"2021-07-14T02:28:12","slug":"nota-fiscal-gaucha","status":"publish","type":"page","link":"https:\/\/hnp.org.br\/site2020\/nota-fiscal-gaucha\/","title":{"rendered":"Nota Fiscal Ga\u00facha"},"content":{"rendered":"\t\t<div data-elementor-type=\"wp-page\" data-elementor-id=\"861\" class=\"elementor elementor-861\" data-elementor-post-type=\"page\">\n\t\t\t\t\t\t<section class=\"has_ma_el_bg_slider elementor-section elementor-top-section elementor-element elementor-element-95ce8f8 elementor-section-full_width elementor-section-height-default elementor-section-height-default jltma-glass-effect-no\" data-id=\"95ce8f8\" data-element_type=\"section\" data-settings=\"{&quot;background_background&quot;:&quot;classic&quot;}\">\n\t\t\t\t\t\t<div class=\"elementor-container elementor-column-gap-default\">\n\t\t\t\t\t<div class=\"has_ma_el_bg_slider elementor-column elementor-col-100 elementor-top-column elementor-element elementor-element-20957dc jltma-glass-effect-no\" data-id=\"20957dc\" data-element_type=\"column\">\n\t\t\t<div class=\"elementor-widget-wrap elementor-element-populated\">\n\t\t\t\t\t\t<div class=\"elementor-element elementor-element-1a0db75 jltma-glass-effect-no elementor-widget elementor-widget-heading\" data-id=\"1a0db75\" data-element_type=\"widget\" data-widget_type=\"heading.default\">\n\t\t\t\t<div class=\"elementor-widget-container\">\n\t\t\t\t\t<h1 class=\"elementor-heading-title elementor-size-large\">NOTA FISCAL GA\u00daCHA<\/h1>\t\t\t\t<\/div>\n\t\t\t\t<\/div>\n\t\t\t\t<div class=\"elementor-element elementor-element-a9248d2 jltma-glass-effect-no elementor-widget elementor-widget-text-editor\" data-id=\"a9248d2\" data-element_type=\"widget\" data-widget_type=\"text-editor.default\">\n\t\t\t\t<div class=\"elementor-widget-container\">\n\t\t\t\t\t\t\t\t\t<p style=\"text-align: center;\"><span style=\"color: #333333;\">O Hospital Nova Petr\u00f3polis faz parte do programa \u201cNota Fiscal Ga\u00facha \u201d<br \/><\/span><\/p>\t\t\t\t\t\t\t\t<\/div>\n\t\t\t\t<\/div>\n\t\t\t\t\t<\/div>\n\t\t<\/div>\n\t\t\t\t\t<\/div>\n\t\t<\/section>\n\t\t\t\t<section class=\"has_ma_el_bg_slider elementor-section elementor-top-section elementor-element elementor-element-3159dd7 elementor-section-boxed elementor-section-height-default elementor-section-height-default jltma-glass-effect-no\" data-id=\"3159dd7\" data-element_type=\"section\">\n\t\t\t\t\t\t<div class=\"elementor-container elementor-column-gap-default\">\n\t\t\t\t\t<div class=\"has_ma_el_bg_slider elementor-column elementor-col-100 elementor-top-column elementor-element elementor-element-055ac94 jltma-glass-effect-no\" data-id=\"055ac94\" data-element_type=\"column\">\n\t\t\t<div class=\"elementor-widget-wrap elementor-element-populated\">\n\t\t\t\t\t\t<div class=\"elementor-element elementor-element-26ba863 jltma-glass-effect-no elementor-widget elementor-widget-image\" data-id=\"26ba863\" data-element_type=\"widget\" data-widget_type=\"image.default\">\n\t\t\t\t<div class=\"elementor-widget-container\">\n\t\t\t\t\t\t\t\t\t\t\t\t\t\t\t<img fetchpriority=\"high\" decoding=\"async\" width=\"800\" height=\"626\" src=\"https:\/\/hnp.org.br\/site2020\/wp-content\/uploads\/2021\/07\/Nota-Fiscal-Gaucha.png\" class=\"attachment-large size-large wp-image-865\" alt=\"\" srcset=\"https:\/\/hnp.org.br\/site2020\/wp-content\/uploads\/2021\/07\/Nota-Fiscal-Gaucha.png 800w, https:\/\/hnp.org.br\/site2020\/wp-content\/uploads\/2021\/07\/Nota-Fiscal-Gaucha-300x235.png 300w, https:\/\/hnp.org.br\/site2020\/wp-content\/uploads\/2021\/07\/Nota-Fiscal-Gaucha-768x601.png 768w\" sizes=\"(max-width: 800px) 100vw, 800px\" \/>\t\t\t\t\t\t\t\t\t\t\t\t\t\t\t<\/div>\n\t\t\t\t<\/div>\n\t\t\t\t\t<\/div>\n\t\t<\/div>\n\t\t\t\t\t<\/div>\n\t\t<\/section>\n\t\t\t\t<section class=\"has_ma_el_bg_slider elementor-section elementor-top-section elementor-element elementor-element-99c2b62 elementor-section-boxed elementor-section-height-default elementor-section-height-default jltma-glass-effect-no\" data-id=\"99c2b62\" data-element_type=\"section\">\n\t\t\t\t\t\t<div class=\"elementor-container elementor-column-gap-default\">\n\t\t\t\t\t<div class=\"has_ma_el_bg_slider elementor-column elementor-col-100 elementor-top-column elementor-element elementor-element-ce37d67 jltma-glass-effect-no\" data-id=\"ce37d67\" data-element_type=\"column\">\n\t\t\t<div class=\"elementor-widget-wrap elementor-element-populated\">\n\t\t\t\t\t\t<div class=\"elementor-element elementor-element-dc49c11 jltma-glass-effect-no elementor-widget elementor-widget-text-editor\" data-id=\"dc49c11\" data-element_type=\"widget\" data-widget_type=\"text-editor.default\">\n\t\t\t\t<div class=\"elementor-widget-container\">\n\t\t\t\t\t\t\t\t\t<p>O Nota Fiscal Ga\u00facha \u00e9 um programa do Governo Estadual, por meio da distribui\u00e7\u00e3o de pr\u00eamios, que visa incentivar os cidad\u00e3os e cidad\u00e3s a solicitar a inclus\u00e3o do CPF na emiss\u00e3o do documento fiscal no ato de suas compras, bem como conscientiz\u00e1-los sobre a import\u00e2ncia social do tributo.<\/p><p>Atrav\u00e9s do programa, os cidad\u00e3os concorrem a pr\u00eamios em dinheiro, as entidades sociais por eles indicadas s\u00e3o beneficiadas por repasses e as empresas participantes refor\u00e7am sua responsabilidade social com o Estado e a sociedade ga\u00facha.<\/p><p><strong>Ao Estado<\/strong><\/p><p>&#8211; Incentivo \u00e0 formaliza\u00e7\u00e3o e justi\u00e7a fiscal na arrecada\u00e7\u00e3o dos recursos p\u00fablicos.<\/p><p>&#8211; A\u00e7\u00e3o preventiva por meio da cidadania fiscal.<\/p><p>&#8211; Enfrentamento da sonega\u00e7\u00e3o.<\/p><p>&#8211; Aumento da efici\u00eancia na administra\u00e7\u00e3o tribut\u00e1ria.<\/p><p>&#8211; Aumento da confiabilidade no documento fiscal.<\/p><p>&#8211; Vis\u00e3o do fluxo das cadeias produtivas.<\/p><p><strong>\u00c0 empresa<\/strong><\/p><p>&#8211; Incentivo \u00e0s vendas pelo com\u00e9rcio formal.<\/p><p>&#8211; Redu\u00e7\u00e3o da concorr\u00eancia desleal.<\/p><p>&#8211; Redu\u00e7\u00e3o de custos pela amplia\u00e7\u00e3o do uso de documentos eletr\u00f4nicos.<\/p><p>&#8211; Identifica\u00e7\u00e3o dos consumidores em cada venda.<\/p><p>&#8211; Fortalecimento da imagem de empresa socialmente respons\u00e1vel e comprometida com o desenvolvimento do Estado.<\/p><p><strong>Ao cidad\u00e3o e \u00e0 cidad\u00e3 ga\u00facha<\/strong><\/p><p>&#8211; Participa\u00e7\u00e3o em sorteio de pr\u00eamios em dinheiro. (Se quiser saber mais, clique aqui)<\/p><p>&#8211; Maior seguran\u00e7a em suas compras por optar por estabelecimentos regularizados.<\/p><p>&#8211; Facilidade na identifica\u00e7\u00e3o de seus documentos fiscais pela disponibiliza\u00e7\u00e3o de extrato eletr\u00f4nico de suas compras.<\/p><p>&#8211; Maior compreens\u00e3o da fun\u00e7\u00e3o social do tributo.<\/p><p>&#8211; Escolha e indica\u00e7\u00e3o de projetos de entidades sociais para receber repasses conforme a pontua\u00e7\u00e3o recebida.<\/p><p>&#8211; Participa\u00e7\u00e3o cidad\u00e3 na constru\u00e7\u00e3o de um Estado comprometido com a presta\u00e7\u00e3o de servi\u00e7os p\u00fablicos qualificados.<\/p><p>&#8211; Desconto do Bom Cidad\u00e3o (IPVA).<\/p><p><strong>\u00c0s entidades sociais<\/strong><\/p><p>&#8211; Mais recursos a serem aplicados nos seus projetos.<\/p><p>&#8211; Maior visibilidade de suas a\u00e7\u00f5es e projetos.<\/p><p>&#8211; Amplia\u00e7\u00e3o da compreens\u00e3o de seu trabalho pela sociedade.<\/p><p>&#8211; Maior intera\u00e7\u00e3o com a comunidade.<\/p><p>&#8211; Substitui\u00e7\u00e3o das cautelas f\u00edsicas por bilhetes eletr\u00f4nicos.<\/p><p>&#8211; Sistema de pontua\u00e7\u00e3o mais simples e transparente.<\/p><p><strong>Fonte:<\/strong> Site da Nota Fiscal Ga\u00facha<\/p>\t\t\t\t\t\t\t\t<\/div>\n\t\t\t\t<\/div>\n\t\t\t\t\t<\/div>\n\t\t<\/div>\n\t\t\t\t\t<\/div>\n\t\t<\/section>\n\t\t\t\t<\/div>\n\t\t","protected":false},"excerpt":{"rendered":"<p>NOTA FISCAL GA\u00daCHA O Hospital Nova Petr\u00f3polis faz parte do programa \u201cNota Fiscal Ga\u00facha \u201d O Nota Fiscal Ga\u00facha \u00e9 um programa do Governo Estadual, por meio da distribui\u00e7\u00e3o de pr\u00eamios, que visa incentivar os cidad\u00e3os e cidad\u00e3s a solicitar a inclus\u00e3o do CPF na emiss\u00e3o do documento fiscal no ato de suas compras, bem [&hellip;]<\/p>\n","protected":false},"author":2,"featured_media":0,"parent":0,"menu_order":0,"comment_status":"closed","ping_status":"closed","template":"template-fullwidth-stretched.php","meta":{"_monsterinsights_skip_tracking":false,"_monsterinsights_sitenote_active":false,"_monsterinsights_sitenote_note":"","_monsterinsights_sitenote_category":0,"footnotes":""},"class_list":["post-861","page","type-page","status-publish","hentry"],"aioseo_notices":[],"_links":{"self":[{"href":"https:\/\/hnp.org.br\/site2020\/wp-json\/wp\/v2\/pages\/861","targetHints":{"allow":["GET"]}}],"collection":[{"href":"https:\/\/hnp.org.br\/site2020\/wp-json\/wp\/v2\/pages"}],"about":[{"href":"https:\/\/hnp.org.br\/site2020\/wp-json\/wp\/v2\/types\/page"}],"author":[{"embeddable":true,"href":"https:\/\/hnp.org.br\/site2020\/wp-json\/wp\/v2\/users\/2"}],"replies":[{"embeddable":true,"href":"https:\/\/hnp.org.br\/site2020\/wp-json\/wp\/v2\/comments?post=861"}],"version-history":[{"count":10,"href":"https:\/\/hnp.org.br\/site2020\/wp-json\/wp\/v2\/pages\/861\/revisions"}],"predecessor-version":[{"id":879,"href":"https:\/\/hnp.org.br\/site2020\/wp-json\/wp\/v2\/pages\/861\/revisions\/879"}],"wp:attachment":[{"href":"https:\/\/hnp.org.br\/site2020\/wp-json\/wp\/v2\/media?parent=861"}],"curies":[{"name":"wp","href":"https:\/\/api.w.org\/{rel}","templated":true}]}}