{"id":794,"date":"2020-12-16T23:04:44","date_gmt":"2020-12-17T02:04:44","guid":{"rendered":"https:\/\/hnp.org.br\/site2020\/?page_id=794"},"modified":"2020-12-16T23:06:43","modified_gmt":"2020-12-17T02:06:43","slug":"informacao-sobre-internacoes","status":"publish","type":"page","link":"https:\/\/hnp.org.br\/site2020\/informacao-sobre-internacoes\/","title":{"rendered":"Informa\u00e7\u00e3o Sobre Interna\u00e7\u00f5es"},"content":{"rendered":"\t\t<div data-elementor-type=\"wp-page\" data-elementor-id=\"794\" class=\"elementor elementor-794\" data-elementor-post-type=\"page\">\n\t\t\t\t\t\t<section class=\"has_ma_el_bg_slider elementor-section elementor-top-section elementor-element elementor-element-7d864d8 elementor-section-boxed elementor-section-height-default elementor-section-height-default jltma-glass-effect-no\" data-id=\"7d864d8\" data-element_type=\"section\" data-settings=\"{&quot;background_background&quot;:&quot;classic&quot;}\">\n\t\t\t\t\t\t<div class=\"elementor-container elementor-column-gap-default\">\n\t\t\t\t\t<div class=\"has_ma_el_bg_slider elementor-column elementor-col-100 elementor-top-column elementor-element elementor-element-eab24a5 jltma-glass-effect-no\" data-id=\"eab24a5\" data-element_type=\"column\">\n\t\t\t<div class=\"elementor-widget-wrap elementor-element-populated\">\n\t\t\t\t\t\t<div class=\"elementor-element elementor-element-0771b52 jltma-glass-effect-no elementor-widget elementor-widget-heading\" data-id=\"0771b52\" data-element_type=\"widget\" data-widget_type=\"heading.default\">\n\t\t\t\t<div class=\"elementor-widget-container\">\n\t\t\t\t\t<h1 class=\"elementor-heading-title elementor-size-large\">INTERNA\u00c7\u00c3O<\/h1>\t\t\t\t<\/div>\n\t\t\t\t<\/div>\n\t\t\t\t<div class=\"elementor-element elementor-element-64d8e31 jltma-glass-effect-no elementor-widget elementor-widget-text-editor\" data-id=\"64d8e31\" data-element_type=\"widget\" data-widget_type=\"text-editor.default\">\n\t\t\t\t<div class=\"elementor-widget-container\">\n\t\t\t\t\t\t\t\t\t<p style=\"text-align: center;\"><span style=\"color: #333333;\">Veja os requisitos necess\u00e1rios para dar entrada no hospital<br \/><\/span><\/p>\t\t\t\t\t\t\t\t<\/div>\n\t\t\t\t<\/div>\n\t\t\t\t\t<\/div>\n\t\t<\/div>\n\t\t\t\t\t<\/div>\n\t\t<\/section>\n\t\t\t\t<section class=\"has_ma_el_bg_slider elementor-section elementor-top-section elementor-element elementor-element-72bd95e elementor-section-boxed elementor-section-height-default elementor-section-height-default jltma-glass-effect-no\" data-id=\"72bd95e\" data-element_type=\"section\">\n\t\t\t\t\t\t<div class=\"elementor-container elementor-column-gap-default\">\n\t\t\t\t\t<div class=\"has_ma_el_bg_slider elementor-column elementor-col-16 elementor-top-column elementor-element elementor-element-b39a37c jltma-glass-effect-no\" data-id=\"b39a37c\" data-element_type=\"column\">\n\t\t\t<div class=\"elementor-widget-wrap\">\n\t\t\t\t\t\t\t<\/div>\n\t\t<\/div>\n\t\t\t\t<div class=\"has_ma_el_bg_slider elementor-column elementor-col-66 elementor-top-column elementor-element elementor-element-773b2b6 jltma-glass-effect-no\" data-id=\"773b2b6\" data-element_type=\"column\">\n\t\t\t<div class=\"elementor-widget-wrap elementor-element-populated\">\n\t\t\t\t\t\t<div class=\"elementor-element elementor-element-a6c3e48 jltma-glass-effect-no elementor-widget elementor-widget-text-editor\" data-id=\"a6c3e48\" data-element_type=\"widget\" data-widget_type=\"text-editor.default\">\n\t\t\t\t<div class=\"elementor-widget-container\">\n\t\t\t\t\t\t\t\t\t<p>Para realizar a interna\u00e7\u00e3o, \u00e9 preciso que o paciente esteja com os seguintes documentos em m\u00e3os:<\/p><ul><li><b>CPF e RG<\/b> (ou CNH)<\/li><li><b>Cart\u00e3o do SUS<\/b><\/li><li><b>Certid\u00e3o de Nascimento<\/b> para menores de idade ou que n\u00e3o possuam RG<\/li><li><b>Solicita\u00e7\u00e3o de Interna\u00e7\u00e3o<\/b> fornecida pelo m\u00e9dico, com data, carimbo e assinatura<\/li><li><b>RG e CPF do respons\u00e1vel<\/b> pelo paciente<\/li><\/ul><p>Para que a interna\u00e7\u00e3o ocorra atrav\u00e9s do plano de sa\u00fade, tamb\u00e9m s\u00e3o necess\u00e1rios os seguintes documentos:<\/p><ul><li><b>Cart\u00e3o do conv\u00eanio<\/b><\/li><li><b>Autoriza\u00e7\u00e3o do plano de sa\u00fade<\/b> (exceto casos de urg\u00eancia)<\/li><\/ul><p><em>Observa\u00e7\u00f5es:<\/em><\/p><p>O paciente dever\u00e1 se informar antecipadamente com o conv\u00eanio sobre a abrang\u00eancia e as limita\u00e7\u00f5es de seu plano de sa\u00fade, tanto para a cobertura direta quanto para o sistema de reembolso. As despesas n\u00e3o cobertas pelo conv\u00eanio ser\u00e3o cobradas \u00e0 parte, na conta hospitalar, diretamente do paciente ou de seu respons\u00e1vel.<\/p><p>O hospital n\u00e3o se responsabiliza por objetos pessoais. Recomenda-se que an\u00e9is, brincos, pulseiras, correntes, gargantilhas e valores em esp\u00e9cie, sejam deixados em casa.<\/p>\t\t\t\t\t\t\t\t<\/div>\n\t\t\t\t<\/div>\n\t\t\t\t\t<\/div>\n\t\t<\/div>\n\t\t\t\t<div class=\"has_ma_el_bg_slider elementor-column elementor-col-16 elementor-top-column elementor-element elementor-element-cd3a8a1 jltma-glass-effect-no\" data-id=\"cd3a8a1\" data-element_type=\"column\">\n\t\t\t<div class=\"elementor-widget-wrap\">\n\t\t\t\t\t\t\t<\/div>\n\t\t<\/div>\n\t\t\t\t\t<\/div>\n\t\t<\/section>\n\t\t\t\t<section class=\"has_ma_el_bg_slider elementor-section elementor-top-section elementor-element elementor-element-a8f6464 elementor-section-boxed elementor-section-height-default elementor-section-height-default jltma-glass-effect-no\" data-id=\"a8f6464\" data-element_type=\"section\">\n\t\t\t\t\t\t<div class=\"elementor-container elementor-column-gap-default\">\n\t\t\t\t\t<div class=\"has_ma_el_bg_slider elementor-column elementor-col-100 elementor-top-column elementor-element elementor-element-3cbfea6 jltma-glass-effect-no\" data-id=\"3cbfea6\" data-element_type=\"column\">\n\t\t\t<div class=\"elementor-widget-wrap elementor-element-populated\">\n\t\t\t\t\t\t<div class=\"elementor-element elementor-element-fbf092d jltma-glass-effect-no elementor-widget elementor-widget-spacer\" data-id=\"fbf092d\" data-element_type=\"widget\" data-widget_type=\"spacer.default\">\n\t\t\t\t<div class=\"elementor-widget-container\">\n\t\t\t\t\t\t\t<div class=\"elementor-spacer\">\n\t\t\t<div class=\"elementor-spacer-inner\"><\/div>\n\t\t<\/div>\n\t\t\t\t\t\t<\/div>\n\t\t\t\t<\/div>\n\t\t\t\t\t<\/div>\n\t\t<\/div>\n\t\t\t\t\t<\/div>\n\t\t<\/section>\n\t\t\t\t<\/div>\n\t\t","protected":false},"excerpt":{"rendered":"<p>INTERNA\u00c7\u00c3O Veja os requisitos necess\u00e1rios para dar entrada no hospital Para realizar a interna\u00e7\u00e3o, \u00e9 preciso que o paciente esteja com os seguintes documentos em m\u00e3os: CPF e RG (ou CNH) Cart\u00e3o do SUS Certid\u00e3o de Nascimento para menores de idade ou que n\u00e3o possuam RG Solicita\u00e7\u00e3o de Interna\u00e7\u00e3o fornecida pelo m\u00e9dico, com data, carimbo [&hellip;]<\/p>\n","protected":false},"author":1,"featured_media":0,"parent":0,"menu_order":0,"comment_status":"closed","ping_status":"closed","template":"elementor_canvas","meta":{"_monsterinsights_skip_tracking":false,"_monsterinsights_sitenote_active":false,"_monsterinsights_sitenote_note":"","_monsterinsights_sitenote_category":0,"footnotes":""},"class_list":["post-794","page","type-page","status-publish","hentry"],"aioseo_notices":[],"_links":{"self":[{"href":"https:\/\/hnp.org.br\/site2020\/wp-json\/wp\/v2\/pages\/794","targetHints":{"allow":["GET"]}}],"collection":[{"href":"https:\/\/hnp.org.br\/site2020\/wp-json\/wp\/v2\/pages"}],"about":[{"href":"https:\/\/hnp.org.br\/site2020\/wp-json\/wp\/v2\/types\/page"}],"author":[{"embeddable":true,"href":"https:\/\/hnp.org.br\/site2020\/wp-json\/wp\/v2\/users\/1"}],"replies":[{"embeddable":true,"href":"https:\/\/hnp.org.br\/site2020\/wp-json\/wp\/v2\/comments?post=794"}],"version-history":[{"count":3,"href":"https:\/\/hnp.org.br\/site2020\/wp-json\/wp\/v2\/pages\/794\/revisions"}],"predecessor-version":[{"id":798,"href":"https:\/\/hnp.org.br\/site2020\/wp-json\/wp\/v2\/pages\/794\/revisions\/798"}],"wp:attachment":[{"href":"https:\/\/hnp.org.br\/site2020\/wp-json\/wp\/v2\/media?parent=794"}],"curies":[{"name":"wp","href":"https:\/\/api.w.org\/{rel}","templated":true}]}}