{"id":521,"date":"2020-10-26T23:27:03","date_gmt":"2020-10-27T02:27:03","guid":{"rendered":"https:\/\/hnp.org.br\/site2020\/?page_id=521"},"modified":"2020-12-16T23:37:59","modified_gmt":"2020-12-17T02:37:59","slug":"internacao","status":"publish","type":"page","link":"https:\/\/hnp.org.br\/site2020\/internacao\/","title":{"rendered":"Interna\u00e7\u00e3o"},"content":{"rendered":"\t\t<div data-elementor-type=\"wp-page\" data-elementor-id=\"521\" class=\"elementor elementor-521\" data-elementor-post-type=\"page\">\n\t\t\t\t\t\t<section class=\"has_ma_el_bg_slider elementor-section elementor-top-section elementor-element elementor-element-1d17bba3 elementor-section-boxed elementor-section-height-default elementor-section-height-default jltma-glass-effect-no\" data-id=\"1d17bba3\" data-element_type=\"section\" data-settings=\"{&quot;background_background&quot;:&quot;classic&quot;}\">\n\t\t\t\t\t\t<div class=\"elementor-container elementor-column-gap-default\">\n\t\t\t\t\t<div class=\"has_ma_el_bg_slider elementor-column elementor-col-100 elementor-top-column elementor-element elementor-element-79a80be4 jltma-glass-effect-no\" data-id=\"79a80be4\" data-element_type=\"column\">\n\t\t\t<div class=\"elementor-widget-wrap elementor-element-populated\">\n\t\t\t\t\t\t<div class=\"elementor-element elementor-element-3fca3fcc jltma-glass-effect-no elementor-widget elementor-widget-heading\" data-id=\"3fca3fcc\" data-element_type=\"widget\" data-widget_type=\"heading.default\">\n\t\t\t\t<div class=\"elementor-widget-container\">\n\t\t\t\t\t<h1 class=\"elementor-heading-title elementor-size-large\">INTERNA\u00c7\u00c3O<\/h1>\t\t\t\t<\/div>\n\t\t\t\t<\/div>\n\t\t\t\t<div class=\"elementor-element elementor-element-66818101 jltma-glass-effect-no elementor-widget elementor-widget-text-editor\" data-id=\"66818101\" data-element_type=\"widget\" data-widget_type=\"text-editor.default\">\n\t\t\t\t<div class=\"elementor-widget-container\">\n\t\t\t\t\t\t\t\t\t<p style=\"text-align: center;\"><span style=\"color: #333333;\">Veja os requisitos necess\u00e1rios para dar entrada no hospital<br \/><\/span><\/p>\t\t\t\t\t\t\t\t<\/div>\n\t\t\t\t<\/div>\n\t\t\t\t\t<\/div>\n\t\t<\/div>\n\t\t\t\t\t<\/div>\n\t\t<\/section>\n\t\t\t\t<section class=\"has_ma_el_bg_slider elementor-section elementor-top-section elementor-element elementor-element-6a51edb elementor-section-boxed elementor-section-height-default elementor-section-height-default jltma-glass-effect-no\" data-id=\"6a51edb\" data-element_type=\"section\">\n\t\t\t\t\t\t<div class=\"elementor-container elementor-column-gap-default\">\n\t\t\t\t\t<div class=\"has_ma_el_bg_slider elementor-column elementor-col-16 elementor-top-column elementor-element elementor-element-44fc50a jltma-glass-effect-no\" data-id=\"44fc50a\" data-element_type=\"column\">\n\t\t\t<div class=\"elementor-widget-wrap\">\n\t\t\t\t\t\t\t<\/div>\n\t\t<\/div>\n\t\t\t\t<div class=\"has_ma_el_bg_slider elementor-column elementor-col-66 elementor-top-column elementor-element elementor-element-fa8065a jltma-glass-effect-no\" data-id=\"fa8065a\" data-element_type=\"column\">\n\t\t\t<div class=\"elementor-widget-wrap elementor-element-populated\">\n\t\t\t\t\t\t<div class=\"elementor-element elementor-element-76f65adb jltma-glass-effect-no elementor-widget elementor-widget-text-editor\" data-id=\"76f65adb\" data-element_type=\"widget\" data-widget_type=\"text-editor.default\">\n\t\t\t\t<div class=\"elementor-widget-container\">\n\t\t\t\t\t\t\t\t\t<p><strong>Interna\u00e7\u00e3o Cl\u00ednica<\/strong><\/p><p>Os casos cl\u00ednicos que exigem mais aten\u00e7\u00e3o ou n\u00e3o podem ser tratados de forma ambulatorial, acabam internando para que sejam feitos medica\u00e7\u00f5es e exames, conforme a conduta do profissional m\u00e9dico.<\/p><p>Todo paciente internado \u00e9 acompanhando por um m\u00e9dico assistente, pela nutricionista e pela equipe de enfermagem.<\/p><p><strong>Interna\u00e7\u00e3o Cir\u00fargica<\/strong><\/p><p>As interna\u00e7\u00f5es cir\u00fargicas s\u00e3o decorrentes de procedimentos realizados no Centro Cir\u00fargico e necessitam de um cuidado especial nos dias decorrentes.<\/p><p>O paciente recebe a visita do m\u00e9dico cirurgi\u00e3o diariamente, que acompanha a sua evolu\u00e7\u00e3o at\u00e9 o momento da alta. O paciente tamb\u00e9m \u00e9 acompanhando pela nutricionista e pela equipe de enfermagem, que \u00e9 respons\u00e1vel pela administrar os medicamentos, realizar os curativos e verificar os sinais vitais.<\/p><p><strong>Interna\u00e7\u00e3o Obst\u00e9trica<\/strong><\/p><p>A chegada do beb\u00ea \u00e9 um momento \u00fanico e especial para a fam\u00edlia, e exige alguns especiais nos primeiros dias. A mam\u00e3e e o beb\u00ea permanecem juntos durante toda a interna\u00e7\u00e3o at\u00e9 o momento da alta.<\/p><p>Durante esse per\u00edodo, s\u00e3o realizadas visitas m\u00e9dicas do obstetra e pediatra. A paciente tamb\u00e9m \u00e9 acompanhada pela nutricionista e pela equipe de enfermagem, que atua com todo zelo e carinho neste momento t\u00e3o especial.<\/p><p><strong>Interna\u00e7\u00e3o Pedi\u00e1trica<\/strong><\/p><p>Os casos cl\u00ednicos que exigem mais aten\u00e7\u00e3o ou n\u00e3o podem ser tratados de forma ambulatorial, acabam internando para que sejam feitos medica\u00e7\u00f5es e exames, conforme a conduta do profissional m\u00e9dico.<\/p><p>Toda crian\u00e7a internada \u00e9 acompanhando por um m\u00e9dico assistente (pediatra), pela nutricionista e pela equipe de enfermagem.<\/p><p><strong>Interna\u00e7\u00e3o Psiqui\u00e1trica<\/strong><\/p><p>A interna\u00e7\u00e3o psiqui\u00e1trica cl\u00ednica \u00e9 uma forma de tratar pacientes que apresentam algum tipo de transtorno mental e\/ou depend\u00eancia qu\u00edmica\/alco\u00f3lica com a finalidade de tir\u00e1-los da crise em que se encontram.<\/p><p>O tratamento \u00e9 acompanhado de perto pelo m\u00e9dico psiqui\u00e1trica e pela psic\u00f3loga da institui\u00e7\u00e3o. S\u00e3o realizadas terapias individuais e em grupo, buscando sempre o melhor tratamento para que o paciente possa retornar \u00e0 sociedade.<\/p><p>\u00a0<\/p>\t\t\t\t\t\t\t\t<\/div>\n\t\t\t\t<\/div>\n\t\t\t\t\t<\/div>\n\t\t<\/div>\n\t\t\t\t<div class=\"has_ma_el_bg_slider elementor-column elementor-col-16 elementor-top-column elementor-element elementor-element-effdd6a jltma-glass-effect-no\" data-id=\"effdd6a\" data-element_type=\"column\">\n\t\t\t<div class=\"elementor-widget-wrap\">\n\t\t\t\t\t\t\t<\/div>\n\t\t<\/div>\n\t\t\t\t\t<\/div>\n\t\t<\/section>\n\t\t\t\t<section class=\"has_ma_el_bg_slider elementor-section elementor-top-section elementor-element elementor-element-cd4a19b elementor-section-boxed elementor-section-height-default elementor-section-height-default jltma-glass-effect-no\" data-id=\"cd4a19b\" data-element_type=\"section\">\n\t\t\t\t\t\t<div class=\"elementor-container elementor-column-gap-default\">\n\t\t\t\t\t<div class=\"has_ma_el_bg_slider elementor-column elementor-col-16 elementor-top-column elementor-element elementor-element-ff7dd9b jltma-glass-effect-no\" data-id=\"ff7dd9b\" data-element_type=\"column\">\n\t\t\t<div class=\"elementor-widget-wrap\">\n\t\t\t\t\t\t\t<\/div>\n\t\t<\/div>\n\t\t\t\t<div class=\"has_ma_el_bg_slider elementor-column elementor-col-66 elementor-top-column elementor-element elementor-element-b740ef0 jltma-glass-effect-no\" data-id=\"b740ef0\" data-element_type=\"column\">\n\t\t\t<div class=\"elementor-widget-wrap elementor-element-populated\">\n\t\t\t\t\t\t<div class=\"elementor-element elementor-element-343f117 jltma-glass-effect-no elementor-widget elementor-widget-text-editor\" data-id=\"343f117\" data-element_type=\"widget\" data-widget_type=\"text-editor.default\">\n\t\t\t\t<div class=\"elementor-widget-container\">\n\t\t\t\t\t\t\t\t\t<p style=\"text-align: center;\"><a href=\"https:\/\/hnp.org.br\/site2020\/informacao-sobre-internacoes\/\">Verifique aqui a documenta\u00e7\u00e3o necess\u00e1ria para dar entrada no hospital.<\/a><\/p>\t\t\t\t\t\t\t\t<\/div>\n\t\t\t\t<\/div>\n\t\t\t\t\t<\/div>\n\t\t<\/div>\n\t\t\t\t<div class=\"has_ma_el_bg_slider elementor-column elementor-col-16 elementor-top-column elementor-element elementor-element-38c2a0e jltma-glass-effect-no\" data-id=\"38c2a0e\" data-element_type=\"column\">\n\t\t\t<div class=\"elementor-widget-wrap\">\n\t\t\t\t\t\t\t<\/div>\n\t\t<\/div>\n\t\t\t\t\t<\/div>\n\t\t<\/section>\n\t\t\t\t<section class=\"has_ma_el_bg_slider elementor-section elementor-top-section elementor-element elementor-element-7563693 elementor-section-boxed elementor-section-height-default elementor-section-height-default jltma-glass-effect-no\" data-id=\"7563693\" data-element_type=\"section\">\n\t\t\t\t\t\t<div class=\"elementor-container elementor-column-gap-default\">\n\t\t\t\t\t<div class=\"has_ma_el_bg_slider elementor-column elementor-col-100 elementor-top-column elementor-element elementor-element-a636c0e jltma-glass-effect-no\" data-id=\"a636c0e\" data-element_type=\"column\">\n\t\t\t<div class=\"elementor-widget-wrap elementor-element-populated\">\n\t\t\t\t\t\t<div class=\"elementor-element elementor-element-a69432e jltma-glass-effect-no elementor-widget elementor-widget-spacer\" data-id=\"a69432e\" data-element_type=\"widget\" data-widget_type=\"spacer.default\">\n\t\t\t\t<div class=\"elementor-widget-container\">\n\t\t\t\t\t\t\t<div class=\"elementor-spacer\">\n\t\t\t<div class=\"elementor-spacer-inner\"><\/div>\n\t\t<\/div>\n\t\t\t\t\t\t<\/div>\n\t\t\t\t<\/div>\n\t\t\t\t\t<\/div>\n\t\t<\/div>\n\t\t\t\t\t<\/div>\n\t\t<\/section>\n\t\t\t\t<\/div>\n\t\t","protected":false},"excerpt":{"rendered":"<p>INTERNA\u00c7\u00c3O Veja os requisitos necess\u00e1rios para dar entrada no hospital Interna\u00e7\u00e3o Cl\u00ednica Os casos cl\u00ednicos que exigem mais aten\u00e7\u00e3o ou n\u00e3o podem ser tratados de forma ambulatorial, acabam internando para que sejam feitos medica\u00e7\u00f5es e exames, conforme a conduta do profissional m\u00e9dico. Todo paciente internado \u00e9 acompanhando por um m\u00e9dico assistente, pela nutricionista e pela [&hellip;]<\/p>\n","protected":false},"author":1,"featured_media":0,"parent":0,"menu_order":0,"comment_status":"closed","ping_status":"closed","template":"elementor_header_footer","meta":{"_monsterinsights_skip_tracking":false,"_monsterinsights_sitenote_active":false,"_monsterinsights_sitenote_note":"","_monsterinsights_sitenote_category":0,"footnotes":""},"class_list":["post-521","page","type-page","status-publish","hentry"],"aioseo_notices":[],"_links":{"self":[{"href":"https:\/\/hnp.org.br\/site2020\/wp-json\/wp\/v2\/pages\/521","targetHints":{"allow":["GET"]}}],"collection":[{"href":"https:\/\/hnp.org.br\/site2020\/wp-json\/wp\/v2\/pages"}],"about":[{"href":"https:\/\/hnp.org.br\/site2020\/wp-json\/wp\/v2\/types\/page"}],"author":[{"embeddable":true,"href":"https:\/\/hnp.org.br\/site2020\/wp-json\/wp\/v2\/users\/1"}],"replies":[{"embeddable":true,"href":"https:\/\/hnp.org.br\/site2020\/wp-json\/wp\/v2\/comments?post=521"}],"version-history":[{"count":15,"href":"https:\/\/hnp.org.br\/site2020\/wp-json\/wp\/v2\/pages\/521\/revisions"}],"predecessor-version":[{"id":815,"href":"https:\/\/hnp.org.br\/site2020\/wp-json\/wp\/v2\/pages\/521\/revisions\/815"}],"wp:attachment":[{"href":"https:\/\/hnp.org.br\/site2020\/wp-json\/wp\/v2\/media?parent=521"}],"curies":[{"name":"wp","href":"https:\/\/api.w.org\/{rel}","templated":true}]}}