{"id":515,"date":"2020-10-26T23:22:24","date_gmt":"2020-10-27T02:22:24","guid":{"rendered":"https:\/\/hnp.org.br\/site2020\/?page_id=515"},"modified":"2021-07-14T01:51:50","modified_gmt":"2021-07-14T04:51:50","slug":"exames","status":"publish","type":"page","link":"https:\/\/hnp.org.br\/site2020\/exames\/","title":{"rendered":"Exames"},"content":{"rendered":"\t\t<div data-elementor-type=\"wp-page\" data-elementor-id=\"515\" class=\"elementor elementor-515\" data-elementor-post-type=\"page\">\n\t\t\t\t\t\t<section class=\"has_ma_el_bg_slider elementor-section elementor-top-section elementor-element elementor-element-6d0877fa elementor-section-boxed elementor-section-height-default elementor-section-height-default jltma-glass-effect-no\" data-id=\"6d0877fa\" data-element_type=\"section\" data-settings=\"{&quot;background_background&quot;:&quot;classic&quot;}\">\n\t\t\t\t\t\t<div class=\"elementor-container elementor-column-gap-default\">\n\t\t\t\t\t<div class=\"has_ma_el_bg_slider elementor-column elementor-col-100 elementor-top-column elementor-element elementor-element-20c3403b jltma-glass-effect-no\" data-id=\"20c3403b\" data-element_type=\"column\">\n\t\t\t<div class=\"elementor-widget-wrap elementor-element-populated\">\n\t\t\t\t\t\t<div class=\"elementor-element elementor-element-7d8094f jltma-glass-effect-no elementor-widget elementor-widget-heading\" data-id=\"7d8094f\" data-element_type=\"widget\" data-widget_type=\"heading.default\">\n\t\t\t\t<div class=\"elementor-widget-container\">\n\t\t\t\t\t<h1 class=\"elementor-heading-title elementor-size-large\">EXAMES<\/h1>\t\t\t\t<\/div>\n\t\t\t\t<\/div>\n\t\t\t\t<div class=\"elementor-element elementor-element-2d5638e2 jltma-glass-effect-no elementor-widget elementor-widget-text-editor\" data-id=\"2d5638e2\" data-element_type=\"widget\" data-widget_type=\"text-editor.default\">\n\t\t\t\t<div class=\"elementor-widget-container\">\n\t\t\t\t\t\t\t\t\t<p style=\"text-align: center;\"><span style=\"color: #333333;\">O HNP conta com moderno laborat\u00f3rio em suas depend\u00eancias, realizando testes t\u00e9cnicos de sa\u00fade com alta precis\u00e3o<br \/><\/span><\/p>\t\t\t\t\t\t\t\t<\/div>\n\t\t\t\t<\/div>\n\t\t\t\t\t<\/div>\n\t\t<\/div>\n\t\t\t\t\t<\/div>\n\t\t<\/section>\n\t\t\t\t<section class=\"has_ma_el_bg_slider elementor-section elementor-top-section elementor-element elementor-element-f829753 elementor-section-boxed elementor-section-height-default elementor-section-height-default jltma-glass-effect-no\" data-id=\"f829753\" data-element_type=\"section\">\n\t\t\t\t\t\t<div class=\"elementor-container elementor-column-gap-default\">\n\t\t\t\t\t<div class=\"has_ma_el_bg_slider elementor-column elementor-col-16 elementor-top-column elementor-element elementor-element-f692473 jltma-glass-effect-no\" data-id=\"f692473\" data-element_type=\"column\">\n\t\t\t<div class=\"elementor-widget-wrap\">\n\t\t\t\t\t\t\t<\/div>\n\t\t<\/div>\n\t\t\t\t<div class=\"has_ma_el_bg_slider elementor-column elementor-col-66 elementor-top-column elementor-element elementor-element-3ee0ee6 jltma-glass-effect-no\" data-id=\"3ee0ee6\" data-element_type=\"column\">\n\t\t\t<div class=\"elementor-widget-wrap elementor-element-populated\">\n\t\t\t\t\t\t<div class=\"elementor-element elementor-element-32d18de7 jltma-glass-effect-no elementor-widget elementor-widget-text-editor\" data-id=\"32d18de7\" data-element_type=\"widget\" data-widget_type=\"text-editor.default\">\n\t\t\t\t<div class=\"elementor-widget-container\">\n\t\t\t\t\t\t\t\t\t<p><span style=\"color: var( --e-global-color-text ); font-family: var( --e-global-typography-text-font-family ); font-weight: var( --e-global-typography-text-font-weight ); font-size: 0.875rem;\">O Hospital Nova Petr\u00f3polis realiza diversos exames de apoio ao diagn\u00f3stico e tratamento dos pacientes em atendimento na institui\u00e7\u00e3o.\u00a0<\/span><\/p><p><span style=\"color: var( --e-global-color-text ); font-family: var( --e-global-typography-text-font-family ); font-weight: var( --e-global-typography-text-font-weight ); font-size: 0.875rem;\">Ao consultar no Ambulat\u00f3rio do hospital, o m\u00e9dico respons\u00e1vel far\u00e1 uma solicita\u00e7\u00e3o do exame por escrito.<\/span><\/p><p>Com a solicita\u00e7\u00e3o m\u00e9dica, o paciente deve agendar o exame, conforme disponibilidade:<\/p><ul><li><b>An\u00e1lises cl\u00ednicas<\/b> (Laborat\u00f3rio)<\/li><li><b>Cardiotocografia anteparto <\/b>(MAP)<\/li><li><b>Eletrocardiograma<\/b><\/li><li><b>Raio-X<\/b><\/li><li><b>Ultrassonografia<\/b> convencional e <b>doppler<\/b><\/li><\/ul><p>Para que a realiza\u00e7\u00e3o dos exames ocorra da melhor maneira, \u00e9 preciso atentar aos seguintes itens:<\/p><ul><li>O hor\u00e1rio de coletas no laborat\u00f3rio ocorre das 07:00 \u00e0s 09:30<\/li><li>Os exames laboratoriais normalmente necessitam de 8 a 12 horas de jejum<\/li><li>Todas as ultrassonografias precisam estar previamente agendadas<\/li><li>Alguns exames de imagem necessitam que o paciente esteja em jejum, de bexiga cheia ou fa\u00e7a algum preparo espec\u00edfico<\/li><\/ul><p>P<i>acientes Unimed:\u00a0<\/i><br \/><span style=\"color: var( --e-global-color-text ); font-family: var( --e-global-typography-text-font-family ); font-weight: var( --e-global-typography-text-font-weight ); font-size: 0.875rem;\">Para a realiza\u00e7\u00e3o dos exames, \u00e9 importante possuir a guia eletr\u00f4nica ou a autoriza\u00e7\u00e3o da guia manual.<\/span><\/p>\t\t\t\t\t\t\t\t<\/div>\n\t\t\t\t<\/div>\n\t\t\t\t\t<\/div>\n\t\t<\/div>\n\t\t\t\t<div class=\"has_ma_el_bg_slider elementor-column elementor-col-16 elementor-top-column elementor-element elementor-element-7ca6296 jltma-glass-effect-no\" data-id=\"7ca6296\" data-element_type=\"column\">\n\t\t\t<div class=\"elementor-widget-wrap\">\n\t\t\t\t\t\t\t<\/div>\n\t\t<\/div>\n\t\t\t\t\t<\/div>\n\t\t<\/section>\n\t\t\t\t<section class=\"has_ma_el_bg_slider elementor-section elementor-top-section elementor-element elementor-element-a5e63db elementor-section-boxed elementor-section-height-default elementor-section-height-default jltma-glass-effect-no\" data-id=\"a5e63db\" data-element_type=\"section\">\n\t\t\t\t\t\t<div class=\"elementor-container elementor-column-gap-default\">\n\t\t\t\t\t<div class=\"has_ma_el_bg_slider elementor-column elementor-col-100 elementor-top-column elementor-element elementor-element-9c199fc jltma-glass-effect-no\" data-id=\"9c199fc\" data-element_type=\"column\">\n\t\t\t<div class=\"elementor-widget-wrap elementor-element-populated\">\n\t\t\t\t\t\t<div class=\"elementor-element elementor-element-3d9d540 jltma-glass-effect-no elementor-widget elementor-widget-spacer\" data-id=\"3d9d540\" data-element_type=\"widget\" data-widget_type=\"spacer.default\">\n\t\t\t\t<div class=\"elementor-widget-container\">\n\t\t\t\t\t\t\t<div class=\"elementor-spacer\">\n\t\t\t<div class=\"elementor-spacer-inner\"><\/div>\n\t\t<\/div>\n\t\t\t\t\t\t<\/div>\n\t\t\t\t<\/div>\n\t\t\t\t\t<\/div>\n\t\t<\/div>\n\t\t\t\t\t<\/div>\n\t\t<\/section>\n\t\t\t\t<\/div>\n\t\t","protected":false},"excerpt":{"rendered":"<p>EXAMES O HNP conta com moderno laborat\u00f3rio em suas depend\u00eancias, realizando testes t\u00e9cnicos de sa\u00fade com alta precis\u00e3o O Hospital Nova Petr\u00f3polis realiza diversos exames de apoio ao diagn\u00f3stico e tratamento dos pacientes em atendimento na institui\u00e7\u00e3o.\u00a0 Ao consultar no Ambulat\u00f3rio do hospital, o m\u00e9dico respons\u00e1vel far\u00e1 uma solicita\u00e7\u00e3o do exame por escrito. Com a [&hellip;]<\/p>\n","protected":false},"author":1,"featured_media":0,"parent":0,"menu_order":0,"comment_status":"closed","ping_status":"closed","template":"elementor_header_footer","meta":{"_monsterinsights_skip_tracking":false,"_monsterinsights_sitenote_active":false,"_monsterinsights_sitenote_note":"","_monsterinsights_sitenote_category":0,"footnotes":""},"class_list":["post-515","page","type-page","status-publish","hentry"],"aioseo_notices":[],"_links":{"self":[{"href":"https:\/\/hnp.org.br\/site2020\/wp-json\/wp\/v2\/pages\/515","targetHints":{"allow":["GET"]}}],"collection":[{"href":"https:\/\/hnp.org.br\/site2020\/wp-json\/wp\/v2\/pages"}],"about":[{"href":"https:\/\/hnp.org.br\/site2020\/wp-json\/wp\/v2\/types\/page"}],"author":[{"embeddable":true,"href":"https:\/\/hnp.org.br\/site2020\/wp-json\/wp\/v2\/users\/1"}],"replies":[{"embeddable":true,"href":"https:\/\/hnp.org.br\/site2020\/wp-json\/wp\/v2\/comments?post=515"}],"version-history":[{"count":16,"href":"https:\/\/hnp.org.br\/site2020\/wp-json\/wp\/v2\/pages\/515\/revisions"}],"predecessor-version":[{"id":988,"href":"https:\/\/hnp.org.br\/site2020\/wp-json\/wp\/v2\/pages\/515\/revisions\/988"}],"wp:attachment":[{"href":"https:\/\/hnp.org.br\/site2020\/wp-json\/wp\/v2\/media?parent=515"}],"curies":[{"name":"wp","href":"https:\/\/api.w.org\/{rel}","templated":true}]}}