{"id":511,"date":"2020-10-26T23:15:24","date_gmt":"2020-10-27T02:15:24","guid":{"rendered":"https:\/\/hnp.org.br\/site2020\/?page_id=511"},"modified":"2020-12-16T22:47:04","modified_gmt":"2020-12-17T01:47:04","slug":"ambulatorio","status":"publish","type":"page","link":"https:\/\/hnp.org.br\/site2020\/ambulatorio\/","title":{"rendered":"Ambulat\u00f3rio"},"content":{"rendered":"\t\t<div data-elementor-type=\"wp-page\" data-elementor-id=\"511\" class=\"elementor elementor-511\" data-elementor-post-type=\"page\">\n\t\t\t\t\t\t<section class=\"has_ma_el_bg_slider elementor-section elementor-top-section elementor-element elementor-element-c2d102d elementor-section-full_width elementor-section-height-default elementor-section-height-default jltma-glass-effect-no\" data-id=\"c2d102d\" data-element_type=\"section\">\n\t\t\t\t\t\t<div class=\"elementor-container elementor-column-gap-no\">\n\t\t\t\t\t<div class=\"has_ma_el_bg_slider elementor-column elementor-col-100 elementor-top-column elementor-element elementor-element-1d38df87 jltma-glass-effect-no\" data-id=\"1d38df87\" data-element_type=\"column\">\n\t\t\t<div class=\"elementor-widget-wrap elementor-element-populated\">\n\t\t\t\t\t\t<div class=\"elementor-element elementor-element-3145528a jltma-glass-effect-no elementor-widget elementor-widget-image\" data-id=\"3145528a\" data-element_type=\"widget\" data-widget_type=\"image.default\">\n\t\t\t\t<div class=\"elementor-widget-container\">\n\t\t\t\t\t\t\t\t\t\t\t\t\t\t\t<img fetchpriority=\"high\" decoding=\"async\" width=\"1920\" height=\"500\" src=\"https:\/\/hnp.org.br\/site2020\/wp-content\/uploads\/2020\/11\/ambularorio-hnp.capa_.jpg\" class=\"attachment-full size-full wp-image-663\" alt=\"\" srcset=\"https:\/\/hnp.org.br\/site2020\/wp-content\/uploads\/2020\/11\/ambularorio-hnp.capa_.jpg 1920w, https:\/\/hnp.org.br\/site2020\/wp-content\/uploads\/2020\/11\/ambularorio-hnp.capa_-300x78.jpg 300w, https:\/\/hnp.org.br\/site2020\/wp-content\/uploads\/2020\/11\/ambularorio-hnp.capa_-1024x267.jpg 1024w, https:\/\/hnp.org.br\/site2020\/wp-content\/uploads\/2020\/11\/ambularorio-hnp.capa_-768x200.jpg 768w, https:\/\/hnp.org.br\/site2020\/wp-content\/uploads\/2020\/11\/ambularorio-hnp.capa_-1536x400.jpg 1536w\" sizes=\"(max-width: 1920px) 100vw, 1920px\" \/>\t\t\t\t\t\t\t\t\t\t\t\t\t\t\t<\/div>\n\t\t\t\t<\/div>\n\t\t\t\t\t<\/div>\n\t\t<\/div>\n\t\t\t\t\t<\/div>\n\t\t<\/section>\n\t\t\t\t<section class=\"has_ma_el_bg_slider elementor-section elementor-top-section elementor-element elementor-element-2c8134c7 elementor-section-boxed elementor-section-height-default elementor-section-height-default jltma-glass-effect-no\" data-id=\"2c8134c7\" data-element_type=\"section\" data-settings=\"{&quot;background_background&quot;:&quot;classic&quot;}\">\n\t\t\t\t\t\t<div class=\"elementor-container elementor-column-gap-no\">\n\t\t\t\t\t<div class=\"has_ma_el_bg_slider elementor-column elementor-col-100 elementor-top-column elementor-element elementor-element-4736bf9d jltma-glass-effect-no\" data-id=\"4736bf9d\" data-element_type=\"column\">\n\t\t\t<div class=\"elementor-widget-wrap elementor-element-populated\">\n\t\t\t\t\t\t<div class=\"elementor-element elementor-element-2732f20e jltma-glass-effect-no elementor-widget elementor-widget-heading\" data-id=\"2732f20e\" data-element_type=\"widget\" data-widget_type=\"heading.default\">\n\t\t\t\t<div class=\"elementor-widget-container\">\n\t\t\t\t\t<h1 class=\"elementor-heading-title elementor-size-large\">AMBULAT\u00d3RIO<\/h1>\t\t\t\t<\/div>\n\t\t\t\t<\/div>\n\t\t\t\t<div class=\"elementor-element elementor-element-276e8b56 jltma-glass-effect-no elementor-widget elementor-widget-text-editor\" data-id=\"276e8b56\" data-element_type=\"widget\" data-widget_type=\"text-editor.default\">\n\t\t\t\t<div class=\"elementor-widget-container\">\n\t\t\t\t\t\t\t\t\t<p style=\"text-align: center;\"><span style=\"color: #333333;\">Atendimento de excel\u00eancia em procedimentos ambulatoriais<br><\/span><\/p>\t\t\t\t\t\t\t\t<\/div>\n\t\t\t\t<\/div>\n\t\t\t\t\t<\/div>\n\t\t<\/div>\n\t\t\t\t\t<\/div>\n\t\t<\/section>\n\t\t\t\t<section class=\"has_ma_el_bg_slider elementor-section elementor-top-section elementor-element elementor-element-a055d7b elementor-section-boxed elementor-section-height-default elementor-section-height-default jltma-glass-effect-no\" data-id=\"a055d7b\" data-element_type=\"section\">\n\t\t\t\t\t\t<div class=\"elementor-container elementor-column-gap-default\">\n\t\t\t\t\t<div class=\"has_ma_el_bg_slider elementor-column elementor-col-16 elementor-top-column elementor-element elementor-element-7920c6a jltma-glass-effect-no\" data-id=\"7920c6a\" data-element_type=\"column\">\n\t\t\t<div class=\"elementor-widget-wrap\">\n\t\t\t\t\t\t\t<\/div>\n\t\t<\/div>\n\t\t\t\t<div class=\"has_ma_el_bg_slider elementor-column elementor-col-66 elementor-top-column elementor-element elementor-element-3f8453c jltma-glass-effect-no\" data-id=\"3f8453c\" data-element_type=\"column\">\n\t\t\t<div class=\"elementor-widget-wrap elementor-element-populated\">\n\t\t\t\t\t\t<div class=\"elementor-element elementor-element-b883946 jltma-glass-effect-no elementor-widget elementor-widget-text-editor\" data-id=\"b883946\" data-element_type=\"widget\" data-widget_type=\"text-editor.default\">\n\t\t\t\t<div class=\"elementor-widget-container\">\n\t\t\t\t\t\t\t\t\t<p>O<span style=\"color: var( --e-global-color-text ); font-family: var( --e-global-typography-text-font-family ); font-weight: var( --e-global-typography-text-font-weight ); font-size: 0.875rem;\"> ambulat\u00f3rio do Hospital Nova Petr\u00f3polis oferece assist\u00eancia de qualidade aliada \u00e0 possibilidade da realiza\u00e7\u00e3o de procedimentos,&nbsp;<\/span><span style=\"color: var( --e-global-color-text ); font-family: var( --e-global-typography-text-font-family ); font-weight: var( --e-global-typography-text-font-weight ); font-size: 0.875rem;\">como&nbsp;<\/span><span style=\"color: var( --e-global-color-text ); font-family: var( --e-global-typography-text-font-family ); font-weight: var( --e-global-typography-text-font-weight ); font-size: 0.875rem;\">por exemplo,&nbsp;<\/span><span style=\"color: var( --e-global-color-text ); font-family: var( --e-global-typography-text-font-family ); font-weight: var( --e-global-typography-text-font-weight ); font-size: 0.875rem;\">curativos, retirada de pontos e sondagens, al\u00e9m d<\/span><span style=\"color: var( --e-global-color-text ); font-family: var( --e-global-typography-text-font-family ); font-weight: var( --e-global-typography-text-font-weight ); font-size: 0.875rem;\">e interna\u00e7\u00f5es em um mesmo local.&nbsp;<\/span><span style=\"color: var( --e-global-color-text ); font-family: var( --e-global-typography-text-font-family ); font-weight: var( --e-global-typography-text-font-weight ); font-size: 0.875rem;\">Os procedimentos s\u00e3o realizados tanto por m\u00e9dicos quanto pela equipe de enfermagem.<\/span><\/p>\n<p><span style=\"color: #737680; font-family: Roboto, sans-serif;\">O espa\u00e7o dispon\u00edvel foi concebido para oferecer conforto com um servi\u00e7o que prima pela qualidade e pontualidade e <\/span><span style=\"color: var( --e-global-color-text ); font-family: var( --e-global-typography-text-font-family ); font-weight: var( --e-global-typography-text-font-weight ); font-size: 0.875rem;\">agendamentos podem ser feitos atrav\u00e9s do telefone (54) 3281.1153, ou, presencialmente na recep\u00e7\u00e3o.&nbsp;<\/span><\/p>\n<p><span style=\"color: var( --e-global-color-text ); font-family: var( --e-global-typography-text-font-family ); font-size: 0.875rem; font-weight: var( --e-global-typography-text-font-weight );\">Conhe\u00e7a os servi\u00e7os que est\u00e3o \u00e0 disposi\u00e7\u00e3o:<\/span><\/p>\n<ul>\n<li>Procedimentos cir\u00fargicos<\/li><li>Procedimentos dermatol\u00f3gicos<\/li><li>Cirurgias pl\u00e1sticas<\/li><li>Cirurgias ortop\u00e9dicas<\/li><li>Cirurgias urol\u00f3gicas<\/li>\n<\/ul>\n<p>Observa\u00e7\u00e3o:&nbsp;<br><span style=\"color: var( --e-global-color-text ); font-family: var( --e-global-typography-text-font-family ); font-weight: var( --e-global-typography-text-font-weight ); font-size: 0.875rem;\">Nossa equipe de enfermagem n\u00e3o realiza nenhum procedimento ou administra medica\u00e7\u00e3o, sem prescri\u00e7\u00e3o m\u00e9dica.<\/span><\/p>\t\t\t\t\t\t\t\t<\/div>\n\t\t\t\t<\/div>\n\t\t\t\t\t<\/div>\n\t\t<\/div>\n\t\t\t\t<div class=\"has_ma_el_bg_slider elementor-column elementor-col-16 elementor-top-column elementor-element elementor-element-5c87e03 jltma-glass-effect-no\" data-id=\"5c87e03\" data-element_type=\"column\">\n\t\t\t<div class=\"elementor-widget-wrap\">\n\t\t\t\t\t\t\t<\/div>\n\t\t<\/div>\n\t\t\t\t\t<\/div>\n\t\t<\/section>\n\t\t\t\t<section class=\"has_ma_el_bg_slider elementor-section elementor-top-section elementor-element elementor-element-42fc5fc elementor-section-boxed elementor-section-height-default elementor-section-height-default jltma-glass-effect-no\" data-id=\"42fc5fc\" data-element_type=\"section\">\n\t\t\t\t\t\t<div class=\"elementor-container elementor-column-gap-default\">\n\t\t\t\t\t<div class=\"has_ma_el_bg_slider elementor-column elementor-col-100 elementor-top-column elementor-element elementor-element-3018744 jltma-glass-effect-no\" data-id=\"3018744\" data-element_type=\"column\">\n\t\t\t<div class=\"elementor-widget-wrap elementor-element-populated\">\n\t\t\t\t\t\t<div class=\"elementor-element elementor-element-401b866 jltma-glass-effect-no elementor-widget elementor-widget-spacer\" data-id=\"401b866\" data-element_type=\"widget\" data-widget_type=\"spacer.default\">\n\t\t\t\t<div class=\"elementor-widget-container\">\n\t\t\t\t\t\t\t<div class=\"elementor-spacer\">\n\t\t\t<div class=\"elementor-spacer-inner\"><\/div>\n\t\t<\/div>\n\t\t\t\t\t\t<\/div>\n\t\t\t\t<\/div>\n\t\t\t\t\t<\/div>\n\t\t<\/div>\n\t\t\t\t\t<\/div>\n\t\t<\/section>\n\t\t\t\t<\/div>\n\t\t","protected":false},"excerpt":{"rendered":"<p>AMBULAT\u00d3RIO Atendimento de excel\u00eancia em procedimentos ambulatoriais O ambulat\u00f3rio do Hospital Nova Petr\u00f3polis oferece assist\u00eancia de qualidade aliada \u00e0 possibilidade da realiza\u00e7\u00e3o de procedimentos,&nbsp;como&nbsp;por exemplo,&nbsp;curativos, retirada de pontos e sondagens, al\u00e9m de interna\u00e7\u00f5es em um mesmo local.&nbsp;Os procedimentos s\u00e3o realizados tanto por m\u00e9dicos quanto pela equipe de enfermagem. O espa\u00e7o dispon\u00edvel foi concebido para oferecer [&hellip;]<\/p>\n","protected":false},"author":1,"featured_media":0,"parent":0,"menu_order":0,"comment_status":"closed","ping_status":"closed","template":"elementor_header_footer","meta":{"_monsterinsights_skip_tracking":false,"_monsterinsights_sitenote_active":false,"_monsterinsights_sitenote_note":"","_monsterinsights_sitenote_category":0,"footnotes":""},"class_list":["post-511","page","type-page","status-publish","hentry"],"aioseo_notices":[],"_links":{"self":[{"href":"https:\/\/hnp.org.br\/site2020\/wp-json\/wp\/v2\/pages\/511","targetHints":{"allow":["GET"]}}],"collection":[{"href":"https:\/\/hnp.org.br\/site2020\/wp-json\/wp\/v2\/pages"}],"about":[{"href":"https:\/\/hnp.org.br\/site2020\/wp-json\/wp\/v2\/types\/page"}],"author":[{"embeddable":true,"href":"https:\/\/hnp.org.br\/site2020\/wp-json\/wp\/v2\/users\/1"}],"replies":[{"embeddable":true,"href":"https:\/\/hnp.org.br\/site2020\/wp-json\/wp\/v2\/comments?post=511"}],"version-history":[{"count":14,"href":"https:\/\/hnp.org.br\/site2020\/wp-json\/wp\/v2\/pages\/511\/revisions"}],"predecessor-version":[{"id":784,"href":"https:\/\/hnp.org.br\/site2020\/wp-json\/wp\/v2\/pages\/511\/revisions\/784"}],"wp:attachment":[{"href":"https:\/\/hnp.org.br\/site2020\/wp-json\/wp\/v2\/media?parent=511"}],"curies":[{"name":"wp","href":"https:\/\/api.w.org\/{rel}","templated":true}]}}