{"id":509,"date":"2020-10-26T23:12:38","date_gmt":"2020-10-27T02:12:38","guid":{"rendered":"https:\/\/hnp.org.br\/site2020\/?page_id=509"},"modified":"2020-12-16T23:11:41","modified_gmt":"2020-12-17T02:11:41","slug":"pronto-socorro-emergencia","status":"publish","type":"page","link":"https:\/\/hnp.org.br\/site2020\/pronto-socorro-emergencia\/","title":{"rendered":"Pronto Socorro \/ Emerg\u00eancia"},"content":{"rendered":"\t\t<div data-elementor-type=\"wp-page\" data-elementor-id=\"509\" class=\"elementor elementor-509\" data-elementor-post-type=\"page\">\n\t\t\t\t\t\t<section class=\"has_ma_el_bg_slider elementor-section elementor-top-section elementor-element elementor-element-66fd5978 elementor-section-full_width elementor-section-height-default elementor-section-height-default jltma-glass-effect-no\" data-id=\"66fd5978\" data-element_type=\"section\">\n\t\t\t\t\t\t<div class=\"elementor-container elementor-column-gap-no\">\n\t\t\t\t\t<div class=\"has_ma_el_bg_slider elementor-column elementor-col-100 elementor-top-column elementor-element elementor-element-3d5beae0 jltma-glass-effect-no\" data-id=\"3d5beae0\" data-element_type=\"column\">\n\t\t\t<div class=\"elementor-widget-wrap elementor-element-populated\">\n\t\t\t\t\t\t<div class=\"elementor-element elementor-element-5cbf051b jltma-glass-effect-no elementor-widget elementor-widget-image\" data-id=\"5cbf051b\" data-element_type=\"widget\" data-widget_type=\"image.default\">\n\t\t\t\t<div class=\"elementor-widget-container\">\n\t\t\t\t\t\t\t\t\t\t\t\t\t\t\t<img fetchpriority=\"high\" decoding=\"async\" width=\"1920\" height=\"500\" src=\"https:\/\/hnp.org.br\/site2020\/wp-content\/uploads\/2020\/11\/emergencia-hnp.capa_.jpg\" class=\"attachment-full size-full wp-image-665\" alt=\"\" srcset=\"https:\/\/hnp.org.br\/site2020\/wp-content\/uploads\/2020\/11\/emergencia-hnp.capa_.jpg 1920w, https:\/\/hnp.org.br\/site2020\/wp-content\/uploads\/2020\/11\/emergencia-hnp.capa_-300x78.jpg 300w, https:\/\/hnp.org.br\/site2020\/wp-content\/uploads\/2020\/11\/emergencia-hnp.capa_-1024x267.jpg 1024w, https:\/\/hnp.org.br\/site2020\/wp-content\/uploads\/2020\/11\/emergencia-hnp.capa_-768x200.jpg 768w, https:\/\/hnp.org.br\/site2020\/wp-content\/uploads\/2020\/11\/emergencia-hnp.capa_-1536x400.jpg 1536w\" sizes=\"(max-width: 1920px) 100vw, 1920px\" \/>\t\t\t\t\t\t\t\t\t\t\t\t\t\t\t<\/div>\n\t\t\t\t<\/div>\n\t\t\t\t\t<\/div>\n\t\t<\/div>\n\t\t\t\t\t<\/div>\n\t\t<\/section>\n\t\t\t\t<section class=\"has_ma_el_bg_slider elementor-section elementor-top-section elementor-element elementor-element-4602f089 elementor-section-boxed elementor-section-height-default elementor-section-height-default jltma-glass-effect-no\" data-id=\"4602f089\" data-element_type=\"section\" data-settings=\"{&quot;background_background&quot;:&quot;classic&quot;}\">\n\t\t\t\t\t\t<div class=\"elementor-container elementor-column-gap-default\">\n\t\t\t\t\t<div class=\"has_ma_el_bg_slider elementor-column elementor-col-100 elementor-top-column elementor-element elementor-element-15ae6141 jltma-glass-effect-no\" data-id=\"15ae6141\" data-element_type=\"column\">\n\t\t\t<div class=\"elementor-widget-wrap elementor-element-populated\">\n\t\t\t\t\t\t<div class=\"elementor-element elementor-element-1e19722a jltma-glass-effect-no elementor-widget elementor-widget-heading\" data-id=\"1e19722a\" data-element_type=\"widget\" data-widget_type=\"heading.default\">\n\t\t\t\t<div class=\"elementor-widget-container\">\n\t\t\t\t\t<h1 class=\"elementor-heading-title elementor-size-large\">PRONTO SOCORRO \/ EMERG\u00caNCIA<\/h1>\t\t\t\t<\/div>\n\t\t\t\t<\/div>\n\t\t\t\t<div class=\"elementor-element elementor-element-6b34eb9b jltma-glass-effect-no elementor-widget elementor-widget-text-editor\" data-id=\"6b34eb9b\" data-element_type=\"widget\" data-widget_type=\"text-editor.default\">\n\t\t\t\t<div class=\"elementor-widget-container\">\n\t\t\t\t\t\t\t\t\t<p style=\"text-align: center;\"><span style=\"color: #333333;\">Atendimento 24 horas por dia, 7 dias por semana<br \/><\/span><\/p>\t\t\t\t\t\t\t\t<\/div>\n\t\t\t\t<\/div>\n\t\t\t\t\t<\/div>\n\t\t<\/div>\n\t\t\t\t\t<\/div>\n\t\t<\/section>\n\t\t\t\t<section class=\"has_ma_el_bg_slider elementor-section elementor-top-section elementor-element elementor-element-6052f9d elementor-section-boxed elementor-section-height-default elementor-section-height-default jltma-glass-effect-no\" data-id=\"6052f9d\" data-element_type=\"section\">\n\t\t\t\t\t\t<div class=\"elementor-container elementor-column-gap-default\">\n\t\t\t\t\t<div class=\"has_ma_el_bg_slider elementor-column elementor-col-16 elementor-top-column elementor-element elementor-element-bcf854b jltma-glass-effect-no\" data-id=\"bcf854b\" data-element_type=\"column\">\n\t\t\t<div class=\"elementor-widget-wrap\">\n\t\t\t\t\t\t\t<\/div>\n\t\t<\/div>\n\t\t\t\t<div class=\"has_ma_el_bg_slider elementor-column elementor-col-66 elementor-top-column elementor-element elementor-element-5699471 jltma-glass-effect-no\" data-id=\"5699471\" data-element_type=\"column\">\n\t\t\t<div class=\"elementor-widget-wrap elementor-element-populated\">\n\t\t\t\t\t\t<div class=\"elementor-element elementor-element-15fb9994 jltma-glass-effect-no elementor-widget elementor-widget-text-editor\" data-id=\"15fb9994\" data-element_type=\"widget\" data-widget_type=\"text-editor.default\">\n\t\t\t\t<div class=\"elementor-widget-container\">\n\t\t\t\t\t\t\t\t\t<p>O Pronto Socorro do Hospital Nova Petr\u00f3polis realiza atendimentos para crian\u00e7as e adultos, 24 horas por dia, 7 dias por semana, dando prioridade para as emerg\u00eancias (paradas card\u00edacas, acidentes de tr\u00e2nsito, AVC, quedas, entre outros), mas tamb\u00e9m atendendo casos de baixa e m\u00e9dia complexidade.<\/p><p>A partir do momento em que o paciente \u00e9 admitido, ele passa por uma avalia\u00e7\u00e3o m\u00e9dica e tem acesso a exames, medica\u00e7\u00f5es e interna\u00e7\u00e3o, quando solicitado pelo plantonista.<\/p><p>O Pronto Socorro conta com os seguintes espa\u00e7os:<\/p><ul><li>Dois consult\u00f3rios m\u00e9dicos<\/li><li>Uma sala de triagem<\/li><li>Duas salas de observa\u00e7\u00e3o<\/li><li>Uma sala de inala\u00e7\u00e3o<\/li><li>Uma sala de emerg\u00eancia com dois leitos<\/li><li>Uma sala de procedimento ambulatorial<\/li><li>Uma sala de estabiliza\u00e7\u00e3o com dois leitos<\/li><\/ul><p><strong><em><u>Classifica\u00e7\u00e3o de Risco<\/u><\/em><\/strong><\/p><p>No Pronto Socorro, muitas vezes, os atendimentos n\u00e3o ocorrem conforme ordem de chegada, mas conforme a gravidade cl\u00ednica do paciente. Nossa equipe busca sempre realizar o atendimento no menor poss\u00edvel, por\u00e9m em alguns momentos, o tempo de espera pode ser superior ao previsto no protocolo de classifica\u00e7\u00e3o.<\/p>\t\t\t\t\t\t\t\t<\/div>\n\t\t\t\t<\/div>\n\t\t\t\t\t<\/div>\n\t\t<\/div>\n\t\t\t\t<div class=\"has_ma_el_bg_slider elementor-column elementor-col-16 elementor-top-column elementor-element elementor-element-7a65972 jltma-glass-effect-no\" data-id=\"7a65972\" data-element_type=\"column\">\n\t\t\t<div class=\"elementor-widget-wrap\">\n\t\t\t\t\t\t\t<\/div>\n\t\t<\/div>\n\t\t\t\t\t<\/div>\n\t\t<\/section>\n\t\t\t\t<section class=\"has_ma_el_bg_slider elementor-section elementor-top-section elementor-element elementor-element-689b62a elementor-section-boxed elementor-section-height-default elementor-section-height-default jltma-glass-effect-no\" data-id=\"689b62a\" data-element_type=\"section\">\n\t\t\t\t\t\t<div class=\"elementor-container elementor-column-gap-default\">\n\t\t\t\t\t<div class=\"has_ma_el_bg_slider elementor-column elementor-col-100 elementor-top-column elementor-element elementor-element-d109fbc jltma-glass-effect-no\" data-id=\"d109fbc\" data-element_type=\"column\">\n\t\t\t<div class=\"elementor-widget-wrap elementor-element-populated\">\n\t\t\t\t\t\t<div class=\"elementor-element elementor-element-ac80a57 jltma-glass-effect-no elementor-widget elementor-widget-image\" data-id=\"ac80a57\" data-element_type=\"widget\" data-widget_type=\"image.default\">\n\t\t\t\t<div class=\"elementor-widget-container\">\n\t\t\t\t\t\t\t\t\t\t\t\t\t\t\t<img decoding=\"async\" width=\"2560\" height=\"1814\" src=\"https:\/\/hnp.org.br\/site2020\/wp-content\/uploads\/2020\/11\/classificacao-de-riscos-PS-scaled.jpg\" class=\"attachment-full size-full wp-image-723\" alt=\"\" srcset=\"https:\/\/hnp.org.br\/site2020\/wp-content\/uploads\/2020\/11\/classificacao-de-riscos-PS-scaled.jpg 2560w, https:\/\/hnp.org.br\/site2020\/wp-content\/uploads\/2020\/11\/classificacao-de-riscos-PS-300x213.jpg 300w, https:\/\/hnp.org.br\/site2020\/wp-content\/uploads\/2020\/11\/classificacao-de-riscos-PS-1024x726.jpg 1024w, https:\/\/hnp.org.br\/site2020\/wp-content\/uploads\/2020\/11\/classificacao-de-riscos-PS-768x544.jpg 768w, https:\/\/hnp.org.br\/site2020\/wp-content\/uploads\/2020\/11\/classificacao-de-riscos-PS-1536x1089.jpg 1536w, https:\/\/hnp.org.br\/site2020\/wp-content\/uploads\/2020\/11\/classificacao-de-riscos-PS-2048x1452.jpg 2048w\" sizes=\"(max-width: 2560px) 100vw, 2560px\" \/>\t\t\t\t\t\t\t\t\t\t\t\t\t\t\t<\/div>\n\t\t\t\t<\/div>\n\t\t\t\t<div class=\"elementor-element elementor-element-660c5ff jltma-glass-effect-no elementor-widget elementor-widget-spacer\" data-id=\"660c5ff\" data-element_type=\"widget\" data-widget_type=\"spacer.default\">\n\t\t\t\t<div class=\"elementor-widget-container\">\n\t\t\t\t\t\t\t<div class=\"elementor-spacer\">\n\t\t\t<div class=\"elementor-spacer-inner\"><\/div>\n\t\t<\/div>\n\t\t\t\t\t\t<\/div>\n\t\t\t\t<\/div>\n\t\t\t\t\t<\/div>\n\t\t<\/div>\n\t\t\t\t\t<\/div>\n\t\t<\/section>\n\t\t\t\t<\/div>\n\t\t","protected":false},"excerpt":{"rendered":"<p>PRONTO SOCORRO \/ EMERG\u00caNCIA Atendimento 24 horas por dia, 7 dias por semana O Pronto Socorro do Hospital Nova Petr\u00f3polis realiza atendimentos para crian\u00e7as e adultos, 24 horas por dia, 7 dias por semana, dando prioridade para as emerg\u00eancias (paradas card\u00edacas, acidentes de tr\u00e2nsito, AVC, quedas, entre outros), mas tamb\u00e9m atendendo casos de baixa e [&hellip;]<\/p>\n","protected":false},"author":1,"featured_media":0,"parent":0,"menu_order":0,"comment_status":"closed","ping_status":"closed","template":"elementor_header_footer","meta":{"_monsterinsights_skip_tracking":false,"_monsterinsights_sitenote_active":false,"_monsterinsights_sitenote_note":"","_monsterinsights_sitenote_category":0,"footnotes":""},"class_list":["post-509","page","type-page","status-publish","hentry"],"aioseo_notices":[],"_links":{"self":[{"href":"https:\/\/hnp.org.br\/site2020\/wp-json\/wp\/v2\/pages\/509","targetHints":{"allow":["GET"]}}],"collection":[{"href":"https:\/\/hnp.org.br\/site2020\/wp-json\/wp\/v2\/pages"}],"about":[{"href":"https:\/\/hnp.org.br\/site2020\/wp-json\/wp\/v2\/types\/page"}],"author":[{"embeddable":true,"href":"https:\/\/hnp.org.br\/site2020\/wp-json\/wp\/v2\/users\/1"}],"replies":[{"embeddable":true,"href":"https:\/\/hnp.org.br\/site2020\/wp-json\/wp\/v2\/comments?post=509"}],"version-history":[{"count":16,"href":"https:\/\/hnp.org.br\/site2020\/wp-json\/wp\/v2\/pages\/509\/revisions"}],"predecessor-version":[{"id":802,"href":"https:\/\/hnp.org.br\/site2020\/wp-json\/wp\/v2\/pages\/509\/revisions\/802"}],"wp:attachment":[{"href":"https:\/\/hnp.org.br\/site2020\/wp-json\/wp\/v2\/media?parent=509"}],"curies":[{"name":"wp","href":"https:\/\/api.w.org\/{rel}","templated":true}]}}