{"id":503,"date":"2020-10-26T23:10:34","date_gmt":"2020-10-27T02:10:34","guid":{"rendered":"https:\/\/hnp.org.br\/site2020\/?page_id=503"},"modified":"2020-12-16T22:46:09","modified_gmt":"2020-12-17T01:46:09","slug":"centro-obstetrico","status":"publish","type":"page","link":"https:\/\/hnp.org.br\/site2020\/centro-obstetrico\/","title":{"rendered":"Centro Obst\u00e9trico"},"content":{"rendered":"\t\t<div data-elementor-type=\"wp-page\" data-elementor-id=\"503\" class=\"elementor elementor-503\" data-elementor-post-type=\"page\">\n\t\t\t\t\t\t<section class=\"has_ma_el_bg_slider elementor-section elementor-top-section elementor-element elementor-element-5e329fed elementor-section-boxed elementor-section-height-default elementor-section-height-default jltma-glass-effect-no\" data-id=\"5e329fed\" data-element_type=\"section\" data-settings=\"{&quot;background_background&quot;:&quot;classic&quot;}\">\n\t\t\t\t\t\t<div class=\"elementor-container elementor-column-gap-default\">\n\t\t\t\t\t<div class=\"has_ma_el_bg_slider elementor-column elementor-col-100 elementor-top-column elementor-element elementor-element-2570ff47 jltma-glass-effect-no\" data-id=\"2570ff47\" data-element_type=\"column\">\n\t\t\t<div class=\"elementor-widget-wrap elementor-element-populated\">\n\t\t\t\t\t\t<div class=\"elementor-element elementor-element-1be2a263 jltma-glass-effect-no elementor-widget elementor-widget-heading\" data-id=\"1be2a263\" data-element_type=\"widget\" data-widget_type=\"heading.default\">\n\t\t\t\t<div class=\"elementor-widget-container\">\n\t\t\t\t\t<h1 class=\"elementor-heading-title elementor-size-large\">CENTRO OBST\u00c9TRICO<\/h1>\t\t\t\t<\/div>\n\t\t\t\t<\/div>\n\t\t\t\t<div class=\"elementor-element elementor-element-55f46cb5 jltma-glass-effect-no elementor-widget elementor-widget-text-editor\" data-id=\"55f46cb5\" data-element_type=\"widget\" data-widget_type=\"text-editor.default\">\n\t\t\t\t<div class=\"elementor-widget-container\">\n\t\t\t\t\t\t\t\t\t<p style=\"text-align: center;\"><span style=\"color: #333333;\">Um espa\u00e7o novo e aconchegante para acolher a gestante durante o seu trabalho de parto, parto e nascimento.\u00a0<\/span><\/p>\t\t\t\t\t\t\t\t<\/div>\n\t\t\t\t<\/div>\n\t\t\t\t\t<\/div>\n\t\t<\/div>\n\t\t\t\t\t<\/div>\n\t\t<\/section>\n\t\t\t\t<section class=\"has_ma_el_bg_slider elementor-section elementor-top-section elementor-element elementor-element-3aef07b elementor-section-full_width elementor-section-height-default elementor-section-height-default jltma-glass-effect-no\" data-id=\"3aef07b\" data-element_type=\"section\">\n\t\t\t\t\t\t<div class=\"elementor-container elementor-column-gap-no\">\n\t\t\t\t\t<div class=\"has_ma_el_bg_slider elementor-column elementor-col-100 elementor-top-column elementor-element elementor-element-ec20a10 jltma-glass-effect-no\" data-id=\"ec20a10\" data-element_type=\"column\">\n\t\t\t<div class=\"elementor-widget-wrap elementor-element-populated\">\n\t\t\t\t\t\t<div class=\"elementor-element elementor-element-4a8e8db elementor-arrows-position-inside jltma-glass-effect-no elementor-widget elementor-widget-image-carousel\" data-id=\"4a8e8db\" data-element_type=\"widget\" data-settings=\"{&quot;slides_to_show&quot;:&quot;2&quot;,&quot;slides_to_scroll&quot;:&quot;1&quot;,&quot;navigation&quot;:&quot;arrows&quot;,&quot;autoplay&quot;:&quot;yes&quot;,&quot;pause_on_hover&quot;:&quot;yes&quot;,&quot;pause_on_interaction&quot;:&quot;yes&quot;,&quot;autoplay_speed&quot;:5000,&quot;infinite&quot;:&quot;yes&quot;,&quot;speed&quot;:500}\" data-widget_type=\"image-carousel.default\">\n\t\t\t\t<div class=\"elementor-widget-container\">\n\t\t\t\t\t\t\t<div class=\"elementor-image-carousel-wrapper swiper\" role=\"region\" aria-roledescription=\"carousel\" aria-label=\"Carrossel de imagens\" dir=\"ltr\">\n\t\t\t<div class=\"elementor-image-carousel swiper-wrapper\" aria-live=\"off\">\n\t\t\t\t\t\t\t\t<div class=\"swiper-slide\" role=\"group\" aria-roledescription=\"slide\" aria-label=\"1 de 5\"><a data-elementor-open-lightbox=\"yes\" data-elementor-lightbox-slideshow=\"4a8e8db\" data-elementor-lightbox-title=\"centro-obstetrico_hnp_1\" data-e-action-hash=\"#elementor-action%3Aaction%3Dlightbox%26settings%3DeyJpZCI6NTU0LCJ1cmwiOiJodHRwczpcL1wvaG5wLm9yZy5iclwvc2l0ZTIwMjBcL3dwLWNvbnRlbnRcL3VwbG9hZHNcLzIwMjBcLzEwXC9jZW50cm8tb2JzdGV0cmljb19obnBfMS5qcGciLCJzbGlkZXNob3ciOiI0YThlOGRiIn0%3D\" href=\"https:\/\/hnp.org.br\/site2020\/wp-content\/uploads\/2020\/10\/centro-obstetrico_hnp_1.jpg\"><figure class=\"swiper-slide-inner\"><img decoding=\"async\" class=\"swiper-slide-image\" src=\"https:\/\/hnp.org.br\/site2020\/wp-content\/uploads\/2020\/10\/centro-obstetrico_hnp_1.jpg\" alt=\"centro-obstetrico_hnp_1\" \/><\/figure><\/a><\/div><div class=\"swiper-slide\" role=\"group\" aria-roledescription=\"slide\" aria-label=\"2 de 5\"><a data-elementor-open-lightbox=\"yes\" data-elementor-lightbox-slideshow=\"4a8e8db\" data-elementor-lightbox-title=\"centro-obstetrico_hnp_2\" data-e-action-hash=\"#elementor-action%3Aaction%3Dlightbox%26settings%3DeyJpZCI6NTU1LCJ1cmwiOiJodHRwczpcL1wvaG5wLm9yZy5iclwvc2l0ZTIwMjBcL3dwLWNvbnRlbnRcL3VwbG9hZHNcLzIwMjBcLzEwXC9jZW50cm8tb2JzdGV0cmljb19obnBfMi5qcGciLCJzbGlkZXNob3ciOiI0YThlOGRiIn0%3D\" href=\"https:\/\/hnp.org.br\/site2020\/wp-content\/uploads\/2020\/10\/centro-obstetrico_hnp_2.jpg\"><figure class=\"swiper-slide-inner\"><img decoding=\"async\" class=\"swiper-slide-image\" src=\"https:\/\/hnp.org.br\/site2020\/wp-content\/uploads\/2020\/10\/centro-obstetrico_hnp_2.jpg\" alt=\"centro-obstetrico_hnp_2\" \/><\/figure><\/a><\/div><div class=\"swiper-slide\" role=\"group\" aria-roledescription=\"slide\" aria-label=\"3 de 5\"><a data-elementor-open-lightbox=\"yes\" data-elementor-lightbox-slideshow=\"4a8e8db\" data-elementor-lightbox-title=\"centro-obstetrico_hnp_3\" data-e-action-hash=\"#elementor-action%3Aaction%3Dlightbox%26settings%3DeyJpZCI6NTU2LCJ1cmwiOiJodHRwczpcL1wvaG5wLm9yZy5iclwvc2l0ZTIwMjBcL3dwLWNvbnRlbnRcL3VwbG9hZHNcLzIwMjBcLzEwXC9jZW50cm8tb2JzdGV0cmljb19obnBfMy5qcGciLCJzbGlkZXNob3ciOiI0YThlOGRiIn0%3D\" href=\"https:\/\/hnp.org.br\/site2020\/wp-content\/uploads\/2020\/10\/centro-obstetrico_hnp_3.jpg\"><figure class=\"swiper-slide-inner\"><img decoding=\"async\" class=\"swiper-slide-image\" src=\"https:\/\/hnp.org.br\/site2020\/wp-content\/uploads\/2020\/10\/centro-obstetrico_hnp_3.jpg\" alt=\"centro-obstetrico_hnp_3\" \/><\/figure><\/a><\/div><div class=\"swiper-slide\" role=\"group\" aria-roledescription=\"slide\" aria-label=\"4 de 5\"><a data-elementor-open-lightbox=\"yes\" data-elementor-lightbox-slideshow=\"4a8e8db\" data-elementor-lightbox-title=\"centro-obstetrico_hnp_4\" data-e-action-hash=\"#elementor-action%3Aaction%3Dlightbox%26settings%3DeyJpZCI6NTU4LCJ1cmwiOiJodHRwczpcL1wvaG5wLm9yZy5iclwvc2l0ZTIwMjBcL3dwLWNvbnRlbnRcL3VwbG9hZHNcLzIwMjBcLzEwXC9jZW50cm8tb2JzdGV0cmljb19obnBfNC5qcGciLCJzbGlkZXNob3ciOiI0YThlOGRiIn0%3D\" href=\"https:\/\/hnp.org.br\/site2020\/wp-content\/uploads\/2020\/10\/centro-obstetrico_hnp_4.jpg\"><figure class=\"swiper-slide-inner\"><img decoding=\"async\" class=\"swiper-slide-image\" src=\"https:\/\/hnp.org.br\/site2020\/wp-content\/uploads\/2020\/10\/centro-obstetrico_hnp_4.jpg\" alt=\"centro-obstetrico_hnp_4\" \/><\/figure><\/a><\/div><div class=\"swiper-slide\" role=\"group\" aria-roledescription=\"slide\" aria-label=\"5 de 5\"><a data-elementor-open-lightbox=\"yes\" data-elementor-lightbox-slideshow=\"4a8e8db\" data-elementor-lightbox-title=\"centro-obstetrico_hnp_5\" data-e-action-hash=\"#elementor-action%3Aaction%3Dlightbox%26settings%3DeyJpZCI6NTU5LCJ1cmwiOiJodHRwczpcL1wvaG5wLm9yZy5iclwvc2l0ZTIwMjBcL3dwLWNvbnRlbnRcL3VwbG9hZHNcLzIwMjBcLzEwXC9jZW50cm8tb2JzdGV0cmljb19obnBfNS5qcGciLCJzbGlkZXNob3ciOiI0YThlOGRiIn0%3D\" href=\"https:\/\/hnp.org.br\/site2020\/wp-content\/uploads\/2020\/10\/centro-obstetrico_hnp_5.jpg\"><figure class=\"swiper-slide-inner\"><img decoding=\"async\" class=\"swiper-slide-image\" src=\"https:\/\/hnp.org.br\/site2020\/wp-content\/uploads\/2020\/10\/centro-obstetrico_hnp_5.jpg\" alt=\"centro-obstetrico_hnp_5\" \/><\/figure><\/a><\/div>\t\t\t<\/div>\n\t\t\t\t\t\t\t\t\t\t\t\t<div class=\"elementor-swiper-button elementor-swiper-button-prev\" role=\"button\" tabindex=\"0\">\n\t\t\t\t\t\t<i aria-hidden=\"true\" class=\"eicon-chevron-left\"><\/i>\t\t\t\t\t<\/div>\n\t\t\t\t\t<div class=\"elementor-swiper-button elementor-swiper-button-next\" role=\"button\" tabindex=\"0\">\n\t\t\t\t\t\t<i aria-hidden=\"true\" class=\"eicon-chevron-right\"><\/i>\t\t\t\t\t<\/div>\n\t\t\t\t\n\t\t\t\t\t\t\t\t\t<\/div>\n\t\t\t\t\t\t<\/div>\n\t\t\t\t<\/div>\n\t\t\t\t\t<\/div>\n\t\t<\/div>\n\t\t\t\t\t<\/div>\n\t\t<\/section>\n\t\t\t\t<section class=\"has_ma_el_bg_slider elementor-section elementor-top-section elementor-element elementor-element-125008a elementor-section-boxed elementor-section-height-default elementor-section-height-default jltma-glass-effect-no\" data-id=\"125008a\" data-element_type=\"section\">\n\t\t\t\t\t\t<div class=\"elementor-container elementor-column-gap-default\">\n\t\t\t\t\t<div class=\"has_ma_el_bg_slider elementor-column elementor-col-25 elementor-top-column elementor-element elementor-element-16431fa jltma-glass-effect-no\" data-id=\"16431fa\" data-element_type=\"column\">\n\t\t\t<div class=\"elementor-widget-wrap\">\n\t\t\t\t\t\t\t<\/div>\n\t\t<\/div>\n\t\t\t\t<div class=\"has_ma_el_bg_slider elementor-column elementor-col-50 elementor-top-column elementor-element elementor-element-4c74f69 jltma-glass-effect-no\" data-id=\"4c74f69\" data-element_type=\"column\">\n\t\t\t<div class=\"elementor-widget-wrap elementor-element-populated\">\n\t\t\t\t\t\t<div class=\"elementor-element elementor-element-53bd7b46 jltma-glass-effect-no elementor-widget elementor-widget-text-editor\" data-id=\"53bd7b46\" data-element_type=\"widget\" data-widget_type=\"text-editor.default\">\n\t\t\t\t<div class=\"elementor-widget-container\">\n\t\t\t\t\t\t\t\t\t<p><span style=\"color: var( --e-global-color-text ); font-family: var( --e-global-typography-text-font-family ); font-weight: var( --e-global-typography-text-font-weight ); font-size: 0.875rem;\">O servi\u00e7o de aten\u00e7\u00e3o obst\u00e9trica e neonatal conta com:<\/span><\/p><ul><li>Sala de acolhimento \u00e0 gestante<\/li><li>Quarto PPP (Pr\u00e9-parto, Parto e P\u00f3s-Parto)<\/li><li>Sala de exames e admiss\u00e3o<\/li><li>Espa\u00e7o para atendimento ao rec\u00e9m nascido<\/li><li>Leitos com alojamento conjunto para haja o v\u00ednculo da mam\u00e3e com o beb\u00ea desde o nascimento<\/li><\/ul>\t\t\t\t\t\t\t\t<\/div>\n\t\t\t\t<\/div>\n\t\t\t\t\t<\/div>\n\t\t<\/div>\n\t\t\t\t<div class=\"has_ma_el_bg_slider elementor-column elementor-col-25 elementor-top-column elementor-element elementor-element-ce111f2 jltma-glass-effect-no\" data-id=\"ce111f2\" data-element_type=\"column\">\n\t\t\t<div class=\"elementor-widget-wrap\">\n\t\t\t\t\t\t\t<\/div>\n\t\t<\/div>\n\t\t\t\t\t<\/div>\n\t\t<\/section>\n\t\t\t\t<section class=\"has_ma_el_bg_slider elementor-section elementor-top-section elementor-element elementor-element-b2f758a elementor-section-boxed elementor-section-height-default elementor-section-height-default jltma-glass-effect-no\" data-id=\"b2f758a\" data-element_type=\"section\">\n\t\t\t\t\t\t<div class=\"elementor-container elementor-column-gap-default\">\n\t\t\t\t\t<div class=\"has_ma_el_bg_slider elementor-column elementor-col-100 elementor-top-column elementor-element elementor-element-20bd91c jltma-glass-effect-no\" data-id=\"20bd91c\" data-element_type=\"column\">\n\t\t\t<div class=\"elementor-widget-wrap elementor-element-populated\">\n\t\t\t\t\t\t<div class=\"elementor-element elementor-element-720d4bc jltma-glass-effect-no elementor-widget elementor-widget-spacer\" data-id=\"720d4bc\" data-element_type=\"widget\" data-widget_type=\"spacer.default\">\n\t\t\t\t<div class=\"elementor-widget-container\">\n\t\t\t\t\t\t\t<div class=\"elementor-spacer\">\n\t\t\t<div class=\"elementor-spacer-inner\"><\/div>\n\t\t<\/div>\n\t\t\t\t\t\t<\/div>\n\t\t\t\t<\/div>\n\t\t\t\t\t<\/div>\n\t\t<\/div>\n\t\t\t\t\t<\/div>\n\t\t<\/section>\n\t\t\t\t<\/div>\n\t\t","protected":false},"excerpt":{"rendered":"<p>CENTRO OBST\u00c9TRICO Um espa\u00e7o novo e aconchegante para acolher a gestante durante o seu trabalho de parto, parto e nascimento.\u00a0 Anterior Pr\u00f3ximo O servi\u00e7o de aten\u00e7\u00e3o obst\u00e9trica e neonatal conta com: Sala de acolhimento \u00e0 gestante Quarto PPP (Pr\u00e9-parto, Parto e P\u00f3s-Parto) Sala de exames e admiss\u00e3o Espa\u00e7o para atendimento ao rec\u00e9m nascido Leitos com [&hellip;]<\/p>\n","protected":false},"author":1,"featured_media":0,"parent":0,"menu_order":0,"comment_status":"closed","ping_status":"closed","template":"elementor_header_footer","meta":{"_monsterinsights_skip_tracking":false,"_monsterinsights_sitenote_active":false,"_monsterinsights_sitenote_note":"","_monsterinsights_sitenote_category":0,"footnotes":""},"class_list":["post-503","page","type-page","status-publish","hentry"],"aioseo_notices":[],"_links":{"self":[{"href":"https:\/\/hnp.org.br\/site2020\/wp-json\/wp\/v2\/pages\/503","targetHints":{"allow":["GET"]}}],"collection":[{"href":"https:\/\/hnp.org.br\/site2020\/wp-json\/wp\/v2\/pages"}],"about":[{"href":"https:\/\/hnp.org.br\/site2020\/wp-json\/wp\/v2\/types\/page"}],"author":[{"embeddable":true,"href":"https:\/\/hnp.org.br\/site2020\/wp-json\/wp\/v2\/users\/1"}],"replies":[{"embeddable":true,"href":"https:\/\/hnp.org.br\/site2020\/wp-json\/wp\/v2\/comments?post=503"}],"version-history":[{"count":10,"href":"https:\/\/hnp.org.br\/site2020\/wp-json\/wp\/v2\/pages\/503\/revisions"}],"predecessor-version":[{"id":782,"href":"https:\/\/hnp.org.br\/site2020\/wp-json\/wp\/v2\/pages\/503\/revisions\/782"}],"wp:attachment":[{"href":"https:\/\/hnp.org.br\/site2020\/wp-json\/wp\/v2\/media?parent=503"}],"curies":[{"name":"wp","href":"https:\/\/api.w.org\/{rel}","templated":true}]}}