{"id":492,"date":"2020-10-26T22:18:52","date_gmt":"2020-10-27T01:18:52","guid":{"rendered":"https:\/\/hnp.org.br\/site2020\/?page_id=492"},"modified":"2020-12-16T22:39:33","modified_gmt":"2020-12-17T01:39:33","slug":"solicitacao-de-prontuario","status":"publish","type":"page","link":"https:\/\/hnp.org.br\/site2020\/solicitacao-de-prontuario\/","title":{"rendered":"Solicita\u00e7\u00e3o de Prontu\u00e1rio"},"content":{"rendered":"\t\t<div data-elementor-type=\"wp-page\" data-elementor-id=\"492\" class=\"elementor elementor-492\" data-elementor-post-type=\"page\">\n\t\t\t\t\t\t<section class=\"has_ma_el_bg_slider elementor-section elementor-top-section elementor-element elementor-element-17246ecc elementor-section-boxed elementor-section-height-default elementor-section-height-default jltma-glass-effect-no\" data-id=\"17246ecc\" data-element_type=\"section\" data-settings=\"{&quot;background_background&quot;:&quot;classic&quot;}\">\n\t\t\t\t\t\t<div class=\"elementor-container elementor-column-gap-default\">\n\t\t\t\t\t<div class=\"has_ma_el_bg_slider elementor-column elementor-col-100 elementor-top-column elementor-element elementor-element-1ee7e77e jltma-glass-effect-no\" data-id=\"1ee7e77e\" data-element_type=\"column\">\n\t\t\t<div class=\"elementor-widget-wrap elementor-element-populated\">\n\t\t\t\t\t\t<div class=\"elementor-element elementor-element-4c747a80 jltma-glass-effect-no elementor-widget elementor-widget-heading\" data-id=\"4c747a80\" data-element_type=\"widget\" data-widget_type=\"heading.default\">\n\t\t\t\t<div class=\"elementor-widget-container\">\n\t\t\t\t\t<h1 class=\"elementor-heading-title elementor-size-large\">SOLICITA\u00c7\u00d5ES DE PRONTU\u00c1RIOS<\/h1>\t\t\t\t<\/div>\n\t\t\t\t<\/div>\n\t\t\t\t<div class=\"elementor-element elementor-element-4361d205 jltma-glass-effect-no elementor-widget elementor-widget-text-editor\" data-id=\"4361d205\" data-element_type=\"widget\" data-widget_type=\"text-editor.default\">\n\t\t\t\t<div class=\"elementor-widget-container\">\n\t\t\t\t\t\t\t\t\t<p style=\"text-align: center;\"><span style=\"color: #333333;\">Veja como solicitar seu prontu\u00e1rio no HNP<\/span><\/p>\t\t\t\t\t\t\t\t<\/div>\n\t\t\t\t<\/div>\n\t\t\t\t\t<\/div>\n\t\t<\/div>\n\t\t\t\t\t<\/div>\n\t\t<\/section>\n\t\t\t\t<section class=\"has_ma_el_bg_slider elementor-section elementor-top-section elementor-element elementor-element-40f7700 elementor-section-boxed elementor-section-height-default elementor-section-height-default jltma-glass-effect-no\" data-id=\"40f7700\" data-element_type=\"section\">\n\t\t\t\t\t\t<div class=\"elementor-container elementor-column-gap-default\">\n\t\t\t\t\t<div class=\"has_ma_el_bg_slider elementor-column elementor-col-16 elementor-top-column elementor-element elementor-element-27f067a jltma-glass-effect-no\" data-id=\"27f067a\" data-element_type=\"column\">\n\t\t\t<div class=\"elementor-widget-wrap\">\n\t\t\t\t\t\t\t<\/div>\n\t\t<\/div>\n\t\t\t\t<div class=\"has_ma_el_bg_slider elementor-column elementor-col-66 elementor-top-column elementor-element elementor-element-c537bb4 jltma-glass-effect-no\" data-id=\"c537bb4\" data-element_type=\"column\">\n\t\t\t<div class=\"elementor-widget-wrap elementor-element-populated\">\n\t\t\t\t\t\t<div class=\"elementor-element elementor-element-1b8fb251 jltma-glass-effect-no elementor-widget elementor-widget-text-editor\" data-id=\"1b8fb251\" data-element_type=\"widget\" data-widget_type=\"text-editor.default\">\n\t\t\t\t<div class=\"elementor-widget-container\">\n\t\t\t\t\t\t\t\t\t<p><strong>O Prontu\u00e1rio M\u00e9dico \u00e9 um conjunto de informa\u00e7\u00f5es descritas relativas \u00e0 assist\u00eancia prestada ao paciente dentro do hospital, por interm\u00e9dio dos seus profissionais, desde o seu ingresso at\u00e9 o momento da alta. As informa\u00e7\u00f5es contidas nele s\u00e3o sigilosas e dizem respeito somente ao paciente e aos profissionais que estiveram envolvidos em seu tratamento.<\/strong><\/p><p>Portanto, por se tratar de dados confidenciais e que dizem respeito \u00e0 vida \u00edntima, somente o pr\u00f3prio paciente ou o seu respons\u00e1vel legal podem dispor do Prontu\u00e1rio M\u00e9dico.<\/p><p>Dessa maneira, somente podem solicitar uma c\u00f3pia do Prontu\u00e1rio M\u00e9dico:<\/p><ul><li>O pr\u00f3prio paciente, mediante apresenta\u00e7\u00e3o de um documento de identidade;<\/li><li>Um respons\u00e1vel legal, mediante a apresenta\u00e7\u00e3o de uma procura\u00e7\u00e3o devidamente registrada;<\/li><li>Para menores de 18 anos, somente os pais, mediante a comprova\u00e7\u00e3o do v\u00ednculo familiar;<\/li><li>Ju\u00edzes e autoridades policiais, mediante uma solicita\u00e7\u00e3o oficial;<\/li><li>Em casos de \u00f3bito, somente o vi\u00favo(a) ou filho(a), mediante a apresenta\u00e7\u00e3o da Certid\u00e3o de \u00d3bito e um documento que comprove o parentesco.<\/li><\/ul><p><strong>As solicita\u00e7\u00f5es de c\u00f3pias de prontu\u00e1rios devem ser realizadas de forma presencial na recep\u00e7\u00e3o do hospital.<\/strong><\/p><p>O prazo de entrega varia conforme a data do atendimento solicitado:<\/p><ul><li>Atendimentos com at\u00e9 10 anos: 05 dias uteis<\/li><li>Atendimentos com mais de 10 anos: 08 dias uteis<\/li><\/ul>\t\t\t\t\t\t\t\t<\/div>\n\t\t\t\t<\/div>\n\t\t\t\t<div class=\"elementor-element elementor-element-ac34597 jltma-glass-effect-no elementor-widget elementor-widget-text-editor\" data-id=\"ac34597\" data-element_type=\"widget\" data-widget_type=\"text-editor.default\">\n\t\t\t\t<div class=\"elementor-widget-container\">\n\t\t\t\t\t\t\t\t\t<p><strong>\u00a0<\/strong><\/p><p><strong>Artigo 69 &#8211; C\u00f3digo de \u00c9tica M\u00e9dica. Resolu\u00e7\u00e3o 1605\/2000<\/strong><\/p><p><em>O prontu\u00e1rio \u00e9 um documento que pertence ao paciente e sua guarda deve ser exercida pela institui\u00e7\u00e3o de sa\u00fade.<br \/>Portanto somente podem ser liberados para outros com autoriza\u00e7\u00e3o expressa do paciente.<\/em><\/p>\t\t\t\t\t\t\t\t<\/div>\n\t\t\t\t<\/div>\n\t\t\t\t\t<\/div>\n\t\t<\/div>\n\t\t\t\t<div class=\"has_ma_el_bg_slider elementor-column elementor-col-16 elementor-top-column elementor-element elementor-element-0b212bd jltma-glass-effect-no\" data-id=\"0b212bd\" data-element_type=\"column\">\n\t\t\t<div class=\"elementor-widget-wrap\">\n\t\t\t\t\t\t\t<\/div>\n\t\t<\/div>\n\t\t\t\t\t<\/div>\n\t\t<\/section>\n\t\t\t\t<section class=\"has_ma_el_bg_slider elementor-section elementor-top-section elementor-element elementor-element-4a2e3b3 elementor-section-boxed elementor-section-height-default elementor-section-height-default jltma-glass-effect-no\" data-id=\"4a2e3b3\" data-element_type=\"section\">\n\t\t\t\t\t\t<div class=\"elementor-container elementor-column-gap-default\">\n\t\t\t\t\t<div class=\"has_ma_el_bg_slider elementor-column elementor-col-100 elementor-top-column elementor-element elementor-element-7e6372a jltma-glass-effect-no\" data-id=\"7e6372a\" data-element_type=\"column\">\n\t\t\t<div class=\"elementor-widget-wrap elementor-element-populated\">\n\t\t\t\t\t\t<div class=\"elementor-element elementor-element-58d5fcd jltma-glass-effect-no elementor-widget elementor-widget-spacer\" data-id=\"58d5fcd\" data-element_type=\"widget\" data-widget_type=\"spacer.default\">\n\t\t\t\t<div class=\"elementor-widget-container\">\n\t\t\t\t\t\t\t<div class=\"elementor-spacer\">\n\t\t\t<div class=\"elementor-spacer-inner\"><\/div>\n\t\t<\/div>\n\t\t\t\t\t\t<\/div>\n\t\t\t\t<\/div>\n\t\t\t\t\t<\/div>\n\t\t<\/div>\n\t\t\t\t\t<\/div>\n\t\t<\/section>\n\t\t\t\t<\/div>\n\t\t","protected":false},"excerpt":{"rendered":"<p>SOLICITA\u00c7\u00d5ES DE PRONTU\u00c1RIOS Veja como solicitar seu prontu\u00e1rio no HNP O Prontu\u00e1rio M\u00e9dico \u00e9 um conjunto de informa\u00e7\u00f5es descritas relativas \u00e0 assist\u00eancia prestada ao paciente dentro do hospital, por interm\u00e9dio dos seus profissionais, desde o seu ingresso at\u00e9 o momento da alta. As informa\u00e7\u00f5es contidas nele s\u00e3o sigilosas e dizem respeito somente ao paciente e [&hellip;]<\/p>\n","protected":false},"author":1,"featured_media":0,"parent":0,"menu_order":0,"comment_status":"closed","ping_status":"closed","template":"elementor_header_footer","meta":{"_monsterinsights_skip_tracking":false,"_monsterinsights_sitenote_active":false,"_monsterinsights_sitenote_note":"","_monsterinsights_sitenote_category":0,"footnotes":""},"class_list":["post-492","page","type-page","status-publish","hentry"],"aioseo_notices":[],"_links":{"self":[{"href":"https:\/\/hnp.org.br\/site2020\/wp-json\/wp\/v2\/pages\/492","targetHints":{"allow":["GET"]}}],"collection":[{"href":"https:\/\/hnp.org.br\/site2020\/wp-json\/wp\/v2\/pages"}],"about":[{"href":"https:\/\/hnp.org.br\/site2020\/wp-json\/wp\/v2\/types\/page"}],"author":[{"embeddable":true,"href":"https:\/\/hnp.org.br\/site2020\/wp-json\/wp\/v2\/users\/1"}],"replies":[{"embeddable":true,"href":"https:\/\/hnp.org.br\/site2020\/wp-json\/wp\/v2\/comments?post=492"}],"version-history":[{"count":8,"href":"https:\/\/hnp.org.br\/site2020\/wp-json\/wp\/v2\/pages\/492\/revisions"}],"predecessor-version":[{"id":775,"href":"https:\/\/hnp.org.br\/site2020\/wp-json\/wp\/v2\/pages\/492\/revisions\/775"}],"wp:attachment":[{"href":"https:\/\/hnp.org.br\/site2020\/wp-json\/wp\/v2\/media?parent=492"}],"curies":[{"name":"wp","href":"https:\/\/api.w.org\/{rel}","templated":true}]}}