{"id":479,"date":"2020-10-26T22:06:30","date_gmt":"2020-10-27T01:06:30","guid":{"rendered":"https:\/\/hnp.org.br\/site2020\/?page_id=479"},"modified":"2021-07-20T23:27:51","modified_gmt":"2021-07-21T02:27:51","slug":"manual-do-paciente","status":"publish","type":"page","link":"https:\/\/hnp.org.br\/site2020\/manual-do-paciente\/","title":{"rendered":"Manual do Paciente"},"content":{"rendered":"\t\t<div data-elementor-type=\"wp-page\" data-elementor-id=\"479\" class=\"elementor elementor-479\" data-elementor-post-type=\"page\">\n\t\t\t\t\t\t<section class=\"has_ma_el_bg_slider elementor-section elementor-top-section elementor-element elementor-element-b12fb9e elementor-section-boxed elementor-section-height-default elementor-section-height-default jltma-glass-effect-no\" data-id=\"b12fb9e\" data-element_type=\"section\" data-settings=\"{&quot;background_background&quot;:&quot;classic&quot;}\">\n\t\t\t\t\t\t<div class=\"elementor-container elementor-column-gap-default\">\n\t\t\t\t\t<div class=\"has_ma_el_bg_slider elementor-column elementor-col-100 elementor-top-column elementor-element elementor-element-e932115 jltma-glass-effect-no\" data-id=\"e932115\" data-element_type=\"column\">\n\t\t\t<div class=\"elementor-widget-wrap elementor-element-populated\">\n\t\t\t\t\t\t<div class=\"elementor-element elementor-element-074452b jltma-glass-effect-no elementor-widget elementor-widget-heading\" data-id=\"074452b\" data-element_type=\"widget\" data-widget_type=\"heading.default\">\n\t\t\t\t<div class=\"elementor-widget-container\">\n\t\t\t\t\t<h1 class=\"elementor-heading-title elementor-size-large\">MANUAL DO PACIENTE<\/h1>\t\t\t\t<\/div>\n\t\t\t\t<\/div>\n\t\t\t\t<div class=\"elementor-element elementor-element-7ba5af2 jltma-glass-effect-no elementor-widget elementor-widget-text-editor\" data-id=\"7ba5af2\" data-element_type=\"widget\" data-widget_type=\"text-editor.default\">\n\t\t\t\t<div class=\"elementor-widget-container\">\n\t\t\t\t\t\t\t\t\t<p style=\"text-align: center;\"><span style=\"color: #333333;\">Para um excelente atendimento hospitalar, conhe\u00e7a o regulamento interno<br \/><\/span><\/p>\t\t\t\t\t\t\t\t<\/div>\n\t\t\t\t<\/div>\n\t\t\t\t\t<\/div>\n\t\t<\/div>\n\t\t\t\t\t<\/div>\n\t\t<\/section>\n\t\t\t\t<section class=\"has_ma_el_bg_slider elementor-section elementor-top-section elementor-element elementor-element-fbf259e elementor-section-boxed elementor-section-height-default elementor-section-height-default jltma-glass-effect-no\" data-id=\"fbf259e\" data-element_type=\"section\">\n\t\t\t\t\t\t<div class=\"elementor-container elementor-column-gap-default\">\n\t\t\t\t\t<div class=\"has_ma_el_bg_slider elementor-column elementor-col-100 elementor-top-column elementor-element elementor-element-9693bf4 jltma-glass-effect-no\" data-id=\"9693bf4\" data-element_type=\"column\">\n\t\t\t<div class=\"elementor-widget-wrap elementor-element-populated\">\n\t\t\t\t\t\t<div class=\"elementor-element elementor-element-e562ab4 jltma-glass-effect-no elementor-widget elementor-widget-spacer\" data-id=\"e562ab4\" data-element_type=\"widget\" data-widget_type=\"spacer.default\">\n\t\t\t\t<div class=\"elementor-widget-container\">\n\t\t\t\t\t\t\t<div class=\"elementor-spacer\">\n\t\t\t<div class=\"elementor-spacer-inner\"><\/div>\n\t\t<\/div>\n\t\t\t\t\t\t<\/div>\n\t\t\t\t<\/div>\n\t\t\t\t<div class=\"elementor-element elementor-element-9a12ede jltma-glass-effect-no elementor-widget elementor-widget-text-editor\" data-id=\"9a12ede\" data-element_type=\"widget\" data-widget_type=\"text-editor.default\">\n\t\t\t\t<div class=\"elementor-widget-container\">\n\t\t\t\t\t\t\t\t\t<ul><li>Procure manter o sil\u00eancio no ambiente hospitalar.<\/li><li>Para chamar a equipe de enfermagem nos quartos, h\u00e1 uma campainha na cabeceira do leito.<\/li><li>N\u00e3o chavear a porta do quarto, pois a equipe precisa de acesso livre para atender seu familiar.<\/li><li>A pulseira de identifica\u00e7\u00e3o \u00e9 uma forma de identificar o paciente e proporcionar seguran\u00e7a no seu atendimento, por isso nunca retire esta pulseira. Se a mesma cair, solicitar uma nova \u00e0 equipe de enfermagem.<\/li><li>A dieta hospitalar faz parte do tratamento do paciente e \u00e9 prescrita exclusivamente pelo m\u00e9dico ou nutricionista. Desta forma, orientamos oferecer somente a dieta e alimentos fornecidos pelo servi\u00e7o de nutri\u00e7\u00e3o de hospital, exceto com a libera\u00e7\u00e3o m\u00e9dica em casos espec\u00edficos. Se o paciente n\u00e3o tiver restri\u00e7\u00f5es de posicionamento no leito, mant\u00ea-lo com a cabeceira elevada ou sentado durante as refei\u00e7\u00f5es.<\/li><li>Manter a cabeceira e objetos pessoais ao alcance do paciente.<\/li><li>O paciente deve utilizar sapatos bem ajustados e com solado antiderrapante.<\/li><li>Se o paciente apresentar algum risco para queda, conforme orienta\u00e7\u00f5es da equipe de enfermagem, devem ser mantidas as grades elevadas no leito, al\u00e9m de solicita\u00e7\u00e3o de aux\u00edlio nas retiradas do paciente do leito.<\/li><li>Em acomoda\u00e7\u00f5es semi-privativas e coletivas solicitamos, caso haja uma cama vazia, que ela n\u00e3o seja utilizada, pois a mesma j\u00e1 est\u00e1 pronta para receber outro paciente. O acompanhante deve utilizar a poltrona que est\u00e1 dispon\u00edvel no quarto para cada leito.<\/li><li>Evite mudar a posi\u00e7\u00e3o dos m\u00f3veis do quarto, pois isso pode gerar danos no mobili\u00e1rio e eventuais acidentes.<\/li><li>A equipe de enfermagem trabalha nas 24 horas dia em tr\u00eas turnos e equipes diferentes: manh\u00e3, tarde e noite. Em virtude disso, temos a passagem de plant\u00e3o das equipes que ocorrem sempre nos seguintes hor\u00e1rios: 07h, 13h e 19h.<\/li><li>Conforme o Decreto Federal n\u00ba. 8.262 de 31 de maio de 2014, \u00e9 proibido fumar nas depend\u00eancias do hospital.<\/li><li>O uso do celular para fotos e filmagens expondo a assist\u00eancia hospitalar n\u00e3o \u00e9 permitida a fim de preservar a privacidade dos pacientes.<\/li><li>\u00c9 necess\u00e1rio a perman\u00eancia de um acompanhante durante toda a interna\u00e7\u00e3o para pacientes com idade maior ou igual a 60 anos e menores de 18 anos ou conforme avalia\u00e7\u00e3o da equipe de enfermagem em virtude do grau de complexidade e depend\u00eancia do paciente.<\/li><li>Caso o paciente necessite urinar ou evacuar e n\u00e3o se sinta bem para ir ao banheiro, poder\u00e1 faz\u00ea-lo na \u201ccomadre\u201d ou \u201cpapagaio\u201d. Caso necess\u00e1rio, solicitar ajuda.<\/li><li>Procure solicitar o aux\u00edlio da equipe de enfermagem quando houver a necessidade de sair do leito.<\/li><li>Quando o m\u00e9dico comunicar a alta hospitalar, solicitamos que permane\u00e7am no quarto aguardando a libera\u00e7\u00e3o pela equipe de enfermagem.<\/li><\/ul>\t\t\t\t\t\t\t\t<\/div>\n\t\t\t\t<\/div>\n\t\t\t\t\t<\/div>\n\t\t<\/div>\n\t\t\t\t\t<\/div>\n\t\t<\/section>\n\t\t\t\t<section class=\"has_ma_el_bg_slider elementor-section elementor-top-section elementor-element elementor-element-50effeb elementor-section-boxed elementor-section-height-default elementor-section-height-default jltma-glass-effect-no\" data-id=\"50effeb\" data-element_type=\"section\">\n\t\t\t\t\t\t<div class=\"elementor-container elementor-column-gap-default\">\n\t\t\t\t\t<div class=\"has_ma_el_bg_slider elementor-column elementor-col-100 elementor-top-column elementor-element elementor-element-7c1bd16 jltma-glass-effect-no\" data-id=\"7c1bd16\" data-element_type=\"column\">\n\t\t\t<div class=\"elementor-widget-wrap elementor-element-populated\">\n\t\t\t\t\t\t<div class=\"elementor-element elementor-element-7691e2b jltma-glass-effect-no elementor-widget elementor-widget-spacer\" data-id=\"7691e2b\" data-element_type=\"widget\" data-widget_type=\"spacer.default\">\n\t\t\t\t<div class=\"elementor-widget-container\">\n\t\t\t\t\t\t\t<div class=\"elementor-spacer\">\n\t\t\t<div class=\"elementor-spacer-inner\"><\/div>\n\t\t<\/div>\n\t\t\t\t\t\t<\/div>\n\t\t\t\t<\/div>\n\t\t\t\t\t<\/div>\n\t\t<\/div>\n\t\t\t\t\t<\/div>\n\t\t<\/section>\n\t\t\t\t<\/div>\n\t\t","protected":false},"excerpt":{"rendered":"<p>MANUAL DO PACIENTE Para um excelente atendimento hospitalar, conhe\u00e7a o regulamento interno Procure manter o sil\u00eancio no ambiente hospitalar. Para chamar a equipe de enfermagem nos quartos, h\u00e1 uma campainha na cabeceira do leito. N\u00e3o chavear a porta do quarto, pois a equipe precisa de acesso livre para atender seu familiar. A pulseira de identifica\u00e7\u00e3o [&hellip;]<\/p>\n","protected":false},"author":1,"featured_media":0,"parent":0,"menu_order":0,"comment_status":"closed","ping_status":"closed","template":"elementor_header_footer","meta":{"_monsterinsights_skip_tracking":false,"_monsterinsights_sitenote_active":false,"_monsterinsights_sitenote_note":"","_monsterinsights_sitenote_category":0,"footnotes":""},"class_list":["post-479","page","type-page","status-publish","hentry"],"aioseo_notices":[],"_links":{"self":[{"href":"https:\/\/hnp.org.br\/site2020\/wp-json\/wp\/v2\/pages\/479","targetHints":{"allow":["GET"]}}],"collection":[{"href":"https:\/\/hnp.org.br\/site2020\/wp-json\/wp\/v2\/pages"}],"about":[{"href":"https:\/\/hnp.org.br\/site2020\/wp-json\/wp\/v2\/types\/page"}],"author":[{"embeddable":true,"href":"https:\/\/hnp.org.br\/site2020\/wp-json\/wp\/v2\/users\/1"}],"replies":[{"embeddable":true,"href":"https:\/\/hnp.org.br\/site2020\/wp-json\/wp\/v2\/comments?post=479"}],"version-history":[{"count":14,"href":"https:\/\/hnp.org.br\/site2020\/wp-json\/wp\/v2\/pages\/479\/revisions"}],"predecessor-version":[{"id":1066,"href":"https:\/\/hnp.org.br\/site2020\/wp-json\/wp\/v2\/pages\/479\/revisions\/1066"}],"wp:attachment":[{"href":"https:\/\/hnp.org.br\/site2020\/wp-json\/wp\/v2\/media?parent=479"}],"curies":[{"name":"wp","href":"https:\/\/api.w.org\/{rel}","templated":true}]}}