{"id":475,"date":"2020-10-26T21:58:10","date_gmt":"2020-10-27T00:58:10","guid":{"rendered":"https:\/\/hnp.org.br\/site2020\/?page_id=475"},"modified":"2021-07-13T23:50:50","modified_gmt":"2021-07-14T02:50:50","slug":"horario-de-visitas","status":"publish","type":"page","link":"https:\/\/hnp.org.br\/site2020\/horario-de-visitas\/","title":{"rendered":"Hor\u00e1rio de Visitas"},"content":{"rendered":"\t\t<div data-elementor-type=\"wp-page\" data-elementor-id=\"475\" class=\"elementor elementor-475\" data-elementor-post-type=\"page\">\n\t\t\t\t\t\t<section class=\"has_ma_el_bg_slider elementor-section elementor-top-section elementor-element elementor-element-280e7af elementor-section-boxed elementor-section-height-default elementor-section-height-default jltma-glass-effect-no\" data-id=\"280e7af\" data-element_type=\"section\" data-settings=\"{&quot;background_background&quot;:&quot;classic&quot;}\">\n\t\t\t\t\t\t<div class=\"elementor-container elementor-column-gap-default\">\n\t\t\t\t\t<div class=\"has_ma_el_bg_slider elementor-column elementor-col-100 elementor-top-column elementor-element elementor-element-958acfc jltma-glass-effect-no\" data-id=\"958acfc\" data-element_type=\"column\">\n\t\t\t<div class=\"elementor-widget-wrap elementor-element-populated\">\n\t\t\t\t\t\t<div class=\"elementor-element elementor-element-b5999e1 jltma-glass-effect-no elementor-widget elementor-widget-heading\" data-id=\"b5999e1\" data-element_type=\"widget\" data-widget_type=\"heading.default\">\n\t\t\t\t<div class=\"elementor-widget-container\">\n\t\t\t\t\t<h1 class=\"elementor-heading-title elementor-size-large\">HOR\u00c1RIO DE VISITAS<\/h1>\t\t\t\t<\/div>\n\t\t\t\t<\/div>\n\t\t\t\t<div class=\"elementor-element elementor-element-f5215fa jltma-glass-effect-no elementor-widget elementor-widget-text-editor\" data-id=\"f5215fa\" data-element_type=\"widget\" data-widget_type=\"text-editor.default\">\n\t\t\t\t<div class=\"elementor-widget-container\">\n\t\t\t\t\t\t\t\t\t<p style=\"text-align: center;\">Aten\u00e7\u00e3o para os novos hor\u00e1rios de visita\u00e7\u00e3o<\/p>\t\t\t\t\t\t\t\t<\/div>\n\t\t\t\t<\/div>\n\t\t\t\t\t<\/div>\n\t\t<\/div>\n\t\t\t\t\t<\/div>\n\t\t<\/section>\n\t\t\t\t<section class=\"has_ma_el_bg_slider elementor-section elementor-top-section elementor-element elementor-element-3ac264a elementor-section-boxed elementor-section-height-default elementor-section-height-default jltma-glass-effect-no\" data-id=\"3ac264a\" data-element_type=\"section\">\n\t\t\t\t\t\t<div class=\"elementor-container elementor-column-gap-default\">\n\t\t\t\t\t<div class=\"has_ma_el_bg_slider elementor-column elementor-col-100 elementor-top-column elementor-element elementor-element-b90e941 jltma-glass-effect-no\" data-id=\"b90e941\" data-element_type=\"column\">\n\t\t\t<div class=\"elementor-widget-wrap elementor-element-populated\">\n\t\t\t\t\t\t<div class=\"elementor-element elementor-element-bd90167 jltma-glass-effect-no elementor-widget elementor-widget-spacer\" data-id=\"bd90167\" data-element_type=\"widget\" data-widget_type=\"spacer.default\">\n\t\t\t\t<div class=\"elementor-widget-container\">\n\t\t\t\t\t\t\t<div class=\"elementor-spacer\">\n\t\t\t<div class=\"elementor-spacer-inner\"><\/div>\n\t\t<\/div>\n\t\t\t\t\t\t<\/div>\n\t\t\t\t<\/div>\n\t\t\t\t\t<\/div>\n\t\t<\/div>\n\t\t\t\t\t<\/div>\n\t\t<\/section>\n\t\t\t\t<section class=\"has_ma_el_bg_slider elementor-section elementor-top-section elementor-element elementor-element-0238ab7 elementor-section-content-middle elementor-section-boxed elementor-section-height-default elementor-section-height-default jltma-glass-effect-no\" data-id=\"0238ab7\" data-element_type=\"section\">\n\t\t\t\t\t\t<div class=\"elementor-container elementor-column-gap-default\">\n\t\t\t\t\t<div class=\"has_ma_el_bg_slider elementor-column elementor-col-25 elementor-top-column elementor-element elementor-element-6fcba6f jltma-glass-effect-no\" data-id=\"6fcba6f\" data-element_type=\"column\">\n\t\t\t<div class=\"elementor-widget-wrap\">\n\t\t\t\t\t\t\t<\/div>\n\t\t<\/div>\n\t\t\t\t<div class=\"has_ma_el_bg_slider elementor-column elementor-col-25 elementor-top-column elementor-element elementor-element-7f710a2 jltma-glass-effect-no\" data-id=\"7f710a2\" data-element_type=\"column\" data-settings=\"{&quot;background_background&quot;:&quot;gradient&quot;}\">\n\t\t\t<div class=\"elementor-widget-wrap elementor-element-populated\">\n\t\t\t\t\t\t<div class=\"elementor-element elementor-element-bd8d7ba jltma-glass-effect-no elementor-widget elementor-widget-text-editor\" data-id=\"bd8d7ba\" data-element_type=\"widget\" data-widget_type=\"text-editor.default\">\n\t\t\t\t<div class=\"elementor-widget-container\">\n\t\t\t\t\t\t\t\t\t<h3>&nbsp;<\/h3>\n<h3 style=\"text-align: center;\"><strong><u>SUS<\/u><\/strong><\/h3>\n<p style=\"text-align: center;\"><span style=\"color: var( --e-global-color-text ); font-family: var( --e-global-typography-text-font-family ), Sans-serif; font-weight: var( --e-global-typography-text-font-weight ); background-color: transparent; font-size: 0.875rem;\">Tarde \u2013 12:00 \u00e0s 13:30<\/span><br><\/p>\n<p style=\"text-align: center;\">Noite \u2013 18:00 \u00e0s 19:30<\/p>\t\t\t\t\t\t\t\t<\/div>\n\t\t\t\t<\/div>\n\t\t\t\t\t<\/div>\n\t\t<\/div>\n\t\t\t\t<div class=\"has_ma_el_bg_slider elementor-column elementor-col-25 elementor-top-column elementor-element elementor-element-36f1d44 jltma-glass-effect-no\" data-id=\"36f1d44\" data-element_type=\"column\" data-settings=\"{&quot;background_background&quot;:&quot;gradient&quot;}\">\n\t\t\t<div class=\"elementor-widget-wrap elementor-element-populated\">\n\t\t\t\t\t\t<div class=\"elementor-element elementor-element-13e8eb8 jltma-glass-effect-no elementor-widget elementor-widget-text-editor\" data-id=\"13e8eb8\" data-element_type=\"widget\" data-widget_type=\"text-editor.default\">\n\t\t\t\t<div class=\"elementor-widget-container\">\n\t\t\t\t\t\t\t\t\t<h3 style=\"text-align: center;\"><b><u><br \/><br \/>CONV\u00caNIOS E <br \/>PARTICULARES<\/u><\/b><\/h3><p style=\"text-align: center;\">Diariamente<br \/>08:00 \u00e0s 20:00<\/p>\t\t\t\t\t\t\t\t<\/div>\n\t\t\t\t<\/div>\n\t\t\t\t\t<\/div>\n\t\t<\/div>\n\t\t\t\t<div class=\"has_ma_el_bg_slider elementor-column elementor-col-25 elementor-top-column elementor-element elementor-element-3e59cb8 jltma-glass-effect-no\" data-id=\"3e59cb8\" data-element_type=\"column\">\n\t\t\t<div class=\"elementor-widget-wrap\">\n\t\t\t\t\t\t\t<\/div>\n\t\t<\/div>\n\t\t\t\t\t<\/div>\n\t\t<\/section>\n\t\t\t\t<section class=\"has_ma_el_bg_slider elementor-section elementor-top-section elementor-element elementor-element-4554ec7 elementor-section-boxed elementor-section-height-default elementor-section-height-default jltma-glass-effect-no\" data-id=\"4554ec7\" data-element_type=\"section\">\n\t\t\t\t\t\t<div class=\"elementor-container elementor-column-gap-default\">\n\t\t\t\t\t<div class=\"has_ma_el_bg_slider elementor-column elementor-col-100 elementor-top-column elementor-element elementor-element-b0b9812 jltma-glass-effect-no\" data-id=\"b0b9812\" data-element_type=\"column\">\n\t\t\t<div class=\"elementor-widget-wrap elementor-element-populated\">\n\t\t\t\t\t\t<div class=\"elementor-element elementor-element-c6a1746 jltma-glass-effect-no elementor-widget elementor-widget-spacer\" data-id=\"c6a1746\" data-element_type=\"widget\" data-widget_type=\"spacer.default\">\n\t\t\t\t<div class=\"elementor-widget-container\">\n\t\t\t\t\t\t\t<div class=\"elementor-spacer\">\n\t\t\t<div class=\"elementor-spacer-inner\"><\/div>\n\t\t<\/div>\n\t\t\t\t\t\t<\/div>\n\t\t\t\t<\/div>\n\t\t\t\t\t<\/div>\n\t\t<\/div>\n\t\t\t\t\t<\/div>\n\t\t<\/section>\n\t\t\t\t<section class=\"has_ma_el_bg_slider elementor-section elementor-top-section elementor-element elementor-element-5b6890a elementor-section-boxed elementor-section-height-default elementor-section-height-default jltma-glass-effect-no\" data-id=\"5b6890a\" data-element_type=\"section\">\n\t\t\t\t\t\t<div class=\"elementor-container elementor-column-gap-default\">\n\t\t\t\t\t<div class=\"has_ma_el_bg_slider elementor-column elementor-col-16 elementor-top-column elementor-element elementor-element-5a58b76 jltma-glass-effect-no\" data-id=\"5a58b76\" data-element_type=\"column\">\n\t\t\t<div class=\"elementor-widget-wrap\">\n\t\t\t\t\t\t\t<\/div>\n\t\t<\/div>\n\t\t\t\t<div class=\"has_ma_el_bg_slider elementor-column elementor-col-66 elementor-top-column elementor-element elementor-element-afe9e95 jltma-glass-effect-no\" data-id=\"afe9e95\" data-element_type=\"column\">\n\t\t\t<div class=\"elementor-widget-wrap elementor-element-populated\">\n\t\t\t\t\t\t<div class=\"elementor-element elementor-element-eb41ec9 jltma-glass-effect-no elementor-widget elementor-widget-text-editor\" data-id=\"eb41ec9\" data-element_type=\"widget\" data-widget_type=\"text-editor.default\">\n\t\t\t\t<div class=\"elementor-widget-container\">\n\t\t\t\t\t\t\t\t\t<p><strong style=\"color: var( --e-global-color-text ); font-family: var( --e-global-typography-text-font-family ); font-size: 0.875rem;\"><em>Devido \u00e0 pandemia do novo coronav\u00edrus, as visitas aos pacientes est\u00e3o suspensas. Ser\u00e1 permitido somente o acesso a um acompanhante.<\/em><\/strong><\/p><ul><li>Os pacientes t\u00eam direito a 01 (um) acompanhante durante a sua interna\u00e7\u00e3o<\/li><li>S\u00e3o permitidos apenas 02 (dois) visitantes por vez<\/li><li>Pacientes em isolamento ou internados na sala de estabiliza\u00e7\u00e3o possuem restri\u00e7\u00f5es de visitas<\/li><li>N\u00e3o \u00e9 permitida a visita de crian\u00e7as menores de 12 anos, exceto quando autorizado pelo m\u00e9dico do paciente e mediante o preenchimento de um Termo de Responsabilidade na recep\u00e7\u00e3o do hospital<\/li><\/ul>\t\t\t\t\t\t\t\t<\/div>\n\t\t\t\t<\/div>\n\t\t\t\t\t<\/div>\n\t\t<\/div>\n\t\t\t\t<div class=\"has_ma_el_bg_slider elementor-column elementor-col-16 elementor-top-column elementor-element elementor-element-5faa615 jltma-glass-effect-no\" data-id=\"5faa615\" data-element_type=\"column\">\n\t\t\t<div class=\"elementor-widget-wrap\">\n\t\t\t\t\t\t\t<\/div>\n\t\t<\/div>\n\t\t\t\t\t<\/div>\n\t\t<\/section>\n\t\t\t\t<section class=\"has_ma_el_bg_slider elementor-section elementor-top-section elementor-element elementor-element-f4367c3 elementor-section-boxed elementor-section-height-default elementor-section-height-default jltma-glass-effect-no\" data-id=\"f4367c3\" data-element_type=\"section\">\n\t\t\t\t\t\t<div class=\"elementor-container elementor-column-gap-default\">\n\t\t\t\t\t<div class=\"has_ma_el_bg_slider elementor-column elementor-col-100 elementor-top-column elementor-element elementor-element-3e5b01f jltma-glass-effect-no\" data-id=\"3e5b01f\" data-element_type=\"column\">\n\t\t\t<div class=\"elementor-widget-wrap elementor-element-populated\">\n\t\t\t\t\t\t<div class=\"elementor-element elementor-element-7831936 jltma-glass-effect-no elementor-widget elementor-widget-spacer\" data-id=\"7831936\" data-element_type=\"widget\" data-widget_type=\"spacer.default\">\n\t\t\t\t<div class=\"elementor-widget-container\">\n\t\t\t\t\t\t\t<div class=\"elementor-spacer\">\n\t\t\t<div class=\"elementor-spacer-inner\"><\/div>\n\t\t<\/div>\n\t\t\t\t\t\t<\/div>\n\t\t\t\t<\/div>\n\t\t\t\t\t<\/div>\n\t\t<\/div>\n\t\t\t\t\t<\/div>\n\t\t<\/section>\n\t\t\t\t<\/div>\n\t\t","protected":false},"excerpt":{"rendered":"<p>HOR\u00c1RIO DE VISITAS Aten\u00e7\u00e3o para os novos hor\u00e1rios de visita\u00e7\u00e3o &nbsp; SUS Tarde \u2013 12:00 \u00e0s 13:30 Noite \u2013 18:00 \u00e0s 19:30 CONV\u00caNIOS E PARTICULARES Diariamente08:00 \u00e0s 20:00 Devido \u00e0 pandemia do novo coronav\u00edrus, as visitas aos pacientes est\u00e3o suspensas. Ser\u00e1 permitido somente o acesso a um acompanhante. Os pacientes t\u00eam direito a 01 (um) [&hellip;]<\/p>\n","protected":false},"author":1,"featured_media":0,"parent":0,"menu_order":0,"comment_status":"closed","ping_status":"closed","template":"elementor_header_footer","meta":{"_monsterinsights_skip_tracking":false,"_monsterinsights_sitenote_active":false,"_monsterinsights_sitenote_note":"","_monsterinsights_sitenote_category":0,"footnotes":""},"class_list":["post-475","page","type-page","status-publish","hentry"],"aioseo_notices":[],"_links":{"self":[{"href":"https:\/\/hnp.org.br\/site2020\/wp-json\/wp\/v2\/pages\/475","targetHints":{"allow":["GET"]}}],"collection":[{"href":"https:\/\/hnp.org.br\/site2020\/wp-json\/wp\/v2\/pages"}],"about":[{"href":"https:\/\/hnp.org.br\/site2020\/wp-json\/wp\/v2\/types\/page"}],"author":[{"embeddable":true,"href":"https:\/\/hnp.org.br\/site2020\/wp-json\/wp\/v2\/users\/1"}],"replies":[{"embeddable":true,"href":"https:\/\/hnp.org.br\/site2020\/wp-json\/wp\/v2\/comments?post=475"}],"version-history":[{"count":19,"href":"https:\/\/hnp.org.br\/site2020\/wp-json\/wp\/v2\/pages\/475\/revisions"}],"predecessor-version":[{"id":902,"href":"https:\/\/hnp.org.br\/site2020\/wp-json\/wp\/v2\/pages\/475\/revisions\/902"}],"wp:attachment":[{"href":"https:\/\/hnp.org.br\/site2020\/wp-json\/wp\/v2\/media?parent=475"}],"curies":[{"name":"wp","href":"https:\/\/api.w.org\/{rel}","templated":true}]}}