{"id":471,"date":"2020-10-26T21:36:07","date_gmt":"2020-10-27T00:36:07","guid":{"rendered":"https:\/\/hnp.org.br\/site2020\/?page_id=471"},"modified":"2020-12-16T22:40:58","modified_gmt":"2020-12-17T01:40:58","slug":"diretoria","status":"publish","type":"page","link":"https:\/\/hnp.org.br\/site2020\/diretoria\/","title":{"rendered":"Diretoria"},"content":{"rendered":"\t\t<div data-elementor-type=\"wp-page\" data-elementor-id=\"471\" class=\"elementor elementor-471\" data-elementor-post-type=\"page\">\n\t\t\t\t\t\t<section class=\"has_ma_el_bg_slider elementor-section elementor-top-section elementor-element elementor-element-712081e elementor-section-boxed elementor-section-height-default elementor-section-height-default jltma-glass-effect-no\" data-id=\"712081e\" data-element_type=\"section\" data-settings=\"{&quot;background_background&quot;:&quot;classic&quot;}\">\n\t\t\t\t\t\t<div class=\"elementor-container elementor-column-gap-default\">\n\t\t\t\t\t<div class=\"has_ma_el_bg_slider elementor-column elementor-col-100 elementor-top-column elementor-element elementor-element-028f5eb jltma-glass-effect-no\" data-id=\"028f5eb\" data-element_type=\"column\">\n\t\t\t<div class=\"elementor-widget-wrap elementor-element-populated\">\n\t\t\t\t\t\t<div class=\"elementor-element elementor-element-4688126 jltma-glass-effect-no elementor-widget elementor-widget-heading\" data-id=\"4688126\" data-element_type=\"widget\" data-widget_type=\"heading.default\">\n\t\t\t\t<div class=\"elementor-widget-container\">\n\t\t\t\t\t<h1 class=\"elementor-heading-title elementor-size-large\">DIRETORIA<\/h1>\t\t\t\t<\/div>\n\t\t\t\t<\/div>\n\t\t\t\t\t<\/div>\n\t\t<\/div>\n\t\t\t\t\t<\/div>\n\t\t<\/section>\n\t\t\t\t<section class=\"has_ma_el_bg_slider elementor-section elementor-top-section elementor-element elementor-element-3a79585 elementor-section-boxed elementor-section-height-default elementor-section-height-default jltma-glass-effect-no\" data-id=\"3a79585\" data-element_type=\"section\" data-settings=\"{&quot;background_background&quot;:&quot;classic&quot;}\">\n\t\t\t\t\t\t<div class=\"elementor-container elementor-column-gap-default\">\n\t\t\t\t\t<div class=\"has_ma_el_bg_slider elementor-column elementor-col-100 elementor-top-column elementor-element elementor-element-9796a3f jltma-glass-effect-no\" data-id=\"9796a3f\" data-element_type=\"column\">\n\t\t\t<div class=\"elementor-widget-wrap elementor-element-populated\">\n\t\t\t\t\t\t<div class=\"elementor-element elementor-element-d1d9eaf jltma-glass-effect-no elementor-widget elementor-widget-text-editor\" data-id=\"d1d9eaf\" data-element_type=\"widget\" data-widget_type=\"text-editor.default\">\n\t\t\t\t<div class=\"elementor-widget-container\">\n\t\t\t\t\t\t\t\t\t<p style=\"text-align: center;\"><span style=\"color: #333333;\"><em>Gest\u00e3o 2020 e 2021<\/em><\/span><\/p>\t\t\t\t\t\t\t\t<\/div>\n\t\t\t\t<\/div>\n\t\t\t\t\t<\/div>\n\t\t<\/div>\n\t\t\t\t\t<\/div>\n\t\t<\/section>\n\t\t\t\t<section class=\"has_ma_el_bg_slider elementor-section elementor-top-section elementor-element elementor-element-77c1326 elementor-section-boxed elementor-section-height-default elementor-section-height-default jltma-glass-effect-no\" data-id=\"77c1326\" data-element_type=\"section\">\n\t\t\t\t\t\t<div class=\"elementor-container elementor-column-gap-default\">\n\t\t\t\t\t<div class=\"has_ma_el_bg_slider elementor-column elementor-col-100 elementor-top-column elementor-element elementor-element-e3ed108 jltma-glass-effect-no\" data-id=\"e3ed108\" data-element_type=\"column\">\n\t\t\t<div class=\"elementor-widget-wrap elementor-element-populated\">\n\t\t\t\t\t\t<div class=\"elementor-element elementor-element-2f7074f jltma-glass-effect-no elementor-widget elementor-widget-spacer\" data-id=\"2f7074f\" data-element_type=\"widget\" data-widget_type=\"spacer.default\">\n\t\t\t\t<div class=\"elementor-widget-container\">\n\t\t\t\t\t\t\t<div class=\"elementor-spacer\">\n\t\t\t<div class=\"elementor-spacer-inner\"><\/div>\n\t\t<\/div>\n\t\t\t\t\t\t<\/div>\n\t\t\t\t<\/div>\n\t\t\t\t<div class=\"elementor-element elementor-element-d4ef956 jltma-glass-effect-no elementor-widget elementor-widget-text-editor\" data-id=\"d4ef956\" data-element_type=\"widget\" data-widget_type=\"text-editor.default\">\n\t\t\t\t<div class=\"elementor-widget-container\">\n\t\t\t\t\t\t\t\t\t<p><strong>Presidente:<\/strong> Erica Zang Michaelsen<br \/><strong>Vice-Presidente:<\/strong> Adelia Leani Zang Weber<\/p><p><strong>Secret\u00e1ria:<\/strong> Ilse Spier<br \/><strong>Vice-Secret\u00e1ria:<\/strong> Walmi Zang Kopper<\/p><p><strong>Tesoureira:<\/strong> Suzana Beatriz da Silva<br \/><strong>Vice-Tesoureira:<\/strong> Rosi Loraine Ruppenthal Boettcher<\/p><p><strong>Conselho Fiscal:<\/strong> Erna Artmann, Margarida Arend, Marlene Drechsler, Marliese Gertrud Sollinger Peyer, <br \/>Sueli Loeser e Walli L\u00fcdke<\/p><p><strong>Conselho Administrativo:<br \/><\/strong><u>Titulares<\/u>: Ant\u00f4nio Mattiello, Ari Boelter, Gerson Ricardo Seefeld, G\u00fcnther Gauer, Ivanete Wissmann e Rubens Emrich<br \/><u>Suplentes<\/u>: Eloi Wissmann, Jose Mario Hansen e Virgilio Kehl<\/p><p><strong>Pastor:<\/strong> Paulo Sergio Einsfeld<\/p><p><strong>Diretor Administrativo:<\/strong> Mateus Alexandre Zucolotto<\/p><p><strong>Diretor T\u00e9cnico:<\/strong> Marcelo Flores \u2013 CRM\/RS 35200<\/p><p><strong>Diretor Cl\u00ednico:<\/strong> Antonio Pedro Rodrighero Magalh\u00e3es \u2013 CRM\/RS 24382<\/p>\t\t\t\t\t\t\t\t<\/div>\n\t\t\t\t<\/div>\n\t\t\t\t<div class=\"elementor-element elementor-element-194e3ef jltma-glass-effect-no elementor-widget elementor-widget-spacer\" data-id=\"194e3ef\" data-element_type=\"widget\" data-widget_type=\"spacer.default\">\n\t\t\t\t<div class=\"elementor-widget-container\">\n\t\t\t\t\t\t\t<div class=\"elementor-spacer\">\n\t\t\t<div class=\"elementor-spacer-inner\"><\/div>\n\t\t<\/div>\n\t\t\t\t\t\t<\/div>\n\t\t\t\t<\/div>\n\t\t\t\t\t<\/div>\n\t\t<\/div>\n\t\t\t\t\t<\/div>\n\t\t<\/section>\n\t\t\t\t<section class=\"has_ma_el_bg_slider elementor-section elementor-top-section elementor-element elementor-element-e385d31 elementor-section-boxed elementor-section-height-default elementor-section-height-default jltma-glass-effect-no\" data-id=\"e385d31\" data-element_type=\"section\">\n\t\t\t\t\t\t<div class=\"elementor-container elementor-column-gap-default\">\n\t\t\t\t\t<div class=\"has_ma_el_bg_slider elementor-column elementor-col-100 elementor-top-column elementor-element elementor-element-0859d6a jltma-glass-effect-no\" data-id=\"0859d6a\" data-element_type=\"column\">\n\t\t\t<div class=\"elementor-widget-wrap elementor-element-populated\">\n\t\t\t\t\t\t<div class=\"elementor-element elementor-element-02b493d jltma-glass-effect-no elementor-widget elementor-widget-spacer\" data-id=\"02b493d\" data-element_type=\"widget\" data-widget_type=\"spacer.default\">\n\t\t\t\t<div class=\"elementor-widget-container\">\n\t\t\t\t\t\t\t<div class=\"elementor-spacer\">\n\t\t\t<div class=\"elementor-spacer-inner\"><\/div>\n\t\t<\/div>\n\t\t\t\t\t\t<\/div>\n\t\t\t\t<\/div>\n\t\t\t\t\t<\/div>\n\t\t<\/div>\n\t\t\t\t\t<\/div>\n\t\t<\/section>\n\t\t\t\t<\/div>\n\t\t","protected":false},"excerpt":{"rendered":"<p>DIRETORIA Gest\u00e3o 2020 e 2021 Presidente: Erica Zang MichaelsenVice-Presidente: Adelia Leani Zang Weber Secret\u00e1ria: Ilse SpierVice-Secret\u00e1ria: Walmi Zang Kopper Tesoureira: Suzana Beatriz da SilvaVice-Tesoureira: Rosi Loraine Ruppenthal Boettcher Conselho Fiscal: Erna Artmann, Margarida Arend, Marlene Drechsler, Marliese Gertrud Sollinger Peyer, Sueli Loeser e Walli L\u00fcdke Conselho Administrativo:Titulares: Ant\u00f4nio Mattiello, Ari Boelter, Gerson Ricardo Seefeld, G\u00fcnther [&hellip;]<\/p>\n","protected":false},"author":1,"featured_media":0,"parent":0,"menu_order":0,"comment_status":"closed","ping_status":"closed","template":"elementor_header_footer","meta":{"_monsterinsights_skip_tracking":false,"_monsterinsights_sitenote_active":false,"_monsterinsights_sitenote_note":"","_monsterinsights_sitenote_category":0,"footnotes":""},"class_list":["post-471","page","type-page","status-publish","hentry"],"aioseo_notices":[],"_links":{"self":[{"href":"https:\/\/hnp.org.br\/site2020\/wp-json\/wp\/v2\/pages\/471","targetHints":{"allow":["GET"]}}],"collection":[{"href":"https:\/\/hnp.org.br\/site2020\/wp-json\/wp\/v2\/pages"}],"about":[{"href":"https:\/\/hnp.org.br\/site2020\/wp-json\/wp\/v2\/types\/page"}],"author":[{"embeddable":true,"href":"https:\/\/hnp.org.br\/site2020\/wp-json\/wp\/v2\/users\/1"}],"replies":[{"embeddable":true,"href":"https:\/\/hnp.org.br\/site2020\/wp-json\/wp\/v2\/comments?post=471"}],"version-history":[{"count":8,"href":"https:\/\/hnp.org.br\/site2020\/wp-json\/wp\/v2\/pages\/471\/revisions"}],"predecessor-version":[{"id":776,"href":"https:\/\/hnp.org.br\/site2020\/wp-json\/wp\/v2\/pages\/471\/revisions\/776"}],"wp:attachment":[{"href":"https:\/\/hnp.org.br\/site2020\/wp-json\/wp\/v2\/media?parent=471"}],"curies":[{"name":"wp","href":"https:\/\/api.w.org\/{rel}","templated":true}]}}