{"id":190,"date":"2020-07-07T20:57:22","date_gmt":"2020-07-07T20:57:22","guid":{"rendered":"https:\/\/hnp.org.br\/site2020\/?page_id=190"},"modified":"2021-07-14T00:18:43","modified_gmt":"2021-07-14T03:18:43","slug":"corpo-clinico","status":"publish","type":"page","link":"https:\/\/hnp.org.br\/site2020\/corpo-clinico\/","title":{"rendered":"Corpo Cl\u00ednico"},"content":{"rendered":"\t\t<div data-elementor-type=\"wp-page\" data-elementor-id=\"190\" class=\"elementor elementor-190\" data-elementor-post-type=\"page\">\n\t\t\t\t\t\t<section class=\"has_ma_el_bg_slider elementor-section elementor-top-section elementor-element elementor-element-589ad29 elementor-section-boxed elementor-section-height-default elementor-section-height-default jltma-glass-effect-no\" data-id=\"589ad29\" data-element_type=\"section\" data-settings=\"{&quot;background_background&quot;:&quot;classic&quot;}\">\n\t\t\t\t\t\t<div class=\"elementor-container elementor-column-gap-default\">\n\t\t\t\t\t<div class=\"has_ma_el_bg_slider elementor-column elementor-col-100 elementor-top-column elementor-element elementor-element-e6ef578 jltma-glass-effect-no\" data-id=\"e6ef578\" data-element_type=\"column\">\n\t\t\t<div class=\"elementor-widget-wrap elementor-element-populated\">\n\t\t\t\t\t\t<div class=\"elementor-element elementor-element-e91d06a jltma-glass-effect-no elementor-widget elementor-widget-heading\" data-id=\"e91d06a\" data-element_type=\"widget\" data-widget_type=\"heading.default\">\n\t\t\t\t<div class=\"elementor-widget-container\">\n\t\t\t\t\t<h1 class=\"elementor-heading-title elementor-size-large\">CORPO CL\u00cdNICO<\/h1>\t\t\t\t<\/div>\n\t\t\t\t<\/div>\n\t\t\t\t\t<\/div>\n\t\t<\/div>\n\t\t\t\t\t<\/div>\n\t\t<\/section>\n\t\t\t\t<section class=\"has_ma_el_bg_slider elementor-section elementor-top-section elementor-element elementor-element-6f448fb elementor-section-boxed elementor-section-height-default elementor-section-height-default jltma-glass-effect-no\" data-id=\"6f448fb\" data-element_type=\"section\" data-settings=\"{&quot;background_background&quot;:&quot;classic&quot;}\">\n\t\t\t\t\t\t<div class=\"elementor-container elementor-column-gap-default\">\n\t\t\t\t\t<div class=\"has_ma_el_bg_slider elementor-column elementor-col-100 elementor-top-column elementor-element elementor-element-bdcb951 jltma-glass-effect-no\" data-id=\"bdcb951\" data-element_type=\"column\">\n\t\t\t<div class=\"elementor-widget-wrap elementor-element-populated\">\n\t\t\t\t\t\t<div class=\"elementor-element elementor-element-05b821a jltma-glass-effect-no elementor-widget elementor-widget-text-editor\" data-id=\"05b821a\" data-element_type=\"widget\" data-widget_type=\"text-editor.default\">\n\t\t\t\t<div class=\"elementor-widget-container\">\n\t\t\t\t\t\t\t\t\t<p style=\"text-align: center;\"><span style=\"color: #333333;\">O Corpo Cl\u00ednico do Hospital Nova Petr\u00f3polis, maior patrim\u00f4nio da institui\u00e7\u00e3o, \u00e9 formado por profissionais de diferentes especialidades, comprometidos com os valores do hospital. Seguindo protocolos e rotinas alinhados \u00e0s normas internacionais de qualidade, eles s\u00e3o reconhecidos pela pr\u00e1tica de uma medicina de excel\u00eancia, marcada pelo atendimento humanizado e personalizado, pela alta qualifica\u00e7\u00e3o e atualiza\u00e7\u00e3o constante.<\/span><\/p>\t\t\t\t\t\t\t\t<\/div>\n\t\t\t\t<\/div>\n\t\t\t\t\t<\/div>\n\t\t<\/div>\n\t\t\t\t\t<\/div>\n\t\t<\/section>\n\t\t\t\t<section class=\"has_ma_el_bg_slider elementor-section elementor-top-section elementor-element elementor-element-39103bf elementor-section-boxed elementor-section-height-default elementor-section-height-default jltma-glass-effect-no\" data-id=\"39103bf\" data-element_type=\"section\">\n\t\t\t\t\t\t<div class=\"elementor-container elementor-column-gap-default\">\n\t\t\t\t\t<div class=\"has_ma_el_bg_slider elementor-column elementor-col-100 elementor-top-column elementor-element elementor-element-d6fb89d jltma-glass-effect-no\" data-id=\"d6fb89d\" data-element_type=\"column\">\n\t\t\t<div class=\"elementor-widget-wrap elementor-element-populated\">\n\t\t\t\t\t\t<div class=\"elementor-element elementor-element-5f0ea91 jltma-glass-effect-no elementor-widget elementor-widget-spacer\" data-id=\"5f0ea91\" data-element_type=\"widget\" data-widget_type=\"spacer.default\">\n\t\t\t\t<div class=\"elementor-widget-container\">\n\t\t\t\t\t\t\t<div class=\"elementor-spacer\">\n\t\t\t<div class=\"elementor-spacer-inner\"><\/div>\n\t\t<\/div>\n\t\t\t\t\t\t<\/div>\n\t\t\t\t<\/div>\n\t\t\t\t\t<\/div>\n\t\t<\/div>\n\t\t\t\t\t<\/div>\n\t\t<\/section>\n\t\t\t\t<section class=\"has_ma_el_bg_slider elementor-section elementor-top-section elementor-element elementor-element-c36b8c4 elementor-section-boxed elementor-section-height-default elementor-section-height-default jltma-glass-effect-no\" data-id=\"c36b8c4\" data-element_type=\"section\">\n\t\t\t\t\t\t<div class=\"elementor-container elementor-column-gap-default\">\n\t\t\t\t\t<div class=\"has_ma_el_bg_slider elementor-column elementor-col-33 elementor-top-column elementor-element elementor-element-9e7c9f1 jltma-glass-effect-no\" data-id=\"9e7c9f1\" data-element_type=\"column\">\n\t\t\t<div class=\"elementor-widget-wrap elementor-element-populated\">\n\t\t\t\t\t\t<div class=\"elementor-element elementor-element-f0ffdb5 jltma-glass-effect-no elementor-widget elementor-widget-pp-team-member\" data-id=\"f0ffdb5\" data-element_type=\"widget\" data-widget_type=\"pp-team-member.default\">\n\t\t\t\t<div class=\"elementor-widget-container\">\n\t\t\t\t\t\t\t<div class=\"pp-tm-wrapper\">\n\t\t\t<div class=\"pp-tm\">\n\t\t\t\t<div class=\"pp-tm-image\"> \n\t\t\t\t\t\n\t\t\t\t\t\t\t\t\t<\/div>\n\t\t\t\t<div class=\"pp-tm-content pp-tm-content-normal\">\n\t\t\t\t\t\t\t\t\t<h3 class=\"pp-tm-name\">\n\t\t\t\t\t\t&lt;p&gt;&lt;b&gt;&lt;span style=&quot;font-size: 1.25rem;&quot;&gt;Cl\u00ednico Geral&lt;\/span&gt;&lt;\/b&gt;&lt;span style=&quot;font-size: 1.25rem;&quot;&gt;&lt;\/span&gt;&lt;\/p&gt;\t\t\t\t<\/h3>\n\t\t\t\t\t\t\t<div class=\"pp-tm-title-divider-wrap\">\n\t\t\t\t<div class=\"pp-tm-divider pp-tm-title-divider\"><\/div>\n\t\t\t<\/div>\n\t\t\t\t\t\t<div class=\"pp-tm-position\">\n\t\t\t\t<p>Antonio Pedro Rodrighero Magalh\u00e3es<\/p><p>Fernando Grunetta Gazzola<\/p><p>Jorge Thiago Gonzaga Mota<\/p><p>Jos\u00e9 Voney Silveira Junior<\/p><p>Luana Fiuza Valesan<\/p><p>Luis Octavio Hauschild<\/p><p>Marcelo Flores <\/p><p>Noeli Teresinha Adamatti<\/p><p>Paulo S\u00e9rgio Carvalhal Santos<\/p><p>Renata Gularte Duarte<\/p><p>Samir Cochlar Musa<\/p><p>Sidarta de Tiana Alves Camargo<\/p><p>Sirlei Fatima Adamatti<\/p><p><span style=\"font-family: var( --e-global-typography-accent-font-family ), Sans-serif;font-weight: var( --e-global-typography-accent-font-weight );font-size: 0.875rem\">Vladimir Barbosa Mazzer<\/span><span style=\"font-family: var( --e-global-typography-accent-font-family ), Sans-serif;font-weight: var( --e-global-typography-accent-font-weight );font-size: 0.875rem\"><\/span><\/p>\t\t\t<\/div>\n\t\t\t\t\t\t\t<\/div>\n\t\t\t<\/div>\n\t\t<\/div>\n\t\t\t\t\t\t<\/div>\n\t\t\t\t<\/div>\n\t\t\t\t<div class=\"elementor-element elementor-element-248063c jltma-glass-effect-no elementor-widget elementor-widget-pp-team-member\" data-id=\"248063c\" data-element_type=\"widget\" data-widget_type=\"pp-team-member.default\">\n\t\t\t\t<div class=\"elementor-widget-container\">\n\t\t\t\t\t\t\t<div class=\"pp-tm-wrapper\">\n\t\t\t<div class=\"pp-tm\">\n\t\t\t\t<div class=\"pp-tm-image\"> \n\t\t\t\t\t\n\t\t\t\t\t\t\t\t\t<\/div>\n\t\t\t\t<div class=\"pp-tm-content pp-tm-content-normal\">\n\t\t\t\t\t\t\t\t\t<h3 class=\"pp-tm-name\">\n\t\t\t\t\t\t&lt;p&gt;&lt;b&gt;Psiquiatria&lt;\/b&gt;&lt;span style=&quot;font-size: 1.25rem;&quot;&gt;&lt;\/span&gt;&lt;\/p&gt;\t\t\t\t<\/h3>\n\t\t\t\t\t\t\t<div class=\"pp-tm-title-divider-wrap\">\n\t\t\t\t<div class=\"pp-tm-divider pp-tm-title-divider\"><\/div>\n\t\t\t<\/div>\n\t\t\t\t\t\t<div class=\"pp-tm-position\">\n\t\t\t\t<p><span style=\"font-family: var( --e-global-typography-accent-font-family ), Sans-serif;font-weight: var( --e-global-typography-accent-font-weight );font-size: 0.875rem\">J\u00falio Rocha do Amaral<\/span><br><\/p><p><\/p>\t\t\t<\/div>\n\t\t\t\t\t\t\t<\/div>\n\t\t\t<\/div>\n\t\t<\/div>\n\t\t\t\t\t\t<\/div>\n\t\t\t\t<\/div>\n\t\t\t\t\t<\/div>\n\t\t<\/div>\n\t\t\t\t<div class=\"has_ma_el_bg_slider elementor-column elementor-col-33 elementor-top-column elementor-element elementor-element-6ec75c0 jltma-glass-effect-no\" data-id=\"6ec75c0\" data-element_type=\"column\">\n\t\t\t<div class=\"elementor-widget-wrap elementor-element-populated\">\n\t\t\t\t\t\t<div class=\"elementor-element elementor-element-2b1abd6 jltma-glass-effect-no elementor-widget elementor-widget-pp-team-member\" data-id=\"2b1abd6\" data-element_type=\"widget\" data-widget_type=\"pp-team-member.default\">\n\t\t\t\t<div class=\"elementor-widget-container\">\n\t\t\t\t\t\t\t<div class=\"pp-tm-wrapper\">\n\t\t\t<div class=\"pp-tm\">\n\t\t\t\t<div class=\"pp-tm-image\"> \n\t\t\t\t\t\n\t\t\t\t\t\t\t\t\t<\/div>\n\t\t\t\t<div class=\"pp-tm-content pp-tm-content-normal\">\n\t\t\t\t\t\t\t\t\t<h3 class=\"pp-tm-name\">\n\t\t\t\t\t\t&lt;p&gt;&lt;b&gt;Dermatologia&lt;\/b&gt;&lt;span style=&quot;font-size: 1.25rem;&quot;&gt;&lt;\/span&gt;&lt;\/p&gt;\t\t\t\t<\/h3>\n\t\t\t\t\t\t\t<div class=\"pp-tm-title-divider-wrap\">\n\t\t\t\t<div class=\"pp-tm-divider pp-tm-title-divider\"><\/div>\n\t\t\t<\/div>\n\t\t\t\t\t\t<div class=\"pp-tm-position\">\n\t\t\t\t<p>Camila Boff<span style=\"font-family: var( --e-global-typography-accent-font-family ), Sans-serif;font-weight: var( --e-global-typography-accent-font-weight );font-size: 0.875rem\"><\/span><\/p>\t\t\t<\/div>\n\t\t\t\t\t\t\t<\/div>\n\t\t\t<\/div>\n\t\t<\/div>\n\t\t\t\t\t\t<\/div>\n\t\t\t\t<\/div>\n\t\t\t\t<div class=\"elementor-element elementor-element-18b46ff jltma-glass-effect-no elementor-widget elementor-widget-pp-team-member\" data-id=\"18b46ff\" data-element_type=\"widget\" data-widget_type=\"pp-team-member.default\">\n\t\t\t\t<div class=\"elementor-widget-container\">\n\t\t\t\t\t\t\t<div class=\"pp-tm-wrapper\">\n\t\t\t<div class=\"pp-tm\">\n\t\t\t\t<div class=\"pp-tm-image\"> \n\t\t\t\t\t\n\t\t\t\t\t\t\t\t\t<\/div>\n\t\t\t\t<div class=\"pp-tm-content pp-tm-content-normal\">\n\t\t\t\t\t\t\t\t\t<h3 class=\"pp-tm-name\">\n\t\t\t\t\t\t&lt;p&gt;&lt;b&gt;Anestesiologia&lt;\/b&gt;&lt;span style=&quot;font-size: 1.25rem;&quot;&gt;&lt;\/span&gt;&lt;\/p&gt;\t\t\t\t<\/h3>\n\t\t\t\t\t\t\t<div class=\"pp-tm-title-divider-wrap\">\n\t\t\t\t<div class=\"pp-tm-divider pp-tm-title-divider\"><\/div>\n\t\t\t<\/div>\n\t\t\t\t\t\t<div class=\"pp-tm-position\">\n\t\t\t\t<p>Augusto Vicente Soares e Silva<\/p><p>Cristina Kuelle de Oliveira<span style=\"font-family: var( --e-global-typography-accent-font-family ), Sans-serif;font-weight: var( --e-global-typography-accent-font-weight );font-size: 0.875rem\"><\/span><\/p>\t\t\t<\/div>\n\t\t\t\t\t\t\t<\/div>\n\t\t\t<\/div>\n\t\t<\/div>\n\t\t\t\t\t\t<\/div>\n\t\t\t\t<\/div>\n\t\t\t\t<div class=\"elementor-element elementor-element-f8d87fa jltma-glass-effect-no elementor-widget elementor-widget-pp-team-member\" data-id=\"f8d87fa\" data-element_type=\"widget\" data-widget_type=\"pp-team-member.default\">\n\t\t\t\t<div class=\"elementor-widget-container\">\n\t\t\t\t\t\t\t<div class=\"pp-tm-wrapper\">\n\t\t\t<div class=\"pp-tm\">\n\t\t\t\t<div class=\"pp-tm-image\"> \n\t\t\t\t\t\n\t\t\t\t\t\t\t\t\t<\/div>\n\t\t\t\t<div class=\"pp-tm-content pp-tm-content-normal\">\n\t\t\t\t\t\t\t\t\t<h3 class=\"pp-tm-name\">\n\t\t\t\t\t\t&lt;p&gt;&lt;b&gt;Cardiologia&lt;\/b&gt;&lt;span style=&quot;font-size: 1.25rem;&quot;&gt;&lt;\/span&gt;&lt;\/p&gt;\t\t\t\t<\/h3>\n\t\t\t\t\t\t\t<div class=\"pp-tm-title-divider-wrap\">\n\t\t\t\t<div class=\"pp-tm-divider pp-tm-title-divider\"><\/div>\n\t\t\t<\/div>\n\t\t\t\t\t\t<div class=\"pp-tm-position\">\n\t\t\t\t<p>Daniela da Silva Carvalho<span style=\"font-family: var( --e-global-typography-accent-font-family ), Sans-serif;font-weight: var( --e-global-typography-accent-font-weight );font-size: 0.875rem\"><\/span><\/p>\t\t\t<\/div>\n\t\t\t\t\t\t\t<\/div>\n\t\t\t<\/div>\n\t\t<\/div>\n\t\t\t\t\t\t<\/div>\n\t\t\t\t<\/div>\n\t\t\t\t<div class=\"elementor-element elementor-element-9da38aa jltma-glass-effect-no elementor-widget elementor-widget-pp-team-member\" data-id=\"9da38aa\" data-element_type=\"widget\" data-widget_type=\"pp-team-member.default\">\n\t\t\t\t<div class=\"elementor-widget-container\">\n\t\t\t\t\t\t\t<div class=\"pp-tm-wrapper\">\n\t\t\t<div class=\"pp-tm\">\n\t\t\t\t<div class=\"pp-tm-image\"> \n\t\t\t\t\t\n\t\t\t\t\t\t\t\t\t<\/div>\n\t\t\t\t<div class=\"pp-tm-content pp-tm-content-normal\">\n\t\t\t\t\t\t\t\t\t<h3 class=\"pp-tm-name\">\n\t\t\t\t\t\t&lt;p&gt;&lt;b&gt;Cirurgia Geral&lt;\/b&gt;&lt;span style=&quot;font-size: 1.25rem;&quot;&gt;&lt;\/span&gt;&lt;\/p&gt;\t\t\t\t<\/h3>\n\t\t\t\t\t\t\t<div class=\"pp-tm-title-divider-wrap\">\n\t\t\t\t<div class=\"pp-tm-divider pp-tm-title-divider\"><\/div>\n\t\t\t<\/div>\n\t\t\t\t\t\t<div class=\"pp-tm-position\">\n\t\t\t\t<p>Elton Jos\u00e9 Portolan<\/p><p>William Pfaffenzeller<span style=\"font-family: var( --e-global-typography-accent-font-family ), Sans-serif;font-weight: var( --e-global-typography-accent-font-weight );font-size: 0.875rem\"><\/span><\/p>\t\t\t<\/div>\n\t\t\t\t\t\t\t<\/div>\n\t\t\t<\/div>\n\t\t<\/div>\n\t\t\t\t\t\t<\/div>\n\t\t\t\t<\/div>\n\t\t\t\t<div class=\"elementor-element elementor-element-c894559 jltma-glass-effect-no elementor-widget elementor-widget-pp-team-member\" data-id=\"c894559\" data-element_type=\"widget\" data-widget_type=\"pp-team-member.default\">\n\t\t\t\t<div class=\"elementor-widget-container\">\n\t\t\t\t\t\t\t<div class=\"pp-tm-wrapper\">\n\t\t\t<div class=\"pp-tm\">\n\t\t\t\t<div class=\"pp-tm-image\"> \n\t\t\t\t\t\n\t\t\t\t\t\t\t\t\t<\/div>\n\t\t\t\t<div class=\"pp-tm-content pp-tm-content-normal\">\n\t\t\t\t\t\t\t\t\t<h3 class=\"pp-tm-name\">\n\t\t\t\t\t\t&lt;p&gt;&lt;b&gt;Cirurgia Pl\u00e1stica&lt;\/b&gt;&lt;span style=&quot;font-size: 1.25rem;&quot;&gt;&lt;\/span&gt;&lt;\/p&gt;\t\t\t\t<\/h3>\n\t\t\t\t\t\t\t<div class=\"pp-tm-title-divider-wrap\">\n\t\t\t\t<div class=\"pp-tm-divider pp-tm-title-divider\"><\/div>\n\t\t\t<\/div>\n\t\t\t\t\t\t<div class=\"pp-tm-position\">\n\t\t\t\t<p>Guaracy Rosalvo Camargo Paschoal Filho<span style=\"font-family: var( --e-global-typography-accent-font-family ), Sans-serif;font-weight: var( --e-global-typography-accent-font-weight );font-size: 0.875rem\"><\/span><\/p>\t\t\t<\/div>\n\t\t\t\t\t\t\t<\/div>\n\t\t\t<\/div>\n\t\t<\/div>\n\t\t\t\t\t\t<\/div>\n\t\t\t\t<\/div>\n\t\t\t\t<div class=\"elementor-element elementor-element-0ccfddc jltma-glass-effect-no elementor-widget elementor-widget-pp-team-member\" data-id=\"0ccfddc\" data-element_type=\"widget\" data-widget_type=\"pp-team-member.default\">\n\t\t\t\t<div class=\"elementor-widget-container\">\n\t\t\t\t\t\t\t<div class=\"pp-tm-wrapper\">\n\t\t\t<div class=\"pp-tm\">\n\t\t\t\t<div class=\"pp-tm-image\"> \n\t\t\t\t\t\n\t\t\t\t\t\t\t\t\t<\/div>\n\t\t\t\t<div class=\"pp-tm-content pp-tm-content-normal\">\n\t\t\t\t\t\t\t\t\t<h3 class=\"pp-tm-name\">\n\t\t\t\t\t\t&lt;p&gt;&lt;b&gt;Radiologia&lt;\/b&gt;&lt;span style=&quot;font-size: 1.25rem;&quot;&gt;&lt;\/span&gt;&lt;\/p&gt;\t\t\t\t<\/h3>\n\t\t\t\t\t\t\t<div class=\"pp-tm-title-divider-wrap\">\n\t\t\t\t<div class=\"pp-tm-divider pp-tm-title-divider\"><\/div>\n\t\t\t<\/div>\n\t\t\t\t\t\t<div class=\"pp-tm-position\">\n\t\t\t\t<p><span style=\"font-family: var( --e-global-typography-accent-font-family ), Sans-serif;font-weight: var( --e-global-typography-accent-font-weight );font-size: 0.875rem\">Filipe Casarin<\/span><span style=\"font-family: var( --e-global-typography-accent-font-family ), Sans-serif;font-weight: var( --e-global-typography-accent-font-weight );font-size: 0.875rem\"><\/span><br><\/p>\t\t\t<\/div>\n\t\t\t\t\t\t\t<\/div>\n\t\t\t<\/div>\n\t\t<\/div>\n\t\t\t\t\t\t<\/div>\n\t\t\t\t<\/div>\n\t\t\t\t\t<\/div>\n\t\t<\/div>\n\t\t\t\t<div class=\"has_ma_el_bg_slider elementor-column elementor-col-33 elementor-top-column elementor-element elementor-element-8dd46d9 jltma-glass-effect-no\" data-id=\"8dd46d9\" data-element_type=\"column\">\n\t\t\t<div class=\"elementor-widget-wrap elementor-element-populated\">\n\t\t\t\t\t\t<div class=\"elementor-element elementor-element-f8887ab jltma-glass-effect-no elementor-widget elementor-widget-pp-team-member\" data-id=\"f8887ab\" data-element_type=\"widget\" data-widget_type=\"pp-team-member.default\">\n\t\t\t\t<div class=\"elementor-widget-container\">\n\t\t\t\t\t\t\t<div class=\"pp-tm-wrapper\">\n\t\t\t<div class=\"pp-tm\">\n\t\t\t\t<div class=\"pp-tm-image\"> \n\t\t\t\t\t\n\t\t\t\t\t\t\t\t\t<\/div>\n\t\t\t\t<div class=\"pp-tm-content pp-tm-content-normal\">\n\t\t\t\t\t\t\t\t\t<h3 class=\"pp-tm-name\">\n\t\t\t\t\t\t&lt;p class=&quot;MsoNoSpacing&quot;&gt;&lt;b&gt;Pediatria&lt;\/b&gt;&lt;span style=&quot;font-size: 1.25rem;&quot;&gt;&lt;\/span&gt;&lt;\/p&gt;\t\t\t\t<\/h3>\n\t\t\t\t\t\t\t<div class=\"pp-tm-title-divider-wrap\">\n\t\t\t\t<div class=\"pp-tm-divider pp-tm-title-divider\"><\/div>\n\t\t\t<\/div>\n\t\t\t\t\t\t<div class=\"pp-tm-position\">\n\t\t\t\t<p>Agatha Vitoriano Rocadas Pereira<\/p><p>Eggi Grings<\/p><p>Livia Tavares Portolan<\/p><p>Nadia Naira Karasek Postal<\/p><p>Nataniel Viuniski<\/p>\t\t\t<\/div>\n\t\t\t\t\t\t\t<\/div>\n\t\t\t<\/div>\n\t\t<\/div>\n\t\t\t\t\t\t<\/div>\n\t\t\t\t<\/div>\n\t\t\t\t<div class=\"elementor-element elementor-element-855104c jltma-glass-effect-no elementor-widget elementor-widget-pp-team-member\" data-id=\"855104c\" data-element_type=\"widget\" data-widget_type=\"pp-team-member.default\">\n\t\t\t\t<div class=\"elementor-widget-container\">\n\t\t\t\t\t\t\t<div class=\"pp-tm-wrapper\">\n\t\t\t<div class=\"pp-tm\">\n\t\t\t\t<div class=\"pp-tm-image\"> \n\t\t\t\t\t\n\t\t\t\t\t\t\t\t\t<\/div>\n\t\t\t\t<div class=\"pp-tm-content pp-tm-content-normal\">\n\t\t\t\t\t\t\t\t\t<h3 class=\"pp-tm-name\">\n\t\t\t\t\t\t&lt;p&gt;&lt;b&gt;Ginecologia e Obstetr\u00edcia&lt;\/b&gt;&lt;span style=&quot;font-size: 1.25rem;&quot;&gt;&lt;\/span&gt;&lt;\/p&gt;\t\t\t\t<\/h3>\n\t\t\t\t\t\t\t<div class=\"pp-tm-title-divider-wrap\">\n\t\t\t\t<div class=\"pp-tm-divider pp-tm-title-divider\"><\/div>\n\t\t\t<\/div>\n\t\t\t\t\t\t<div class=\"pp-tm-position\">\n\t\t\t\t<p class=\"MsoNoSpacing\">Neiva Clara Ludcke Schumann<\/p><p class=\"MsoNoSpacing\"><span style=\"font-family: var( --e-global-typography-accent-font-family ), Sans-serif;font-weight: var( --e-global-typography-accent-font-weight );font-size: 0.875rem\">Sandra Sofia Schroeder Wissmann<\/span><\/p><p class=\"MsoNoSpacing\"><\/p>\t\t\t<\/div>\n\t\t\t\t\t\t\t<\/div>\n\t\t\t<\/div>\n\t\t<\/div>\n\t\t\t\t\t\t<\/div>\n\t\t\t\t<\/div>\n\t\t\t\t<div class=\"elementor-element elementor-element-631ebcd jltma-glass-effect-no elementor-widget elementor-widget-pp-team-member\" data-id=\"631ebcd\" data-element_type=\"widget\" data-widget_type=\"pp-team-member.default\">\n\t\t\t\t<div class=\"elementor-widget-container\">\n\t\t\t\t\t\t\t<div class=\"pp-tm-wrapper\">\n\t\t\t<div class=\"pp-tm\">\n\t\t\t\t<div class=\"pp-tm-image\"> \n\t\t\t\t\t\n\t\t\t\t\t\t\t\t\t<\/div>\n\t\t\t\t<div class=\"pp-tm-content pp-tm-content-normal\">\n\t\t\t\t\t\t\t\t\t<h3 class=\"pp-tm-name\">\n\t\t\t\t\t\t&lt;p&gt;&lt;b style=&quot;font-size: 1.25rem;&quot;&gt;Ortopedia e Traumatologia&lt;\/b&gt;&lt;br&gt;&lt;\/p&gt;&lt;p&gt;\n\n&lt;span style=&quot;font-size: 1.25rem;&quot;&gt;&lt;\/span&gt;&lt;\/p&gt;\t\t\t\t<\/h3>\n\t\t\t\t\t\t\t<div class=\"pp-tm-title-divider-wrap\">\n\t\t\t\t<div class=\"pp-tm-divider pp-tm-title-divider\"><\/div>\n\t\t\t<\/div>\n\t\t\t\t\t\t<div class=\"pp-tm-position\">\n\t\t\t\t<p>Cristian Patrik Lovat<\/p><p>Jord\u00e3o Wittckind Chaves de Andrade<\/p><p>Remi Antonio Zardo<\/p><p><\/p>\t\t\t<\/div>\n\t\t\t\t\t\t\t<\/div>\n\t\t\t<\/div>\n\t\t<\/div>\n\t\t\t\t\t\t<\/div>\n\t\t\t\t<\/div>\n\t\t\t\t<div class=\"elementor-element elementor-element-3cd8aef jltma-glass-effect-no elementor-widget elementor-widget-pp-team-member\" data-id=\"3cd8aef\" data-element_type=\"widget\" data-widget_type=\"pp-team-member.default\">\n\t\t\t\t<div class=\"elementor-widget-container\">\n\t\t\t\t\t\t\t<div class=\"pp-tm-wrapper\">\n\t\t\t<div class=\"pp-tm\">\n\t\t\t\t<div class=\"pp-tm-image\"> \n\t\t\t\t\t\n\t\t\t\t\t\t\t\t\t<\/div>\n\t\t\t\t<div class=\"pp-tm-content pp-tm-content-normal\">\n\t\t\t\t\t\t\t\t\t<h3 class=\"pp-tm-name\">\n\t\t\t\t\t\t&lt;p&gt;&lt;b&gt;Urologia&lt;\/b&gt;&lt;span style=&quot;font-size: 1.25rem;&quot;&gt;&lt;\/span&gt;&lt;\/p&gt;\t\t\t\t<\/h3>\n\t\t\t\t\t\t\t<div class=\"pp-tm-title-divider-wrap\">\n\t\t\t\t<div class=\"pp-tm-divider pp-tm-title-divider\"><\/div>\n\t\t\t<\/div>\n\t\t\t\t\t\t<div class=\"pp-tm-position\">\n\t\t\t\t<span style=\"font-size:11.0pt;line-height:107%;,sans-serif\">Marcio <\/span><span style=\"font-family: Calibri, sans-serif;font-size: 11pt;font-weight: var( --e-global-typography-accent-font-weight )\">Araldi<\/span><p><span style=\"font-family: var( --e-global-typography-accent-font-family ), Sans-serif;font-size: 0.875rem;font-weight: var( --e-global-typography-accent-font-weight )\"><\/span><\/p>\t\t\t<\/div>\n\t\t\t\t\t\t\t<\/div>\n\t\t\t<\/div>\n\t\t<\/div>\n\t\t\t\t\t\t<\/div>\n\t\t\t\t<\/div>\n\t\t\t\t\t<\/div>\n\t\t<\/div>\n\t\t\t\t\t<\/div>\n\t\t<\/section>\n\t\t\t\t<section class=\"has_ma_el_bg_slider elementor-section elementor-top-section elementor-element elementor-element-101f11a elementor-section-boxed elementor-section-height-default elementor-section-height-default jltma-glass-effect-no\" data-id=\"101f11a\" data-element_type=\"section\">\n\t\t\t\t\t\t<div class=\"elementor-container elementor-column-gap-default\">\n\t\t\t\t\t<div class=\"has_ma_el_bg_slider elementor-column elementor-col-100 elementor-top-column elementor-element elementor-element-483fec4 jltma-glass-effect-no\" data-id=\"483fec4\" data-element_type=\"column\">\n\t\t\t<div class=\"elementor-widget-wrap elementor-element-populated\">\n\t\t\t\t\t\t<div class=\"elementor-element elementor-element-23302af jltma-glass-effect-no elementor-widget elementor-widget-spacer\" data-id=\"23302af\" data-element_type=\"widget\" data-widget_type=\"spacer.default\">\n\t\t\t\t<div class=\"elementor-widget-container\">\n\t\t\t\t\t\t\t<div class=\"elementor-spacer\">\n\t\t\t<div class=\"elementor-spacer-inner\"><\/div>\n\t\t<\/div>\n\t\t\t\t\t\t<\/div>\n\t\t\t\t<\/div>\n\t\t\t\t\t<\/div>\n\t\t<\/div>\n\t\t\t\t\t<\/div>\n\t\t<\/section>\n\t\t\t\t<\/div>\n\t\t","protected":false},"excerpt":{"rendered":"<p>CORPO CL\u00cdNICO O Corpo Cl\u00ednico do Hospital Nova Petr\u00f3polis, maior patrim\u00f4nio da institui\u00e7\u00e3o, \u00e9 formado por profissionais de diferentes especialidades, comprometidos com os valores do hospital. Seguindo protocolos e rotinas alinhados \u00e0s normas internacionais de qualidade, eles s\u00e3o reconhecidos pela pr\u00e1tica de uma medicina de excel\u00eancia, marcada pelo atendimento humanizado e personalizado, pela alta qualifica\u00e7\u00e3o [&hellip;]<\/p>\n","protected":false},"author":1,"featured_media":0,"parent":0,"menu_order":0,"comment_status":"closed","ping_status":"closed","template":"elementor_canvas","meta":{"_monsterinsights_skip_tracking":false,"_monsterinsights_sitenote_active":false,"_monsterinsights_sitenote_note":"","_monsterinsights_sitenote_category":0,"footnotes":""},"class_list":["post-190","page","type-page","status-publish","hentry"],"aioseo_notices":[],"_links":{"self":[{"href":"https:\/\/hnp.org.br\/site2020\/wp-json\/wp\/v2\/pages\/190","targetHints":{"allow":["GET"]}}],"collection":[{"href":"https:\/\/hnp.org.br\/site2020\/wp-json\/wp\/v2\/pages"}],"about":[{"href":"https:\/\/hnp.org.br\/site2020\/wp-json\/wp\/v2\/types\/page"}],"author":[{"embeddable":true,"href":"https:\/\/hnp.org.br\/site2020\/wp-json\/wp\/v2\/users\/1"}],"replies":[{"embeddable":true,"href":"https:\/\/hnp.org.br\/site2020\/wp-json\/wp\/v2\/comments?post=190"}],"version-history":[{"count":27,"href":"https:\/\/hnp.org.br\/site2020\/wp-json\/wp\/v2\/pages\/190\/revisions"}],"predecessor-version":[{"id":906,"href":"https:\/\/hnp.org.br\/site2020\/wp-json\/wp\/v2\/pages\/190\/revisions\/906"}],"wp:attachment":[{"href":"https:\/\/hnp.org.br\/site2020\/wp-json\/wp\/v2\/media?parent=190"}],"curies":[{"name":"wp","href":"https:\/\/api.w.org\/{rel}","templated":true}]}}