{"id":1148,"date":"2025-03-05T23:57:12","date_gmt":"2025-03-06T02:57:12","guid":{"rendered":"https:\/\/hnp.org.br\/site2020\/?page_id=1148"},"modified":"2026-04-02T09:11:55","modified_gmt":"2026-04-02T12:11:55","slug":"transparencia","status":"publish","type":"page","link":"https:\/\/hnp.org.br\/site2020\/transparencia\/","title":{"rendered":"Transpar\u00eancia"},"content":{"rendered":"\t\t<div data-elementor-type=\"wp-page\" data-elementor-id=\"1148\" class=\"elementor elementor-1148\" data-elementor-post-type=\"page\">\n\t\t\t\t\t\t<section class=\"has_ma_el_bg_slider elementor-section elementor-top-section elementor-element elementor-element-a5b5155 elementor-section-boxed elementor-section-height-default elementor-section-height-default jltma-glass-effect-no\" data-id=\"a5b5155\" data-element_type=\"section\">\n\t\t\t\t\t\t<div class=\"elementor-container elementor-column-gap-default\">\n\t\t\t\t\t<div class=\"has_ma_el_bg_slider elementor-column elementor-col-100 elementor-top-column elementor-element elementor-element-c106a11 jltma-glass-effect-no\" data-id=\"c106a11\" data-element_type=\"column\">\n\t\t\t<div class=\"elementor-widget-wrap elementor-element-populated\">\n\t\t\t\t\t\t<div class=\"elementor-element elementor-element-0780220 jltma-glass-effect-no elementor-widget elementor-widget-image\" data-id=\"0780220\" data-element_type=\"widget\" data-widget_type=\"image.default\">\n\t\t\t\t<div class=\"elementor-widget-container\">\n\t\t\t\t\t\t\t\t\t\t\t\t\t\t\t<img fetchpriority=\"high\" decoding=\"async\" width=\"1024\" height=\"724\" src=\"https:\/\/hnp.org.br\/site2020\/wp-content\/uploads\/2026\/04\/RelatorioIgualdadeSalarialLote_2026_1_91588731000155.pdf_20260402_091049_0000-1024x724.png\" class=\"attachment-large size-large wp-image-1531\" alt=\"\" srcset=\"https:\/\/hnp.org.br\/site2020\/wp-content\/uploads\/2026\/04\/RelatorioIgualdadeSalarialLote_2026_1_91588731000155.pdf_20260402_091049_0000-1024x724.png 1024w, https:\/\/hnp.org.br\/site2020\/wp-content\/uploads\/2026\/04\/RelatorioIgualdadeSalarialLote_2026_1_91588731000155.pdf_20260402_091049_0000-300x212.png 300w, https:\/\/hnp.org.br\/site2020\/wp-content\/uploads\/2026\/04\/RelatorioIgualdadeSalarialLote_2026_1_91588731000155.pdf_20260402_091049_0000-768x543.png 768w, https:\/\/hnp.org.br\/site2020\/wp-content\/uploads\/2026\/04\/RelatorioIgualdadeSalarialLote_2026_1_91588731000155.pdf_20260402_091049_0000-1536x1086.png 1536w, https:\/\/hnp.org.br\/site2020\/wp-content\/uploads\/2026\/04\/RelatorioIgualdadeSalarialLote_2026_1_91588731000155.pdf_20260402_091049_0000.png 2000w\" sizes=\"(max-width: 1024px) 100vw, 1024px\" \/>\t\t\t\t\t\t\t\t\t\t\t\t\t\t\t<\/div>\n\t\t\t\t<\/div>\n\t\t\t\t\t<\/div>\n\t\t<\/div>\n\t\t\t\t\t<\/div>\n\t\t<\/section>\n\t\t\t\t<section class=\"has_ma_el_bg_slider elementor-section elementor-top-section elementor-element elementor-element-9db6942 elementor-section-boxed elementor-section-height-default elementor-section-height-default jltma-glass-effect-no\" data-id=\"9db6942\" data-element_type=\"section\" data-settings=\"{&quot;background_background&quot;:&quot;classic&quot;}\">\n\t\t\t\t\t\t<div class=\"elementor-container elementor-column-gap-default\">\n\t\t\t\t\t<div class=\"has_ma_el_bg_slider elementor-column elementor-col-100 elementor-top-column elementor-element elementor-element-d686091 jltma-glass-effect-no\" data-id=\"d686091\" data-element_type=\"column\">\n\t\t\t<div class=\"elementor-widget-wrap elementor-element-populated\">\n\t\t\t\t\t\t<div class=\"elementor-element elementor-element-7ec3d5e jltma-glass-effect-no elementor-widget elementor-widget-heading\" data-id=\"7ec3d5e\" data-element_type=\"widget\" data-widget_type=\"heading.default\">\n\t\t\t\t<div class=\"elementor-widget-container\">\n\t\t\t\t\t<h1 class=\"elementor-heading-title elementor-size-large\">EMENDAS FEDERAIS | CONV\u00caNIOS FEDERAIS | PER\u00cdODO: 2020 \u00e0 2024<br><\/h1>\t\t\t\t<\/div>\n\t\t\t\t<\/div>\n\t\t\t\t\t<\/div>\n\t\t<\/div>\n\t\t\t\t\t<\/div>\n\t\t<\/section>\n\t\t\t\t<section class=\"has_ma_el_bg_slider elementor-section elementor-top-section elementor-element elementor-element-97c4d30 elementor-section-boxed elementor-section-height-default elementor-section-height-default jltma-glass-effect-no\" data-id=\"97c4d30\" data-element_type=\"section\">\n\t\t\t\t\t\t<div class=\"elementor-container elementor-column-gap-default\">\n\t\t\t\t\t<div class=\"has_ma_el_bg_slider elementor-column elementor-col-100 elementor-top-column elementor-element elementor-element-7b341b7 jltma-glass-effect-no\" data-id=\"7b341b7\" data-element_type=\"column\">\n\t\t\t<div class=\"elementor-widget-wrap elementor-element-populated\">\n\t\t\t\t\t\t<div class=\"elementor-element elementor-element-2764678 elementor-widget__width-inherit elementor-widget-mobile__width-inherit jltma-glass-effect-no elementor-widget elementor-widget-html\" data-id=\"2764678\" data-element_type=\"widget\" data-widget_type=\"html.default\">\n\t\t\t\t<div class=\"elementor-widget-container\">\n\t\t\t\t\t<div class=\"spreadsheets-container\"><iframe src=\"https:\/\/docs.google.com\/spreadsheets\/d\/e\/2PACX-1vQ_u0ARxd0iXY9YexL5Jj2cVFeEcFTmCjQTtv3yp5sJRB5AO9u2mHaJrKpXVgCnzkreSDal47r9o9II\/pubhtml?widget=true&amp;headers=false\"><\/iframe><\/div>\t\t\t\t<\/div>\n\t\t\t\t<\/div>\n\t\t\t\t\t<\/div>\n\t\t<\/div>\n\t\t\t\t\t<\/div>\n\t\t<\/section>\n\t\t\t\t<section class=\"has_ma_el_bg_slider elementor-section elementor-top-section elementor-element elementor-element-232ae02 elementor-section-boxed elementor-section-height-default elementor-section-height-default jltma-glass-effect-no\" data-id=\"232ae02\" data-element_type=\"section\">\n\t\t\t\t\t\t<div class=\"elementor-container elementor-column-gap-default\">\n\t\t\t\t\t<div class=\"has_ma_el_bg_slider elementor-column elementor-col-100 elementor-top-column elementor-element elementor-element-1b7eac5 jltma-glass-effect-no\" data-id=\"1b7eac5\" data-element_type=\"column\">\n\t\t\t<div class=\"elementor-widget-wrap\">\n\t\t\t\t\t\t\t<\/div>\n\t\t<\/div>\n\t\t\t\t\t<\/div>\n\t\t<\/section>\n\t\t\t\t<\/div>\n\t\t","protected":false},"excerpt":{"rendered":"<p>EMENDAS FEDERAIS | CONV\u00caNIOS FEDERAIS | PER\u00cdODO: 2020 \u00e0 2024<\/p>\n","protected":false},"author":1,"featured_media":0,"parent":0,"menu_order":0,"comment_status":"closed","ping_status":"closed","template":"elementor_header_footer","meta":{"_monsterinsights_skip_tracking":false,"_monsterinsights_sitenote_active":false,"_monsterinsights_sitenote_note":"","_monsterinsights_sitenote_category":0,"footnotes":""},"class_list":["post-1148","page","type-page","status-publish","hentry"],"aioseo_notices":[],"_links":{"self":[{"href":"https:\/\/hnp.org.br\/site2020\/wp-json\/wp\/v2\/pages\/1148","targetHints":{"allow":["GET"]}}],"collection":[{"href":"https:\/\/hnp.org.br\/site2020\/wp-json\/wp\/v2\/pages"}],"about":[{"href":"https:\/\/hnp.org.br\/site2020\/wp-json\/wp\/v2\/types\/page"}],"author":[{"embeddable":true,"href":"https:\/\/hnp.org.br\/site2020\/wp-json\/wp\/v2\/users\/1"}],"replies":[{"embeddable":true,"href":"https:\/\/hnp.org.br\/site2020\/wp-json\/wp\/v2\/comments?post=1148"}],"version-history":[{"count":106,"href":"https:\/\/hnp.org.br\/site2020\/wp-json\/wp\/v2\/pages\/1148\/revisions"}],"predecessor-version":[{"id":1540,"href":"https:\/\/hnp.org.br\/site2020\/wp-json\/wp\/v2\/pages\/1148\/revisions\/1540"}],"wp:attachment":[{"href":"https:\/\/hnp.org.br\/site2020\/wp-json\/wp\/v2\/media?parent=1148"}],"curies":[{"name":"wp","href":"https:\/\/api.w.org\/{rel}","templated":true}]}}